

{"id":7876,"date":"2025-03-15T04:59:20","date_gmt":"2025-03-15T04:59:20","guid":{"rendered":"https:\/\/www.homeapartmentsjerez.com\/protecion-de-datos\/"},"modified":"2025-03-15T14:43:56","modified_gmt":"2025-03-15T14:43:56","slug":"protecion-de-datos","status":"publish","type":"page","link":"https:\/\/www.homeapartmentsjerez.com\/es\/protecion-de-datos\/","title":{"rendered":"Protecci\u00f3n de datos"},"content":{"rendered":"<p><strong>Protecci\u00f3n de Datos<\/strong><\/p>\n<p><strong>\u00a0<\/strong>Como consecuencia de la navegaci\u00f3n en la web y de la cumplimentaci\u00f3n de los formularios de la web, el usuario acepta que los datos personales por \u00e9l facilitados o que se faciliten en el futuro a trav\u00e9s de dicho servicio, sean objeto de tratamiento en ficheros de datos de car\u00e1cter personal de Amelia Garcia Hualde NIF 72706526F.<\/p>\n<p>Para cualquier consulta o para ejercer sus derechos en materia de protecci\u00f3n de datos, el usuario puede dirigirse al contacto proporcionado en la p\u00e1gina principal.<\/p>\n<p><strong>Finalidad del tratamiento, base legal y destinatarios de la informaci\u00f3n<\/strong><\/p>\n<p>Los datos se utilizan para:<\/p>\n<ul>\n<li>Registrar y atender las solicitudes realizadas por los usuarios a trav\u00e9s del formulario de la web para procesar su reserva<\/li>\n<li>La prestaci\u00f3n y administraci\u00f3n los servicios de Amelia Garc\u00eda Hualde, la tramitaci\u00f3n de reservas y el cobro de servicios a trav\u00e9s de web de terminal de cobro, gesti\u00f3n de incidencias, quejas y procedimientos legales.<\/li>\n<\/ul>\n<p>Utilizaci\u00f3n de los formularios de la web<\/p>\n<ul>\n<li>Finalidad: atender las solicitudes realizadas a trav\u00e9s de los formularios web.<\/li>\n<li>Legitimaci\u00f3n: consentimiento expresado al utilizar y enviar el formulario.<\/li>\n<li>Destinatarios: Amelia Garc\u00eda Hualde<\/li>\n<\/ul>\n<p>Prestaci\u00f3n de servicios<\/p>\n<ul>\n<li>Finalidad: prestar los servicios incluyendo gesti\u00f3n de reservas de alojamiento y alquiler vacacional y pago.<\/li>\n<li>Enviar informaci\u00f3n sobre los servicios de Amelia Garc\u00eda Hualde por medios electr\u00f3nicos.<\/li>\n<li>Legitimaci\u00f3n: ejecuci\u00f3n del contrato o prestaci\u00f3n del servicio.<\/li>\n<li>Destinatarios: Amelia Garc\u00eda Hualde<\/li>\n<\/ul>\n<p><strong>Veracidad de los datos<\/strong><\/p>\n<p>El usuario debe rellenar los formularios con datos verdaderos, exactos, completos y actuales. El usuario no introducir\u00e1 datos correspondientes a otra persona; Amelia Garc\u00eda Hualde presumir\u00e1 que los datos han sido facilitados por el titular de los mismos. El usuario ser\u00e1 el \u00fanico responsable de cualquier da\u00f1o o perjuicio, directo o indirecto que pudiera ocasionar a cualquier persona a causa de la cumplimentaci\u00f3n del formulario con datos relativos a otra persona.<\/p>\n<p><strong>Derechos de acceso, rectificaci\u00f3n, supresi\u00f3n, oposici\u00f3n y otros<\/strong><\/p>\n<p>El titular de los datos tiene en todo momento el derecho de acceder, rectificar, y suprimir los datos que lo conciernen, as\u00ed como oponerse al tratamiento de sus datos, en los t\u00e9rminos recogidos en la legislaci\u00f3n de protecci\u00f3n de datos. Tambi\u00e9n tiene derecho a solicitar: la portabilidad de sus datos, la revocaci\u00f3n del consentimiento prestado en su caso y la limitaci\u00f3n del tratamiento.<br \/>\nEl titular de los datos puede ejercer estos derechos mediante escrito dirigido por correo postal a Amelia Garc\u00eda Hualde (referencia PROTECCI\u00d3N DATOS) Pago Esparragosa, buz\u00f3n 28 11550 Chipiona (Espa\u00f1a), debiendo incluir esta comunicaci\u00f3n solicitud indicando la actuaci\u00f3n que se solicita.<\/p>\n<p>El titular de los datos, si considera que el tratamiento de sus datos infringe la legislaci\u00f3n de protecci\u00f3n de datos, puede realizar una queja ante las autoridades de control de protecci\u00f3n de datos.<\/p>\n<p><strong>Menores de edad<\/strong><br \/>\nSe proh\u00edbe la utilizaci\u00f3n de los servicios web de Amelia Garc\u00eda Hualde a personas menores de 18 a\u00f1os.<\/p>\n<p><strong>Seguridad de los datos<\/strong><\/p>\n<p>Amelia Garc\u00eda Hualde tiene una de las tecnolog\u00edas m\u00e1s seguras en cuanto a la protecci\u00f3n de datos de su tarjeta de cr\u00e9dito se refiere. Asimismo, cumple todas las normas internacionales que legislan la materia. Todos los apartados de Amelia Garc\u00eda Hualde donde solicitamos informaci\u00f3n sensible utilizan el protocolo de comunicaci\u00f3n SSL. Esto quiere decir que la informaci\u00f3n que viaja a trav\u00e9s de Internet desde su ordenador hasta nuestro servidor lo hace codificada, haci\u00e9ndolos indescifrables a cualquier persona ajena. Esta tecnolog\u00eda asegura y garantiza, que sus datos no podr\u00e1n ser interceptados, manipulados o suplantados, de ninguna manera. De esta forma el pago a trav\u00e9s de Internet es hoy en d\u00eda tan seguro como la compra directa.<\/p>\n<p><strong>\u00bfQu\u00e9 significa SSL?<\/strong><\/p>\n<p>El SSL (Secure Socket Layer) es una tecnolog\u00eda est\u00e1ndar de seguridad en Internet. Aplica un sistema de encriptaci\u00f3n (codificaci\u00f3n) que proporciona la m\u00e1xima confidencialidad de los datos que nos transmiten. As\u00ed se impide la entrada il\u00edcita o intercepci\u00f3n en un sistema mientras los datos circulan por Internet. Para mayor seguridad, estos datos se almacenan en un servidor seguro protegido<\/p>\n","protected":false},"excerpt":{"rendered":"<p>Protecci\u00f3n de Datos \u00a0Como consecuencia de la navegaci\u00f3n en la web y de la cumplimentaci\u00f3n [&#038;hellip<\/p>\n","protected":false},"author":5,"featured_media":0,"parent":0,"menu_order":0,"comment_status":"closed","ping_status":"closed","template":"","meta":{"footnotes":""},"class_list":["post-7876","page","type-page","status-publish","hentry"],"_links":{"self":[{"href":"https:\/\/www.homeapartmentsjerez.com\/es\/wp-json\/wp\/v2\/pages\/7876","targetHints":{"allow":["GET"]}}],"collection":[{"href":"https:\/\/www.homeapartmentsjerez.com\/es\/wp-json\/wp\/v2\/pages"}],"about":[{"href":"https:\/\/www.homeapartmentsjerez.com\/es\/wp-json\/wp\/v2\/types\/page"}],"author":[{"embeddable":true,"href":"https:\/\/www.homeapartmentsjerez.com\/es\/wp-json\/wp\/v2\/users\/5"}],"replies":[{"embeddable":true,"href":"https:\/\/www.homeapartmentsjerez.com\/es\/wp-json\/wp\/v2\/comments?post=7876"}],"version-history":[{"count":3,"href":"https:\/\/www.homeapartmentsjerez.com\/es\/wp-json\/wp\/v2\/pages\/7876\/revisions"}],"predecessor-version":[{"id":7977,"href":"https:\/\/www.homeapartmentsjerez.com\/es\/wp-json\/wp\/v2\/pages\/7876\/revisions\/7977"}],"wp:attachment":[{"href":"https:\/\/www.homeapartmentsjerez.com\/es\/wp-json\/wp\/v2\/media?parent=7876"}],"curies":[{"name":"wp","href":"https:\/\/api.w.org\/{rel}","templated":true}]}}