

{"id":1051,"date":"2017-07-06T10:55:08","date_gmt":"2017-07-06T10:55:08","guid":{"rendered":"https:\/\/www.homeapartmentsjerez.com\/?page_id=1051\/"},"modified":"2023-02-08T09:00:35","modified_gmt":"2023-02-08T09:00:35","slug":"notre-philosophie","status":"publish","type":"page","link":"https:\/\/www.homeapartmentsjerez.com\/fr\/apartements\/notre-philosophie\/","title":{"rendered":"Notre philosophie"},"content":{"rendered":"<p><em>Ces 10 derni\u00e8res ann\u00e9es nous avons acquis plusieurs\u00a0<\/em><i>appartements dans le centre historique de Jerez<\/i><\/p>\n<p><strong>Pourquoi \u00e0 Jerez de la Frontera ?<\/strong><\/p>\n<p>Jerez de la Frontera se situe au coeur de ce que nous pourrions qualifier d&rsquo;Andalousie r\u00e9elle. Hormis l&rsquo;int\u00e9r\u00eat \u00e9vident que Jerez a en soit, c&rsquo;est en effet une ville tr\u00e8s active, elle est a une heure de tout ce qui peut vous paraitre digne d&rsquo;int\u00e9r\u00eat en Andalousie.<\/p>\n<p>Seville (que ce soit en voiture ou en train direct) , de nombreux villages blancs (Vejer de la frontera, Arcos de la Frontera,&#8230;) \u00a0toutes les plages de la c\u00f4te de Cadiz (sanlucar de barrameda, Chipiona, rota, Conil de la frontera, Barbate, &#8230;)<\/p>\n<p><strong>Pourquoi nos appartements sont si diff\u00e9rents?<\/strong><\/p>\n<p>Sans rentrer dans le d\u00e9tail de toute notre vie, nous pourrions cependant la r\u00e9sumer en disant que nous vivons nous m\u00eame plusieurs mois par an en dehors de l&rsquo;Espagne pour des raisons familiales (notre famille est pr\u00e9sente sur trois continents), nous avons donc une id\u00e9e assez pr\u00e9cise des besoins d&rsquo;une personne qui va venir vivre d&rsquo;une mani\u00e8re temporaire dans un lieu inconnu.<\/p>\n<p>En outre, nous vivons \u00e9galement dans chacun des appartements que nous avons; nous aimons faire la cuisine, nous distraire : regarder la t\u00e9l\u00e9 dans plusieurs langues, regarder des films, \u00e9couter de la musique, lire, nous avons besoin d&rsquo;un acc\u00e8s internet fiable &#8230; Nos appartements, nous l&rsquo;esp\u00e9rons, offrent le niveau de confort et de services de votre propre maison.<\/p>\n<p><strong>Les\u00a0<\/strong><b>derni\u00e8res\u00a0distinctions et communications &#8230;<\/b><\/p>\n<p><br \/><a href=\"https:\/\/www.homeapartmentsjerez.com\/wp-content\/uploads\/2017\/07\/Art\u00edculoDiarioCadiz_losOlivosJerez_Booking-reducido-web-format.jpg\"><img loading=\"lazy\" decoding=\"async\" class=\"aligncenter size-full wp-image-959\" src=\"https:\/\/www.homeapartmentsjerez.com\/wp-content\/uploads\/2017\/07\/Art\u00edculoDiarioCadiz_losOlivosJerez_Booking-reducido-web-format.jpg\" alt=\"\" width=\"558\" height=\"537\" srcset=\"https:\/\/www.homeapartmentsjerez.com\/wp-content\/uploads\/2017\/07\/Art\u00edculoDiarioCadiz_losOlivosJerez_Booking-reducido-web-format.jpg 558w, https:\/\/www.homeapartmentsjerez.com\/wp-content\/uploads\/2017\/07\/Art\u00edculoDiarioCadiz_losOlivosJerez_Booking-reducido-web-format-300x289.jpg 300w\" sizes=\"auto, (max-width: 558px) 100vw, 558px\" \/><\/a><\/p>\n\n\n<div class=\"wp-block-image\"><figure class=\"aligncenter\"><img loading=\"lazy\" decoding=\"async\" width=\"600\" height=\"600\" src=\"https:\/\/www.homeapartmentsjerez.com\/wp-content\/uploads\/2019\/02\/social_media_lasnaranjas.png\" alt=\"\" class=\"wp-image-3735\" srcset=\"https:\/\/www.homeapartmentsjerez.com\/wp-content\/uploads\/2019\/02\/social_media_lasnaranjas.png 600w, https:\/\/www.homeapartmentsjerez.com\/wp-content\/uploads\/2019\/02\/social_media_lasnaranjas-150x150.png 150w, https:\/\/www.homeapartmentsjerez.com\/wp-content\/uploads\/2019\/02\/social_media_lasnaranjas-300x300.png 300w\" sizes=\"auto, (max-width: 600px) 100vw, 600px\" \/><\/figure><\/div>\n\n\n\n<div class=\"wp-block-image\"><figure class=\"aligncenter\"><img loading=\"lazy\" decoding=\"async\" width=\"600\" height=\"600\" src=\"https:\/\/www.homeapartmentsjerez.com\/wp-content\/uploads\/2019\/02\/social_media_losolivos.png\" alt=\"\" class=\"wp-image-3736\" srcset=\"https:\/\/www.homeapartmentsjerez.com\/wp-content\/uploads\/2019\/02\/social_media_losolivos.png 600w, https:\/\/www.homeapartmentsjerez.com\/wp-content\/uploads\/2019\/02\/social_media_losolivos-150x150.png 150w, https:\/\/www.homeapartmentsjerez.com\/wp-content\/uploads\/2019\/02\/social_media_losolivos-300x300.png 300w\" sizes=\"auto, (max-width: 600px) 100vw, 600px\" \/><\/figure><\/div>\n\n\n\n<div class=\"wp-block-image\"><figure class=\"aligncenter\"><img loading=\"lazy\" decoding=\"async\" width=\"600\" height=\"600\" src=\"https:\/\/www.homeapartmentsjerez.com\/wp-content\/uploads\/2019\/02\/social_media_homeapartment.png\" alt=\"\" class=\"wp-image-3737\" srcset=\"https:\/\/www.homeapartmentsjerez.com\/wp-content\/uploads\/2019\/02\/social_media_homeapartment.png 600w, https:\/\/www.homeapartmentsjerez.com\/wp-content\/uploads\/2019\/02\/social_media_homeapartment-150x150.png 150w, https:\/\/www.homeapartmentsjerez.com\/wp-content\/uploads\/2019\/02\/social_media_homeapartment-300x300.png 300w\" sizes=\"auto, (max-width: 600px) 100vw, 600px\" \/><\/figure><\/div>\n","protected":false},"excerpt":{"rendered":"<p>Ces 10 derni\u00e8res ann\u00e9es nous avons acquis plusieurs\u00a0appartements dans le centre historique de Jerez Pourquoi [&#038;hellip<\/p>\n","protected":false},"author":1,"featured_media":0,"parent":994,"menu_order":0,"comment_status":"closed","ping_status":"closed","template":"","meta":{"footnotes":""},"class_list":["post-1051","page","type-page","status-publish","hentry"],"_links":{"self":[{"href":"https:\/\/www.homeapartmentsjerez.com\/fr\/wp-json\/wp\/v2\/pages\/1051","targetHints":{"allow":["GET"]}}],"collection":[{"href":"https:\/\/www.homeapartmentsjerez.com\/fr\/wp-json\/wp\/v2\/pages"}],"about":[{"href":"https:\/\/www.homeapartmentsjerez.com\/fr\/wp-json\/wp\/v2\/types\/page"}],"author":[{"embeddable":true,"href":"https:\/\/www.homeapartmentsjerez.com\/fr\/wp-json\/wp\/v2\/users\/1"}],"replies":[{"embeddable":true,"href":"https:\/\/www.homeapartmentsjerez.com\/fr\/wp-json\/wp\/v2\/comments?post=1051"}],"version-history":[{"count":6,"href":"https:\/\/www.homeapartmentsjerez.com\/fr\/wp-json\/wp\/v2\/pages\/1051\/revisions"}],"predecessor-version":[{"id":3739,"href":"https:\/\/www.homeapartmentsjerez.com\/fr\/wp-json\/wp\/v2\/pages\/1051\/revisions\/3739"}],"up":[{"embeddable":true,"href":"https:\/\/www.homeapartmentsjerez.com\/fr\/wp-json\/wp\/v2\/pages\/994"}],"wp:attachment":[{"href":"https:\/\/www.homeapartmentsjerez.com\/fr\/wp-json\/wp\/v2\/media?parent=1051"}],"curies":[{"name":"wp","href":"https:\/\/api.w.org\/{rel}","templated":true}]}}