

{"id":1696,"date":"2017-07-07T15:44:11","date_gmt":"2017-07-07T15:44:11","guid":{"rendered":"https:\/\/www.homeapartmentsjerez.com\/apartements\/escuelas-25\/data-sheet\/"},"modified":"2023-02-08T09:07:55","modified_gmt":"2023-02-08T09:07:55","slug":"data-sheet","status":"publish","type":"page","link":"https:\/\/www.homeapartmentsjerez.com\/fr\/apartements\/escuelas-25\/data-sheet\/","title":{"rendered":"Chiffres cl\u00e9s"},"content":{"rendered":"<h2>L&rsquo;appartement de\u00a065 m\u00e8tres carr\u00e9s<\/h2>\n<p>Le patio et la terrasse appartiennent \u00e0 l&rsquo;immeuble et sont donc non privatifs<\/p>\n<p>adresse : Calle escuelas 25 , 11403 jerez de la Frontera<\/p>\n<p>T\u00e9l\u00e9phone de l&rsquo;appartement : 856 652 790\u202c<\/p>\n<p>Acc\u00e8s internet par fibre optique (Fournisseur Orange)<\/p>\n<h2>\u00c9quipement<\/h2>\n<p>Cuisine enti\u00e8rement \u00e9quip\u00e9e<\/p>\n<ul>\n<li>Lave vaisselle, four traditionnel, four \u00e0 micro ondes, blender, presse oranges, machine \u00e0 caf\u00e9 classique, machine \u00e0 caf\u00e9 expresso, grille pain&#8230;<\/li>\n<li>Couverts pour 8 personnes ( assiettes, couverts &#8230;)<\/li>\n<li>l&rsquo;indispensable pour commencer \u00e0 cuisiner : sel, poivre, huile d&rsquo;olive, caf\u00e9, th\u00e9, &#8230;.<\/li>\n<\/ul>\n<h2>Appareil \u00e9lectriques<\/h2>\n<ul>\n<li>air conditionn\u00e9 et chauffage: Haier 3Kw<\/li>\n<li>\u00c9quipement de t\u00e9l\u00e9vision: t\u00e9l\u00e9vision Samsung courb\u00e9 de 6 \u00e8me g\u00e9n\u00e9ration de 49\u00a0\u00bb, Apple tv de 4\u00e8me g\u00e9n\u00e9ration avec notamment Netflix HD illimit\u00e9<\/li>\n<li>Acc\u00e8s Internet \u00a0de type fibre optique d\u00e9di\u00e9 pour l&rsquo;appartement<\/li>\n<\/ul>\n<h2>Salle de bain<\/h2>\n<ul>\n<li>Machine \u00e0 laver avec les diff\u00e9rents produits associ\u00e9s, s\u00e8che cheveux<\/li>\n<li>Douche d&rsquo;une superficie de 2 m\u00e8tres carr\u00e9 avec un banc en pierre \u00e0 l&rsquo;int\u00e9rieur de la douche, Syst\u00e8me de douche GROHE poss\u00e8dent un certain nombre de fonctions : pluie fine, fontaine &#8230;&#8230;.<\/li>\n<\/ul>\n<h2>Lits<\/h2>\n<ul>\n<li>Lit de 1,5 m de large<\/li>\n<li>Sofa convertible en lit de 1,4 m de large avec en plus un matelas souple suppl\u00e9mentaire pour avoir le m\u00eame confort qu&rsquo;un lit confortable.<\/li>\n<\/ul>\n","protected":false},"excerpt":{"rendered":"<p>L&rsquo;appartement de\u00a065 m\u00e8tres carr\u00e9s Le patio et la terrasse appartiennent \u00e0 l&rsquo;immeuble et sont donc [&#038;hellip<\/p>\n","protected":false},"author":1,"featured_media":0,"parent":1055,"menu_order":0,"comment_status":"closed","ping_status":"closed","template":"","meta":{"footnotes":""},"class_list":["post-1696","page","type-page","status-publish","hentry"],"_links":{"self":[{"href":"https:\/\/www.homeapartmentsjerez.com\/fr\/wp-json\/wp\/v2\/pages\/1696","targetHints":{"allow":["GET"]}}],"collection":[{"href":"https:\/\/www.homeapartmentsjerez.com\/fr\/wp-json\/wp\/v2\/pages"}],"about":[{"href":"https:\/\/www.homeapartmentsjerez.com\/fr\/wp-json\/wp\/v2\/types\/page"}],"author":[{"embeddable":true,"href":"https:\/\/www.homeapartmentsjerez.com\/fr\/wp-json\/wp\/v2\/users\/1"}],"replies":[{"embeddable":true,"href":"https:\/\/www.homeapartmentsjerez.com\/fr\/wp-json\/wp\/v2\/comments?post=1696"}],"version-history":[{"count":5,"href":"https:\/\/www.homeapartmentsjerez.com\/fr\/wp-json\/wp\/v2\/pages\/1696\/revisions"}],"predecessor-version":[{"id":3651,"href":"https:\/\/www.homeapartmentsjerez.com\/fr\/wp-json\/wp\/v2\/pages\/1696\/revisions\/3651"}],"up":[{"embeddable":true,"href":"https:\/\/www.homeapartmentsjerez.com\/fr\/wp-json\/wp\/v2\/pages\/1055"}],"wp:attachment":[{"href":"https:\/\/www.homeapartmentsjerez.com\/fr\/wp-json\/wp\/v2\/media?parent=1696"}],"curies":[{"name":"wp","href":"https:\/\/api.w.org\/{rel}","templated":true}]}}