

{"id":1712,"date":"2017-07-07T15:56:17","date_gmt":"2017-07-07T15:56:17","guid":{"rendered":"https:\/\/www.homeapartmentsjerez.com\/apartements\/pl-del-arroyo-49\/data-sheet\/"},"modified":"2023-02-08T08:59:04","modified_gmt":"2023-02-08T08:59:04","slug":"data-sheet","status":"publish","type":"page","link":"https:\/\/www.homeapartmentsjerez.com\/fr\/apartements\/pl-del-arroyo-49\/data-sheet\/","title":{"rendered":"Chiffres cl\u00e9s"},"content":{"rendered":"<h2>L&rsquo;appartment de 115 metre carr\u00e9s et 75 metre carr\u00e9s de terrace priv\u00e9e<\/h2>\n<p>adresse : Plaza del Arroyo 49 , 11403 jerez de la frontera<\/p>\n<p>T\u00e9l\u00e9phone de l&rsquo;apartment: \u00a0956 97 15 83<\/p>\n<p>Acc\u00e8s internet par fibre optique \u00a0 ( fournisseur Orange)<\/p>\n<h2>Equipement<\/h2>\n<p>Cuisine totalement \u00e9quip\u00e9e avec<\/p>\n<ul>\n<li>Lave vaisselle 12 couverts, four micro onde et traditionnel grande taille, presse orange \u00e9lectrique, machine \u00e0 caf\u00e9 \u00a0type percolateur, grille pain&#8230;<\/li>\n<li>Couverts pour 12 personnes ( assiettes, verres, couverts&#8230;)<\/li>\n<li>tout le n\u00e9cessaire de base : sel, poivre, huile d&rsquo;olive, caf\u00e9 , th\u00e9 &#8230;.<\/li>\n<\/ul>\n<p>Cuisine simplifi\u00e9e suppl\u00e9mentaire au niveau de la terrasse<\/p>\n<h2>Appareil \u00e9lectrique<\/h2>\n<ul>\n<li>syst\u00e8me d&rsquo;air conditionn\u00e9: Haier 2 * 3Kw<\/li>\n<li>Equipement de T\u00e9l\u00e9vision: TV courb\u00e9e \u00a0Samsung de sixi\u00e8me g\u00e9n\u00e9ration avec un \u00e9cran de \u00a049\u00a0\u00bb, TV Apple de 4 \u00e8me g\u00e9n\u00e9ration, avec notamment Netflix HD unlimited , r\u00e9ception Satellite avec plus de 1000 chaines notamment toutes les chaines de t\u00e9l\u00e9vision fran\u00e7aise<\/li>\n<li>Acc\u00e8s Internet Fibre optique d&rsquo;orange<\/li>\n<\/ul>\n<h2>Salle de bain<\/h2>\n<ul>\n<li>Jacuzzi Roca \u00a0haut de gamme pour deux personnes<\/li>\n<li>Douche int\u00e9rieur au niveau de la terrasse d&rsquo;un m\u00e8tre carr\u00e9<\/li>\n<li>Machine \u00e0 laver le linge avec l&rsquo;ensemble des produits, s\u00e8che cheveux &#8230;<\/li>\n<\/ul>\n<h2>Lits<\/h2>\n<ul>\n<li>Lit de 1,6 m\u00e8tres de large<\/li>\n<li>Draps de coton \u00e9gyptien 800 fils<\/li>\n<li>Canap\u00e9 \u00a0( de 4 \u00a0m\u00e8tres de large) \u00a0qui se transforme en un lit tr\u00e8s confortable de 1,4 m\u00e8tre de large \u00a0( Innovation \/ Danemark)<\/li>\n<\/ul>\n<h2>Acc\u00e8s \u00e0 l&rsquo;appartement au travers d&rsquo;un coffre de cl\u00e9s<\/h2>\n<p><a href=\"https:\/\/www.homeapartmentsjerez.com\/wp-content\/uploads\/2018\/02\/door-for-safe-keys-deposit-box-1.jpg\"><img loading=\"lazy\" decoding=\"async\" class=\"aligncenter size-large wp-image-3287\" src=\"https:\/\/www.homeapartmentsjerez.com\/wp-content\/uploads\/2018\/02\/door-for-safe-keys-deposit-box-1-1024x768.jpg\" alt=\"\" width=\"1024\" height=\"768\" srcset=\"https:\/\/www.homeapartmentsjerez.com\/wp-content\/uploads\/2018\/02\/door-for-safe-keys-deposit-box-1-1024x768.jpg 1024w, https:\/\/www.homeapartmentsjerez.com\/wp-content\/uploads\/2018\/02\/door-for-safe-keys-deposit-box-1-300x225.jpg 300w, https:\/\/www.homeapartmentsjerez.com\/wp-content\/uploads\/2018\/02\/door-for-safe-keys-deposit-box-1-768x576.jpg 768w\" sizes=\"auto, (max-width: 1024px) 100vw, 1024px\" \/><\/a><\/p>\n<p><a href=\"https:\/\/www.homeapartmentsjerez.com\/wp-content\/uploads\/2018\/02\/detail-of-the-safe-deposit-box.jpg\"><img loading=\"lazy\" decoding=\"async\" class=\"aligncenter size-large wp-image-3289\" src=\"https:\/\/www.homeapartmentsjerez.com\/wp-content\/uploads\/2018\/02\/detail-of-the-safe-deposit-box-768x1024.jpg\" alt=\"\" width=\"768\" height=\"1024\" srcset=\"https:\/\/www.homeapartmentsjerez.com\/wp-content\/uploads\/2018\/02\/detail-of-the-safe-deposit-box-768x1024.jpg 768w, https:\/\/www.homeapartmentsjerez.com\/wp-content\/uploads\/2018\/02\/detail-of-the-safe-deposit-box-225x300.jpg 225w\" sizes=\"auto, (max-width: 768px) 100vw, 768px\" \/><\/a><\/p>\n","protected":false},"excerpt":{"rendered":"<p>L&rsquo;appartment de 115 metre carr\u00e9s et 75 metre carr\u00e9s de terrace priv\u00e9e adresse : Plaza [&#038;hellip<\/p>\n","protected":false},"author":1,"featured_media":0,"parent":1085,"menu_order":0,"comment_status":"closed","ping_status":"closed","template":"","meta":{"footnotes":""},"class_list":["post-1712","page","type-page","status-publish","hentry"],"_links":{"self":[{"href":"https:\/\/www.homeapartmentsjerez.com\/fr\/wp-json\/wp\/v2\/pages\/1712","targetHints":{"allow":["GET"]}}],"collection":[{"href":"https:\/\/www.homeapartmentsjerez.com\/fr\/wp-json\/wp\/v2\/pages"}],"about":[{"href":"https:\/\/www.homeapartmentsjerez.com\/fr\/wp-json\/wp\/v2\/types\/page"}],"author":[{"embeddable":true,"href":"https:\/\/www.homeapartmentsjerez.com\/fr\/wp-json\/wp\/v2\/users\/1"}],"replies":[{"embeddable":true,"href":"https:\/\/www.homeapartmentsjerez.com\/fr\/wp-json\/wp\/v2\/comments?post=1712"}],"version-history":[{"count":9,"href":"https:\/\/www.homeapartmentsjerez.com\/fr\/wp-json\/wp\/v2\/pages\/1712\/revisions"}],"predecessor-version":[{"id":3659,"href":"https:\/\/www.homeapartmentsjerez.com\/fr\/wp-json\/wp\/v2\/pages\/1712\/revisions\/3659"}],"up":[{"embeddable":true,"href":"https:\/\/www.homeapartmentsjerez.com\/fr\/wp-json\/wp\/v2\/pages\/1085"}],"wp:attachment":[{"href":"https:\/\/www.homeapartmentsjerez.com\/fr\/wp-json\/wp\/v2\/media?parent=1712"}],"curies":[{"name":"wp","href":"https:\/\/api.w.org\/{rel}","templated":true}]}}