

{"id":1718,"date":"2017-07-07T18:50:35","date_gmt":"2017-07-07T18:50:35","guid":{"rendered":"https:\/\/www.homeapartmentsjerez.com\/maison-en-bord-de-mer\/data-sheet-casa\/"},"modified":"2025-03-15T15:19:14","modified_gmt":"2025-03-15T15:19:14","slug":"data-sheet-casa","status":"publish","type":"page","link":"https:\/\/www.homeapartmentsjerez.com\/fr\/maison-en-bord-de-mer\/data-sheet-casa\/","title":{"rendered":"Chiffres cl\u00e9s"},"content":{"rendered":"<h2>La maison<\/h2>\n<p>La maison mesure 130 m\u00e8tres carr\u00e9s dans un terrain priv\u00e9 de 2 560 m\u00e8tres carr\u00e9s qui vous est d\u00e9di\u00e9 (sur un total d&rsquo;environ 4 300 m\u00e8tres carr\u00e9s)<\/p>\n<p>La maison poss\u00e8de deux chambres,avec une capacit\u00e9 maximum de 6 personnes\u00a0 qui peuvent profiter de la maison et des installations<\/p>\n<p>adresse : Pago Esparragoza buz\u00f3n 28, 11550 Chipiona<\/p>\n<p>&nbsp;<\/p>\n<h2>Cuisine<\/h2>\n<p>Cuisine totalement \u00e9quip\u00e9e pour cuisiner avec :<\/p>\n<ul>\n<li>Lave vaisselle 12 couverts, four et cuisini\u00e8re \u00e0 gaz, micro ondes, \u00a0presse agrumes \u00e9lectrique, machine \u00e0 caf\u00e9 type espresso, grille pain &#8230;<\/li>\n<\/ul>\n<h2>Cuisine d&rsquo;\u00e9t\u00e9<\/h2>\n<p>Plancha \u00e0 gaz (bouteille de gaz fournie); barbecue \u00e0 charbon de bois (le charbon de bois n&rsquo;est pas fourni)<\/p>\n<h2>Appareil \u00e9lectrique<\/h2>\n<ul>\n<li>syst\u00e8me air conditionn\u00e9 \u00a0: Haier 3Kw\u00a0 (une unit\u00e9 est pr\u00e9sente dans chaque chambre)<\/li>\n<li>Un chauffage suppl\u00e9mentaire est pr\u00e9sent dans le salon (fonctionnent de novembre \u00e0 mars)<\/li>\n<li>T\u00e9l\u00e9vision Samsung de \u00a049\u00a0\u00bb dans le salon ainsi qu&rsquo;une autre Samsung de 32\u00a0\u00bb dans la cuisine, Apple TV de derni\u00e8re g\u00e9n\u00e9ration,<\/li>\n<li>Acc\u00e8s Internet<\/li>\n<\/ul>\n<p>&nbsp;<\/p>\n<h2>Piscine et Jacuzzi (non chauff\u00e9s)<\/h2>\n<ul>\n<li>La taille de la piscine est de \u00a015,5 m* 5,5 m<\/li>\n<li>Le Jacuzzi permet de contenir jusqu\u2019\u00e0 12 personnes.<\/li>\n<\/ul>\n<h2>Lits<\/h2>\n<ul>\n<li>Lit de 1,6 m\u00e8tres de large dans la chambre sup\u00e9rieur<\/li>\n<li>2 lits individuels dans la chambre double<\/li>\n<li>Un canap\u00e9 lit<\/li>\n<\/ul>\n<p>&nbsp;<\/p>\n<p>&nbsp;<\/p>\n<p>&nbsp;<\/p>\n","protected":false},"excerpt":{"rendered":"<p>La maison La maison mesure 130 m\u00e8tres carr\u00e9s dans un terrain priv\u00e9 de 2 560 [&#038;hellip<\/p>\n","protected":false},"author":1,"featured_media":0,"parent":995,"menu_order":0,"comment_status":"closed","ping_status":"closed","template":"","meta":{"footnotes":""},"class_list":["post-1718","page","type-page","status-publish","hentry"],"_links":{"self":[{"href":"https:\/\/www.homeapartmentsjerez.com\/fr\/wp-json\/wp\/v2\/pages\/1718","targetHints":{"allow":["GET"]}}],"collection":[{"href":"https:\/\/www.homeapartmentsjerez.com\/fr\/wp-json\/wp\/v2\/pages"}],"about":[{"href":"https:\/\/www.homeapartmentsjerez.com\/fr\/wp-json\/wp\/v2\/types\/page"}],"author":[{"embeddable":true,"href":"https:\/\/www.homeapartmentsjerez.com\/fr\/wp-json\/wp\/v2\/users\/1"}],"replies":[{"embeddable":true,"href":"https:\/\/www.homeapartmentsjerez.com\/fr\/wp-json\/wp\/v2\/comments?post=1718"}],"version-history":[{"count":7,"href":"https:\/\/www.homeapartmentsjerez.com\/fr\/wp-json\/wp\/v2\/pages\/1718\/revisions"}],"predecessor-version":[{"id":4777,"href":"https:\/\/www.homeapartmentsjerez.com\/fr\/wp-json\/wp\/v2\/pages\/1718\/revisions\/4777"}],"up":[{"embeddable":true,"href":"https:\/\/www.homeapartmentsjerez.com\/fr\/wp-json\/wp\/v2\/pages\/995"}],"wp:attachment":[{"href":"https:\/\/www.homeapartmentsjerez.com\/fr\/wp-json\/wp\/v2\/media?parent=1718"}],"curies":[{"name":"wp","href":"https:\/\/api.w.org\/{rel}","templated":true}]}}