

{"id":2419,"date":"2017-07-23T18:27:41","date_gmt":"2017-07-23T18:27:41","guid":{"rendered":"https:\/\/www.homeapartmentsjerez.com\/about-jerez\/maps\/"},"modified":"2023-02-08T09:04:13","modified_gmt":"2023-02-08T09:04:13","slug":"maps","status":"publish","type":"page","link":"https:\/\/www.homeapartmentsjerez.com\/fr\/jerez\/maps\/","title":{"rendered":"Cartes"},"content":{"rendered":"<p><strong>On parle du centre de Jerez mais un certain nombre de confusions existent entre : \u00ab\u00a0centre\u00a0\u00bb, \u00ab\u00a0centre historique\u00a0\u00bb, \u00ab\u00a0centre urbain\u00a0\u00bb&#8230; et au final vous vous retrouvez en dehors de tout et de toutes activit\u00e9s.<\/strong><\/p>\n<p><strong>Afin de rendre les choses plus claires, vous voudrez bien trouver ci apr\u00e8s les principaux lieux dans le centre historique de Jerez \u00e0 ne pas manquer et des cartes th\u00e9matiques sur le vin, flamenco , shopping &#8230;<\/strong><\/p>\n<p>&nbsp;<\/p>\n<ol>\n<li><strong>Plaza Plateros est la place principale ou se trouvent restaurants et bar et cela s&rsquo;\u00e9tend en\u00a0montant\u00a0jusqu&rsquo;\u00e0 la Plaza de\u00a0Arenal, (Tr\u00e8s bonne ambiance, surtout pas rester trop proche au\u00a0risque de ne pas dormir de toute la nuit)<\/strong><\/li>\n<li><strong>Teatro Villamarta est le principal\u00a0th\u00e9\u00e2tre de Jerez et le centre n\u00e9vralgiques pour toutes les activit\u00e9s de Flamenco (m\u00eame si quelques une un peu plus \u00e9loign\u00e9es sont tr\u00e8s bien)<\/strong><\/li>\n<li><strong>Cathedral et Alcazar \u00a0font parti des principaux\u00a0monuments\u00a0( ce serait comme aller \u00e0 paris pour la premi\u00e8re fois et ne pas voir la tour Eiffel)<\/strong><\/li>\n<li><strong>Calle larga est la rue principale pour tout le commerce de v\u00eatements et autres, et continue dans les rues avoisinantes<\/strong><\/li>\n<li><strong>Real Escuela ecuestre est une \u00e9cole \u00e9questre qui offre un spectacle et peut \u00eatre visiter.<\/strong><\/li>\n<li><strong>Feria, la F\u00e9ria est en fait un parc ou a lieu la Feria au mois de Mai, ce n &lsquo;est pas du tout dans le centre (comme\u00a0c&rsquo;est quasi toujours le cas \u00e0\u00a0l&rsquo;exemption de Sanlucar de Barrameda)<\/strong><\/li>\n<li><strong>Bodegas Lustau, Gonzalez Byass font parti des producteurs de vins que l&rsquo;ont peut \u00a0visiter \u00e0 Jerez qui offrent pour nous un int\u00e9r\u00eat particulier quant \u00e0 la qualit\u00e9 de leur visite mais \u00e9galement de leurs produits<\/strong><\/li>\n<\/ol>\n<h4><em>Dans chacun des dossiers de nos 4 appartements, vous trouverez un onglet carte qui vous\u00a0donnera le parcours \u00e0 pieds pour chacun des \u00e9l\u00e9ments ci dessus.<\/em><\/h4>\n<p>&nbsp;<\/p>\n<h4><strong>Nos appartements \u00e0 Jerez<\/strong><\/h4>\n<p><a href=\"https:\/\/www.homeapartmentsjerez.com\/wp-content\/uploads\/2017\/07\/our-apartments.jpg\"><img loading=\"lazy\" decoding=\"async\" class=\"aligncenter wp-image-2357\" src=\"https:\/\/www.homeapartmentsjerez.com\/wp-content\/uploads\/2017\/07\/our-apartments.jpg\" alt=\"\" width=\"690\" height=\"814\" srcset=\"https:\/\/www.homeapartmentsjerez.com\/wp-content\/uploads\/2017\/07\/our-apartments.jpg 800w, https:\/\/www.homeapartmentsjerez.com\/wp-content\/uploads\/2017\/07\/our-apartments-254x300.jpg 254w, https:\/\/www.homeapartmentsjerez.com\/wp-content\/uploads\/2017\/07\/our-apartments-768x906.jpg 768w\" sizes=\"auto, (max-width: 690px) 100vw, 690px\" \/><\/a><\/p>\n<p>&nbsp;<\/p>\n<h4>Centre historique de Jerez avec ambiance et vie locale<\/h4>\n<p><a href=\"https:\/\/www.homeapartmentsjerez.com\/wp-content\/uploads\/2017\/07\/centro-jerez-con-interes-y-ambiante.jpg\"><img loading=\"lazy\" decoding=\"async\" class=\"aligncenter wp-image-2518 size-full\" src=\"https:\/\/www.homeapartmentsjerez.com\/wp-content\/uploads\/2017\/07\/centro-jerez-con-interes-y-ambiante.jpg\" alt=\"\" width=\"800\" height=\"561\" srcset=\"https:\/\/www.homeapartmentsjerez.com\/wp-content\/uploads\/2017\/07\/centro-jerez-con-interes-y-ambiante.jpg 800w, https:\/\/www.homeapartmentsjerez.com\/wp-content\/uploads\/2017\/07\/centro-jerez-con-interes-y-ambiante-300x210.jpg 300w, https:\/\/www.homeapartmentsjerez.com\/wp-content\/uploads\/2017\/07\/centro-jerez-con-interes-y-ambiante-768x539.jpg 768w\" sizes=\"auto, (max-width: 800px) 100vw, 800px\" \/><\/a><\/p>\n<h4><\/h4>\n<h4><strong>Calle Larga : principale rue\u00a0commer\u00e7ante de Jerez<\/strong><\/h4>\n<p><a href=\"https:\/\/www.homeapartmentsjerez.com\/wp-content\/uploads\/2017\/07\/shopping-jerez.jpg\"><img loading=\"lazy\" decoding=\"async\" class=\"aligncenter size-full wp-image-2358\" src=\"https:\/\/www.homeapartmentsjerez.com\/wp-content\/uploads\/2017\/07\/shopping-jerez.jpg\" alt=\"\" width=\"550\" height=\"546\" srcset=\"https:\/\/www.homeapartmentsjerez.com\/wp-content\/uploads\/2017\/07\/shopping-jerez.jpg 550w, https:\/\/www.homeapartmentsjerez.com\/wp-content\/uploads\/2017\/07\/shopping-jerez-150x150.jpg 150w, https:\/\/www.homeapartmentsjerez.com\/wp-content\/uploads\/2017\/07\/shopping-jerez-300x298.jpg 300w\" sizes=\"auto, (max-width: 550px) 100vw, 550px\" \/><\/a><\/p>\n<p>&nbsp;<\/p>\n<h4><strong>Les Bodegas (producteurs de vins) \u00e0 Jerez<\/strong><\/h4>\n<p><a href=\"https:\/\/www.homeapartmentsjerez.com\/wp-content\/uploads\/2017\/07\/bodegas-jerez.png\"><img loading=\"lazy\" decoding=\"async\" class=\"aligncenter size-full wp-image-2354\" src=\"https:\/\/www.homeapartmentsjerez.com\/wp-content\/uploads\/2017\/07\/bodegas-jerez.png\" alt=\"\" width=\"800\" height=\"473\" srcset=\"https:\/\/www.homeapartmentsjerez.com\/wp-content\/uploads\/2017\/07\/bodegas-jerez.png 800w, https:\/\/www.homeapartmentsjerez.com\/wp-content\/uploads\/2017\/07\/bodegas-jerez-300x177.png 300w, https:\/\/www.homeapartmentsjerez.com\/wp-content\/uploads\/2017\/07\/bodegas-jerez-768x454.png 768w\" sizes=\"auto, (max-width: 800px) 100vw, 800px\" \/><\/a><\/p>\n<p>&nbsp;<\/p>\n<h4><strong>Flamenco \u00e0 Jerez<\/strong><\/h4>\n<p><a href=\"https:\/\/www.homeapartmentsjerez.com\/wp-content\/uploads\/2017\/07\/flamenco-jerez.jpg\"><img loading=\"lazy\" decoding=\"async\" class=\"aligncenter size-full wp-image-2356\" src=\"https:\/\/www.homeapartmentsjerez.com\/wp-content\/uploads\/2017\/07\/flamenco-jerez.jpg\" alt=\"\" width=\"800\" height=\"604\" srcset=\"https:\/\/www.homeapartmentsjerez.com\/wp-content\/uploads\/2017\/07\/flamenco-jerez.jpg 800w, https:\/\/www.homeapartmentsjerez.com\/wp-content\/uploads\/2017\/07\/flamenco-jerez-300x227.jpg 300w, https:\/\/www.homeapartmentsjerez.com\/wp-content\/uploads\/2017\/07\/flamenco-jerez-768x580.jpg 768w\" sizes=\"auto, (max-width: 800px) 100vw, 800px\" \/><\/a><\/p>\n<h4><strong>Bars et restaurants \u00e0 Jerez<\/strong><\/h4>\n<p><a href=\"https:\/\/www.homeapartmentsjerez.com\/wp-content\/uploads\/2017\/07\/bar-area-jerez.jpg\"><img loading=\"lazy\" decoding=\"async\" class=\"aligncenter size-full wp-image-2353\" src=\"https:\/\/www.homeapartmentsjerez.com\/wp-content\/uploads\/2017\/07\/bar-area-jerez.jpg\" alt=\"\" width=\"800\" height=\"661\" srcset=\"https:\/\/www.homeapartmentsjerez.com\/wp-content\/uploads\/2017\/07\/bar-area-jerez.jpg 800w, https:\/\/www.homeapartmentsjerez.com\/wp-content\/uploads\/2017\/07\/bar-area-jerez-300x248.jpg 300w, https:\/\/www.homeapartmentsjerez.com\/wp-content\/uploads\/2017\/07\/bar-area-jerez-768x635.jpg 768w\" sizes=\"auto, (max-width: 800px) 100vw, 800px\" \/><\/a><\/p>\n<p>&nbsp;<\/p>\n","protected":false},"excerpt":{"rendered":"<p>On parle du centre de Jerez mais un certain nombre de confusions existent entre : [&#038;hellip<\/p>\n","protected":false},"author":1,"featured_media":0,"parent":982,"menu_order":0,"comment_status":"closed","ping_status":"closed","template":"","meta":{"footnotes":""},"class_list":["post-2419","page","type-page","status-publish","hentry"],"_links":{"self":[{"href":"https:\/\/www.homeapartmentsjerez.com\/fr\/wp-json\/wp\/v2\/pages\/2419","targetHints":{"allow":["GET"]}}],"collection":[{"href":"https:\/\/www.homeapartmentsjerez.com\/fr\/wp-json\/wp\/v2\/pages"}],"about":[{"href":"https:\/\/www.homeapartmentsjerez.com\/fr\/wp-json\/wp\/v2\/types\/page"}],"author":[{"embeddable":true,"href":"https:\/\/www.homeapartmentsjerez.com\/fr\/wp-json\/wp\/v2\/users\/1"}],"replies":[{"embeddable":true,"href":"https:\/\/www.homeapartmentsjerez.com\/fr\/wp-json\/wp\/v2\/comments?post=2419"}],"version-history":[{"count":6,"href":"https:\/\/www.homeapartmentsjerez.com\/fr\/wp-json\/wp\/v2\/pages\/2419\/revisions"}],"predecessor-version":[{"id":2522,"href":"https:\/\/www.homeapartmentsjerez.com\/fr\/wp-json\/wp\/v2\/pages\/2419\/revisions\/2522"}],"up":[{"embeddable":true,"href":"https:\/\/www.homeapartmentsjerez.com\/fr\/wp-json\/wp\/v2\/pages\/982"}],"wp:attachment":[{"href":"https:\/\/www.homeapartmentsjerez.com\/fr\/wp-json\/wp\/v2\/media?parent=2419"}],"curies":[{"name":"wp","href":"https:\/\/api.w.org\/{rel}","templated":true}]}}