

{"id":2447,"date":"2017-07-23T21:53:10","date_gmt":"2017-07-23T21:53:10","guid":{"rendered":"https:\/\/www.homeapartmentsjerez.com\/c-naranjas-9\/maps-naranjas\/"},"modified":"2023-02-08T09:08:33","modified_gmt":"2023-02-08T09:08:33","slug":"maps-naranjas","status":"publish","type":"page","link":"https:\/\/www.homeapartmentsjerez.com\/fr\/apartements\/c-naranjas-9\/maps-naranjas\/","title":{"rendered":"Cartes"},"content":{"rendered":"<p><strong>Distances \u00e0 pieds \u00a0et parcours entre les principaux centres d&rsquo;int\u00e9r\u00eats de Jerez et l&rsquo;appartement:<\/strong><\/p>\n<ul>\n<li><strong>Calle larga est la rue principale des commerces, et continue dans les rues avoisinantes<\/strong><\/li>\n<\/ul>\n<p><strong><a href=\"https:\/\/www.homeapartmentsjerez.com\/wp-content\/uploads\/2017\/07\/naranjas-calle-larga.jpg\"><img loading=\"lazy\" decoding=\"async\" class=\"aligncenter size-full wp-image-2385\" src=\"https:\/\/www.homeapartmentsjerez.com\/wp-content\/uploads\/2017\/07\/naranjas-calle-larga.jpg\" alt=\"\" width=\"586\" height=\"400\" srcset=\"https:\/\/www.homeapartmentsjerez.com\/wp-content\/uploads\/2017\/07\/naranjas-calle-larga.jpg 586w, https:\/\/www.homeapartmentsjerez.com\/wp-content\/uploads\/2017\/07\/naranjas-calle-larga-300x205.jpg 300w\" sizes=\"auto, (max-width: 586px) 100vw, 586px\" \/><\/a> <\/strong><\/p>\n<p>\u00a0<\/p>\n<ul>\n<li><b>Plaza del Banco\u00a0<\/b><span style=\"font-weight: 600;\">este<\/span><b>\u00a0d\u00e9but de la zone des restaurants<\/b><\/li>\n<\/ul>\n<p><a href=\"https:\/\/www.homeapartmentsjerez.com\/wp-content\/uploads\/2017\/07\/naranjas-plaza-del-banco.jpg\"><img loading=\"lazy\" decoding=\"async\" class=\"aligncenter size-full wp-image-2388\" src=\"https:\/\/www.homeapartmentsjerez.com\/wp-content\/uploads\/2017\/07\/naranjas-plaza-del-banco.jpg\" alt=\"\" width=\"600\" height=\"306\" srcset=\"https:\/\/www.homeapartmentsjerez.com\/wp-content\/uploads\/2017\/07\/naranjas-plaza-del-banco.jpg 600w, https:\/\/www.homeapartmentsjerez.com\/wp-content\/uploads\/2017\/07\/naranjas-plaza-del-banco-300x153.jpg 300w\" sizes=\"auto, (max-width: 600px) 100vw, 600px\" \/><\/a><\/p>\n<p>\u00a0<\/p>\n<ul>\n<li><strong>Teatro Villamarta est le principal\u00a0th\u00e9\u00e2tre de Jerez et le centre n\u00e9vralgiques pour toutes les activit\u00e9s de Flamenco (m\u00eame si quelques une un peu plus \u00e9loign\u00e9es sont tr\u00e8s bien)<\/strong><\/li>\n<\/ul>\n<p><a href=\"https:\/\/www.homeapartmentsjerez.com\/wp-content\/uploads\/2017\/07\/naranjas-teatro-villamarta.jpg\"><img loading=\"lazy\" decoding=\"async\" class=\"aligncenter size-full wp-image-2393\" src=\"https:\/\/www.homeapartmentsjerez.com\/wp-content\/uploads\/2017\/07\/naranjas-teatro-villamarta.jpg\" alt=\"\" width=\"457\" height=\"400\" srcset=\"https:\/\/www.homeapartmentsjerez.com\/wp-content\/uploads\/2017\/07\/naranjas-teatro-villamarta.jpg 457w, https:\/\/www.homeapartmentsjerez.com\/wp-content\/uploads\/2017\/07\/naranjas-teatro-villamarta-300x263.jpg 300w\" sizes=\"auto, (max-width: 457px) 100vw, 457px\" \/><\/a><\/p>\n<p>\u00a0<\/p>\n<ul>\n<li><strong>Plaza Plateros est la place principale ou se trouvent restaurants et bar et cela s&rsquo;\u00e9tend en\u00a0montant\u00a0jusqu&rsquo;\u00e0 la Plaza de\u00a0Arenal, (Tr\u00e8s bonne ambiance, surtout pas rester trop proche au\u00a0risque de ne pas dormir de toute la nuit)<\/strong><\/li>\n<\/ul>\n<p><a href=\"https:\/\/www.homeapartmentsjerez.com\/wp-content\/uploads\/2017\/07\/naranjas-plateros.jpg\"><img loading=\"lazy\" decoding=\"async\" class=\"aligncenter size-full wp-image-2392\" src=\"https:\/\/www.homeapartmentsjerez.com\/wp-content\/uploads\/2017\/07\/naranjas-plateros.jpg\" alt=\"\" width=\"488\" height=\"400\" srcset=\"https:\/\/www.homeapartmentsjerez.com\/wp-content\/uploads\/2017\/07\/naranjas-plateros.jpg 488w, https:\/\/www.homeapartmentsjerez.com\/wp-content\/uploads\/2017\/07\/naranjas-plateros-300x246.jpg 300w\" sizes=\"auto, (max-width: 488px) 100vw, 488px\" \/><\/a><\/p>\n<p>\u00a0<\/p>\n<ul>\n<li><strong>Cathedral et Alcazar \u00a0font parti des principaux\u00a0monuments\u00a0( ce serait comme aller \u00e0 paris pour la premi\u00e8re fois et ne pas voir la tour Eiffel)<\/strong><\/li>\n<\/ul>\n<p><a href=\"https:\/\/www.homeapartmentsjerez.com\/wp-content\/uploads\/2017\/07\/naranjas-alcazar.jpg\"><img loading=\"lazy\" decoding=\"async\" class=\"aligncenter size-full wp-image-2389\" src=\"https:\/\/www.homeapartmentsjerez.com\/wp-content\/uploads\/2017\/07\/naranjas-alcazar.jpg\" alt=\"\" width=\"404\" height=\"400\" srcset=\"https:\/\/www.homeapartmentsjerez.com\/wp-content\/uploads\/2017\/07\/naranjas-alcazar.jpg 404w, https:\/\/www.homeapartmentsjerez.com\/wp-content\/uploads\/2017\/07\/naranjas-alcazar-150x150.jpg 150w, https:\/\/www.homeapartmentsjerez.com\/wp-content\/uploads\/2017\/07\/naranjas-alcazar-300x297.jpg 300w\" sizes=\"auto, (max-width: 404px) 100vw, 404px\" \/><\/a><\/p>\n<ul>\n<li><strong>Feria, la F\u00e9ria est en fait un parc ou a lieu la Feria au mois de Mai, ce n &lsquo;est pas du tout dans le centre (comme\u00a0c&rsquo;est quasi toujours le cas \u00e0\u00a0l&rsquo;exemption de Sanlucar de Barrameda)<\/strong><\/li>\n<\/ul>\n<p><a href=\"https:\/\/www.homeapartmentsjerez.com\/wp-content\/uploads\/2017\/07\/naranjas-feria.jpg\"><img loading=\"lazy\" decoding=\"async\" class=\"aligncenter size-full wp-image-2386\" src=\"https:\/\/www.homeapartmentsjerez.com\/wp-content\/uploads\/2017\/07\/naranjas-feria.jpg\" alt=\"\" width=\"576\" height=\"400\" srcset=\"https:\/\/www.homeapartmentsjerez.com\/wp-content\/uploads\/2017\/07\/naranjas-feria.jpg 576w, https:\/\/www.homeapartmentsjerez.com\/wp-content\/uploads\/2017\/07\/naranjas-feria-300x208.jpg 300w\" sizes=\"auto, (max-width: 576px) 100vw, 576px\" \/><\/a><\/p>\n<p>\u00a0<\/p>\n<p>\u00a0<\/p>\n<ul>\n<li><strong>Real Escuela ecuestre est une \u00e9cole \u00e9questre qui offre un spectacle et peut \u00eatre visiter.<\/strong><\/li>\n<\/ul>\n\n\n<div class=\"wp-block-image\"><figure class=\"aligncenter is-resized\"><img loading=\"lazy\" decoding=\"async\" src=\"https:\/\/www.homeapartmentsjerez.com\/wp-content\/uploads\/2019\/02\/naranjas-horses-1.jpg\" alt=\"\" class=\"wp-image-3729\" width=\"509\" height=\"550\" srcset=\"https:\/\/www.homeapartmentsjerez.com\/wp-content\/uploads\/2019\/02\/naranjas-horses-1.jpg 370w, https:\/\/www.homeapartmentsjerez.com\/wp-content\/uploads\/2019\/02\/naranjas-horses-1-278x300.jpg 278w\" sizes=\"auto, (max-width: 509px) 100vw, 509px\" \/><\/figure><\/div>\n\n\n\n<ul class=\"wp-block-list\"><li><strong>Bodegas Lustau, Gonzalez Byass font parti des producteurs de vins que l&rsquo;ont peut \u00a0visiter \u00e0 Jerez qui offrent pour nous un int\u00e9r\u00eat particulier quant \u00e0 la qualit\u00e9 de leur visite mais \u00e9galement de leurs produits<\/strong><\/li><\/ul>\n\n\n\n<div class=\"wp-block-image\"><figure class=\"aligncenter\"><img loading=\"lazy\" decoding=\"async\" width=\"561\" height=\"400\" src=\"https:\/\/www.homeapartmentsjerez.com\/wp-content\/uploads\/2019\/02\/naranjas-bodega-lustau-1.jpg\" alt=\"\" class=\"wp-image-3730\" srcset=\"https:\/\/www.homeapartmentsjerez.com\/wp-content\/uploads\/2019\/02\/naranjas-bodega-lustau-1.jpg 561w, https:\/\/www.homeapartmentsjerez.com\/wp-content\/uploads\/2019\/02\/naranjas-bodega-lustau-1-300x214.jpg 300w\" sizes=\"auto, (max-width: 561px) 100vw, 561px\" \/><\/figure><\/div>\n","protected":false},"excerpt":{"rendered":"<p>Distances \u00e0 pieds \u00a0et parcours entre les principaux centres d&rsquo;int\u00e9r\u00eats de Jerez et l&rsquo;appartement: Calle [&#038;hellip<\/p>\n","protected":false},"author":1,"featured_media":0,"parent":1121,"menu_order":0,"comment_status":"closed","ping_status":"closed","template":"","meta":{"footnotes":""},"class_list":["post-2447","page","type-page","status-publish","hentry"],"_links":{"self":[{"href":"https:\/\/www.homeapartmentsjerez.com\/fr\/wp-json\/wp\/v2\/pages\/2447","targetHints":{"allow":["GET"]}}],"collection":[{"href":"https:\/\/www.homeapartmentsjerez.com\/fr\/wp-json\/wp\/v2\/pages"}],"about":[{"href":"https:\/\/www.homeapartmentsjerez.com\/fr\/wp-json\/wp\/v2\/types\/page"}],"author":[{"embeddable":true,"href":"https:\/\/www.homeapartmentsjerez.com\/fr\/wp-json\/wp\/v2\/users\/1"}],"replies":[{"embeddable":true,"href":"https:\/\/www.homeapartmentsjerez.com\/fr\/wp-json\/wp\/v2\/comments?post=2447"}],"version-history":[{"count":3,"href":"https:\/\/www.homeapartmentsjerez.com\/fr\/wp-json\/wp\/v2\/pages\/2447\/revisions"}],"predecessor-version":[{"id":3733,"href":"https:\/\/www.homeapartmentsjerez.com\/fr\/wp-json\/wp\/v2\/pages\/2447\/revisions\/3733"}],"up":[{"embeddable":true,"href":"https:\/\/www.homeapartmentsjerez.com\/fr\/wp-json\/wp\/v2\/pages\/1121"}],"wp:attachment":[{"href":"https:\/\/www.homeapartmentsjerez.com\/fr\/wp-json\/wp\/v2\/media?parent=2447"}],"curies":[{"name":"wp","href":"https:\/\/api.w.org\/{rel}","templated":true}]}}