

{"id":2455,"date":"2017-07-23T21:58:05","date_gmt":"2017-07-23T21:58:05","guid":{"rendered":"https:\/\/www.homeapartmentsjerez.com\/apartements\/c-s-fernando-1\/maps-san-fernando\/"},"modified":"2023-02-08T08:55:59","modified_gmt":"2023-02-08T08:55:59","slug":"maps-san-fernando","status":"publish","type":"page","link":"https:\/\/www.homeapartmentsjerez.com\/fr\/apartements\/c-s-fernando-1\/maps-san-fernando\/","title":{"rendered":"Cartes"},"content":{"rendered":"<strong>Distances \u00e0 pieds \u00a0et parcours entre les principaux centres d&rsquo;int\u00e9r\u00eats de Jerez et l&rsquo;appartement:<\/strong>\n\n<strong>Teatro Villamarta est le principal\u00a0th\u00e9\u00e2tre de Jerez et le centre n\u00e9vralgiques pour toutes les activit\u00e9s de Flamenco (m\u00eame si quelques une un peu plus \u00e9loign\u00e9es sont tr\u00e8s bien)<\/strong>\n\n\n<div class=\"wp-block-image\">\n<figure class=\"aligncenter\"><img loading=\"lazy\" decoding=\"async\" width=\"499\" height=\"400\" class=\"wp-image-3760\" src=\"https:\/\/www.homeapartmentsjerez.com\/wp-content\/uploads\/2019\/02\/san-fernando-teatro-villamarta-1.jpg\" alt=\"\" srcset=\"https:\/\/www.homeapartmentsjerez.com\/wp-content\/uploads\/2019\/02\/san-fernando-teatro-villamarta-1.jpg 499w, https:\/\/www.homeapartmentsjerez.com\/wp-content\/uploads\/2019\/02\/san-fernando-teatro-villamarta-1-300x240.jpg 300w\" sizes=\"auto, (max-width: 499px) 100vw, 499px\" \/><\/figure>\n<\/div>\n\n\n<strong>Real Escuela ecuestre est une \u00e9cole \u00e9questre qui offre un spectacle et peut \u00eatre visiter.<\/strong>\n\n\n<div class=\"wp-block-image\">\n<figure class=\"aligncenter is-resized\"><img loading=\"lazy\" decoding=\"async\" class=\"wp-image-3762\" src=\"https:\/\/www.homeapartmentsjerez.com\/wp-content\/uploads\/2019\/02\/san-fernando-horses-2.jpg\" alt=\"\" width=\"506\" height=\"546\" srcset=\"https:\/\/www.homeapartmentsjerez.com\/wp-content\/uploads\/2019\/02\/san-fernando-horses-2.jpg 371w, https:\/\/www.homeapartmentsjerez.com\/wp-content\/uploads\/2019\/02\/san-fernando-horses-2-278x300.jpg 278w\" sizes=\"auto, (max-width: 506px) 100vw, 506px\" \/><\/figure>\n<\/div>\n\n\n<strong>Plaza Plateros est la place principale ou se trouvent restaurants et bar et cela s&rsquo;\u00e9tend en\u00a0montant\u00a0jusqu&rsquo;\u00e0 la Plaza de\u00a0Arenal, (Tr\u00e8s bonne ambiance, surtout pas rester trop proche au\u00a0risque de ne pas dormir de toute la nuit)<\/strong>\n\n<a href=\"https:\/\/www.homeapartmentsjerez.com\/wp-content\/uploads\/2017\/07\/san-fernando-plateros-2.jpg\"><img loading=\"lazy\" decoding=\"async\" class=\"aligncenter size-full wp-image-2403\" src=\"https:\/\/www.homeapartmentsjerez.com\/wp-content\/uploads\/2017\/07\/san-fernando-plateros-2.jpg\" alt=\"\" width=\"504\" height=\"400\" srcset=\"https:\/\/www.homeapartmentsjerez.com\/wp-content\/uploads\/2017\/07\/san-fernando-plateros-2.jpg 504w, https:\/\/www.homeapartmentsjerez.com\/wp-content\/uploads\/2017\/07\/san-fernando-plateros-2-300x238.jpg 300w\" sizes=\"auto, (max-width: 504px) 100vw, 504px\" \/><\/a>\n\n<strong>Calle larga est la rue principale pour tout le commerce et continue dans les rues avoisinantes<\/strong>\n\n<a href=\"https:\/\/www.homeapartmentsjerez.com\/wp-content\/uploads\/2017\/07\/san-fernando-plaza-del-banco.jpg\"><img loading=\"lazy\" decoding=\"async\" class=\"aligncenter size-full wp-image-2398\" src=\"https:\/\/www.homeapartmentsjerez.com\/wp-content\/uploads\/2017\/07\/san-fernando-plaza-del-banco.jpg\" alt=\"\" width=\"600\" height=\"343\" srcset=\"https:\/\/www.homeapartmentsjerez.com\/wp-content\/uploads\/2017\/07\/san-fernando-plaza-del-banco.jpg 600w, https:\/\/www.homeapartmentsjerez.com\/wp-content\/uploads\/2017\/07\/san-fernando-plaza-del-banco-300x172.jpg 300w\" sizes=\"auto, (max-width: 600px) 100vw, 600px\" \/><\/a>\n\n<strong>Cathedral et Alcazar \u00a0font parti des principaux\u00a0monuments\u00a0<\/strong>\n\n<a href=\"https:\/\/www.homeapartmentsjerez.com\/wp-content\/uploads\/2017\/07\/san-fernando-alcazar.jpg\"><img loading=\"lazy\" decoding=\"async\" class=\"aligncenter size-full wp-image-2399\" src=\"https:\/\/www.homeapartmentsjerez.com\/wp-content\/uploads\/2017\/07\/san-fernando-alcazar.jpg\" alt=\"\" width=\"532\" height=\"400\" srcset=\"https:\/\/www.homeapartmentsjerez.com\/wp-content\/uploads\/2017\/07\/san-fernando-alcazar.jpg 532w, https:\/\/www.homeapartmentsjerez.com\/wp-content\/uploads\/2017\/07\/san-fernando-alcazar-300x226.jpg 300w\" sizes=\"auto, (max-width: 532px) 100vw, 532px\" \/><\/a>\n\n<a href=\"https:\/\/www.homeapartmentsjerez.com\/wp-content\/uploads\/2017\/07\/san-fernando-cathedral.jpg\"><img loading=\"lazy\" decoding=\"async\" class=\"aligncenter size-full wp-image-2401\" src=\"https:\/\/www.homeapartmentsjerez.com\/wp-content\/uploads\/2017\/07\/san-fernando-cathedral.jpg\" alt=\"\" width=\"390\" height=\"400\" srcset=\"https:\/\/www.homeapartmentsjerez.com\/wp-content\/uploads\/2017\/07\/san-fernando-cathedral.jpg 390w, https:\/\/www.homeapartmentsjerez.com\/wp-content\/uploads\/2017\/07\/san-fernando-cathedral-293x300.jpg 293w\" sizes=\"auto, (max-width: 390px) 100vw, 390px\" \/><\/a>\n\n<strong>Bodegas Lustau, Gonzalez Byass font parti des producteurs de vins que l&rsquo;ont peut \u00a0visiter \u00e0 Jerez qui offrent pour nous un int\u00e9r\u00eat particulier quant \u00e0 la qualit\u00e9 de leur visite mais \u00e9galement de leurs produits<\/strong>\n\n<a href=\"https:\/\/www.homeapartmentsjerez.com\/wp-content\/uploads\/2017\/07\/san-fernando-bodega-lustau.jpg\"><img loading=\"lazy\" decoding=\"async\" class=\"aligncenter size-full wp-image-2396\" src=\"https:\/\/www.homeapartmentsjerez.com\/wp-content\/uploads\/2017\/07\/san-fernando-bodega-lustau.jpg\" alt=\"\" width=\"600\" height=\"322\" srcset=\"https:\/\/www.homeapartmentsjerez.com\/wp-content\/uploads\/2017\/07\/san-fernando-bodega-lustau.jpg 600w, https:\/\/www.homeapartmentsjerez.com\/wp-content\/uploads\/2017\/07\/san-fernando-bodega-lustau-300x161.jpg 300w\" sizes=\"auto, (max-width: 600px) 100vw, 600px\" \/><\/a>\n\n<a href=\"https:\/\/www.homeapartmentsjerez.com\/wp-content\/uploads\/2017\/07\/san-fernando-bodega-gonzalez.jpg\"><img loading=\"lazy\" decoding=\"async\" class=\"aligncenter size-full wp-image-2400\" src=\"https:\/\/www.homeapartmentsjerez.com\/wp-content\/uploads\/2017\/07\/san-fernando-bodega-gonzalez.jpg\" alt=\"\" width=\"600\" height=\"288\" srcset=\"https:\/\/www.homeapartmentsjerez.com\/wp-content\/uploads\/2017\/07\/san-fernando-bodega-gonzalez.jpg 600w, https:\/\/www.homeapartmentsjerez.com\/wp-content\/uploads\/2017\/07\/san-fernando-bodega-gonzalez-300x144.jpg 300w\" sizes=\"auto, (max-width: 600px) 100vw, 600px\" \/><\/a>\n\n<strong>Feria, la F\u00e9ria est en fait un parc ou a lieu la Feria au mois de Mai, ce n&rsquo;est pas du tout dans le centre (comme\u00a0c&rsquo;est quasi toujours le cas \u00e0\u00a0l&rsquo;exemption de Sanlucar de Barrameda)<\/strong>\n\n<a href=\"https:\/\/www.homeapartmentsjerez.com\/wp-content\/uploads\/2017\/07\/san-fernando-feria.jpg\"><img loading=\"lazy\" decoding=\"async\" class=\"aligncenter size-full wp-image-2402\" src=\"https:\/\/www.homeapartmentsjerez.com\/wp-content\/uploads\/2017\/07\/san-fernando-feria.jpg\" alt=\"\" width=\"477\" height=\"400\" srcset=\"https:\/\/www.homeapartmentsjerez.com\/wp-content\/uploads\/2017\/07\/san-fernando-feria.jpg 477w, https:\/\/www.homeapartmentsjerez.com\/wp-content\/uploads\/2017\/07\/san-fernando-feria-300x252.jpg 300w\" sizes=\"auto, (max-width: 477px) 100vw, 477px\" \/><\/a>\n<h3><\/h3>\n<h3>Distance \u00e0 pieds jusqu&rsquo;au garage priv\u00e9<\/h3>\n<a href=\"https:\/\/www.homeapartmentsjerez.com\/wp-content\/uploads\/2018\/02\/walking-to-the-garage.jpg\"><img loading=\"lazy\" decoding=\"async\" class=\"aligncenter size-large wp-image-3272\" src=\"https:\/\/www.homeapartmentsjerez.com\/wp-content\/uploads\/2018\/02\/walking-to-the-garage-1024x901.jpg\" alt=\"\" width=\"1024\" height=\"901\" srcset=\"https:\/\/www.homeapartmentsjerez.com\/wp-content\/uploads\/2018\/02\/walking-to-the-garage-1024x901.jpg 1024w, https:\/\/www.homeapartmentsjerez.com\/wp-content\/uploads\/2018\/02\/walking-to-the-garage-300x264.jpg 300w, https:\/\/www.homeapartmentsjerez.com\/wp-content\/uploads\/2018\/02\/walking-to-the-garage-768x675.jpg 768w, https:\/\/www.homeapartmentsjerez.com\/wp-content\/uploads\/2018\/02\/walking-to-the-garage.jpg 1494w\" sizes=\"auto, (max-width: 1024px) 100vw, 1024px\" \/><\/a>\n<h3>chemin en voiture jusqu&rsquo;au garage priv\u00e9 : Calle Castellanos 5<\/h3>\n<a href=\"https:\/\/www.homeapartmentsjerez.com\/wp-content\/uploads\/2018\/05\/camino-garage.jpg\"><img loading=\"lazy\" decoding=\"async\" class=\"aligncenter size-large wp-image-3370\" src=\"https:\/\/www.homeapartmentsjerez.com\/wp-content\/uploads\/2018\/05\/camino-garage-1024x841.jpg\" alt=\"\" width=\"1024\" height=\"841\" srcset=\"https:\/\/www.homeapartmentsjerez.com\/wp-content\/uploads\/2018\/05\/camino-garage-1024x841.jpg 1024w, https:\/\/www.homeapartmentsjerez.com\/wp-content\/uploads\/2018\/05\/camino-garage-300x246.jpg 300w, https:\/\/www.homeapartmentsjerez.com\/wp-content\/uploads\/2018\/05\/camino-garage-768x631.jpg 768w, https:\/\/www.homeapartmentsjerez.com\/wp-content\/uploads\/2018\/05\/camino-garage.jpg 1764w\" sizes=\"auto, (max-width: 1024px) 100vw, 1024px\" \/><\/a>","protected":false},"excerpt":{"rendered":"<p>Distances \u00e0 pieds \u00a0et parcours entre les principaux centres d&rsquo;int\u00e9r\u00eats de Jerez et l&rsquo;appartement: Teatro [&#038;hellip<\/p>\n","protected":false},"author":1,"featured_media":0,"parent":1071,"menu_order":0,"comment_status":"closed","ping_status":"closed","template":"","meta":{"footnotes":""},"class_list":["post-2455","page","type-page","status-publish","hentry"],"_links":{"self":[{"href":"https:\/\/www.homeapartmentsjerez.com\/fr\/wp-json\/wp\/v2\/pages\/2455","targetHints":{"allow":["GET"]}}],"collection":[{"href":"https:\/\/www.homeapartmentsjerez.com\/fr\/wp-json\/wp\/v2\/pages"}],"about":[{"href":"https:\/\/www.homeapartmentsjerez.com\/fr\/wp-json\/wp\/v2\/types\/page"}],"author":[{"embeddable":true,"href":"https:\/\/www.homeapartmentsjerez.com\/fr\/wp-json\/wp\/v2\/users\/1"}],"replies":[{"embeddable":true,"href":"https:\/\/www.homeapartmentsjerez.com\/fr\/wp-json\/wp\/v2\/comments?post=2455"}],"version-history":[{"count":3,"href":"https:\/\/www.homeapartmentsjerez.com\/fr\/wp-json\/wp\/v2\/pages\/2455\/revisions"}],"predecessor-version":[{"id":3774,"href":"https:\/\/www.homeapartmentsjerez.com\/fr\/wp-json\/wp\/v2\/pages\/2455\/revisions\/3774"}],"up":[{"embeddable":true,"href":"https:\/\/www.homeapartmentsjerez.com\/fr\/wp-json\/wp\/v2\/pages\/1071"}],"wp:attachment":[{"href":"https:\/\/www.homeapartmentsjerez.com\/fr\/wp-json\/wp\/v2\/media?parent=2455"}],"curies":[{"name":"wp","href":"https:\/\/api.w.org\/{rel}","templated":true}]}}