

{"id":2593,"date":"2017-08-08T14:34:12","date_gmt":"2017-08-08T14:34:12","guid":{"rendered":"https:\/\/www.homeapartmentsjerez.com\/recommandations\/jerez-de-la-frontera\/"},"modified":"2025-03-15T14:45:43","modified_gmt":"2025-03-15T14:45:43","slug":"jerez-de-la-frontera","status":"publish","type":"page","link":"https:\/\/www.homeapartmentsjerez.com\/fr\/recommandations\/jerez-de-la-frontera-2\/jerez-de-la-frontera\/","title":{"rendered":"Bars &#038; restaurants"},"content":{"rendered":"<h2 style=\"text-align: center;\">Demandez nous notre s\u00e9lection du mois !<\/h2>\n<h3>Nous avons \u00e9tablis il y a quelques ann\u00e9es une liste des restaurants avec un int\u00e9r\u00eat particulier de Jerez de la Frontera que nous mettons \u00e0 jour mensuellement. Cette liste, \u00e0 jour, vous sera fournie par whatsapp avant votre arriv\u00e9e.<\/h3>\n<p>&nbsp;<\/p>\n<p>Que signifie avec un int\u00e9r\u00eat particulier ?<\/p>\n<p>Nous avons tous des demandes diff\u00e9rentes et celles-ci \u00e9volues en fonction de notre souhait du moment. Pour ce faire, vous trouverez dans cette liste :<\/p>\n<ul>\n<li>restaurants sp\u00e9cialis\u00e9s dans les tapas (petites portions)<\/li>\n<li>restaurants dont la sp\u00e9cialit\u00e9 est la viande, le poisson, les fruits de mer<\/li>\n<li>restaurants avec un excellent rapport qualit\u00e9 \/ prix<\/li>\n<li>restaurants \u00ab\u00a0perles cach\u00e9es\u00a0\u00bb moins connus \u00e0 tort<\/li>\n<li>bars sp\u00e9cialis\u00e9s dans les vins de Jerez au tonneau directement<\/li>\n<li>bars sp\u00e9cialis\u00e9s dans les vermouth<\/li>\n<li>bars cach\u00e9s<\/li>\n<li>bars de nuit<\/li>\n<li>&#8230;.<\/li>\n<\/ul>\n<h4>Si vous avez des demandes particuli\u00e8res, n&rsquo;h\u00e9sitez pas \u00e0 nous demander ! Nous sommes \u00e0 votre disposition et vous apporterons notre connaissance locale de Jerez acquises ces 20 derni\u00e8res ann\u00e9es.<\/h4>\n<p>&nbsp;<\/p>\n<h3>Les coutumes autour des repas en Andalousie<\/h3>\n<p>Le<strong> petit d\u00e9jeuner<\/strong> (desayuno) se prend entre 8h00 et 11h00. Il se compose classiquement d&rsquo;un caf\u00e9 au lait, jus d&rsquo;orange et tartine avec huile d&rsquo;olive, tomate et jambon crue (mollete con jamon)<\/p>\n<p>Vous trouverez peu d&rsquo;endroits avec des croissants, pain au chocolat et pain de qualit\u00e9. Nous pourrons cependant vous en indiquer quelques uns.<\/p>\n<p>Le <strong>d\u00e9jeuner<\/strong> (almuerzo) se prend entre 13h30 et 16h00. Plusieurs options de d\u00e9jeuner existent : Entr\u00e9e, plat ; plats \u00e0 partager au milieu de la table, succession de tapas pour gouter un petit peu \u00e0 tout&#8230;\u00a0 En fonction des restaurants une ou plusieurs de ces options sont disponibles.<\/p>\n<p>Le <strong>diner<\/strong> (almuerzo) se prend entre 20h30 et 24h00. Plusieurs options de diner existent comme pour le d\u00e9jeuner: ap\u00e9ritif avec tapas, Entr\u00e9e, plat ; plats \u00e0 partager au milieu de la table, succession de tapas pour gouter un petit peu \u00e0 tout&#8230;<\/p>\n<h3>Traditions culinaires \u00e0 Jerez de la Frontera<\/h3>\n<p>Jerez de la Frontera tout comme le sud ouest de l&rsquo;Andalousie a une tradition culinaire, vinicole et gastronomique extr\u00eamement pr\u00e9sente. Jerez est une ville de taille moyenne (plus de 200 000 habitants) avec une offre gastronomique tr\u00e8s importante pour le sud de l&rsquo;Andalousie :<\/p>\n<ul>\n<li>plusieurs restaurants \u00e9toil\u00e9s Michelin<\/li>\n<li>un grand nombre de Bib Michelins<\/li>\n<li>des perles rares \u00e0 profusion<\/li>\n<li>les meilleurs petits d\u00e9jeuners<\/li>\n<\/ul>\n<h3>Vous aimez le vin ? (Nous aussi)<\/h3>\n<p>L&rsquo;Andalousie est tout d&rsquo;abord une terre viticole qui s&rsquo;est r\u00e9volutionn\u00e9e au cours des derni\u00e8res ann\u00e9es. Traditionnellement bas\u00e9 sur les vins de Jerez, l&rsquo;offre des viticulteurs, bog\u00e9das s&rsquo;est consid\u00e9rablement \u00e9largi pour apporter un choix incroyable.\u00a0 \u00a0Vous trouverez des vins rouges, blanc, des ap\u00e9ritif, brandy, vins fortifi\u00e9s (dit de Jerez) vins doux\u00a0 &#8230;.<\/p>\n<p><em><strong>Parmi les vins de la province de Cadiz \u00e0 d\u00e9couvrir<\/strong><\/em><\/p>\n<ul>\n<li><em>de Cadiz (Province) : Barbazul (en rouge et blanc), Garum (rouge), Samaruco (rouge), Tintilla (rouge), Entrechuelos (en blanc), Parpatana (en <\/em><i>blanc), ARX (de la Bodega Tesalia)&#8230;<\/i><\/li>\n<li><em>de Jerez : Fino (cela s&rsquo;appel\u00a0la \u00a0<strong>Manzanilla<\/strong> \u00e0 Sanlucar de Barrameda), Palo Cortado (vieux fino), Cream (fait partie des sherry qui sont un m\u00e9lange entre un vin blanc sec et un vin doux). Essayer ces vins de\u00a0pr\u00e9f\u00e9rence \u00e0 \u00a0Jerez en\u00a0<strong>RAMA<\/strong> !(ce qui signifie directement \u00e0 partir du\u00a0baril, le go\u00fbt n&rsquo;a rien \u00e0 voir)<\/em><\/li>\n<li><em>vins doux : Moscatel (souvent de Chipiona, privil\u00e9giez ce vin fait avec des\u00a0raisins s\u00e9ch\u00e9s (passas)), Pedro Jimenez<\/em><\/li>\n<\/ul>\n<p>&nbsp;<\/p>\n<div><\/div>\n<div><\/div>\n<div><\/div>\n","protected":false},"excerpt":{"rendered":"<p>Demandez nous notre s\u00e9lection du mois ! Nous avons \u00e9tablis il y a quelques ann\u00e9es [&#038;hellip<\/p>\n","protected":false},"author":1,"featured_media":0,"parent":3888,"menu_order":0,"comment_status":"closed","ping_status":"closed","template":"","meta":{"footnotes":""},"class_list":["post-2593","page","type-page","status-publish","hentry"],"_links":{"self":[{"href":"https:\/\/www.homeapartmentsjerez.com\/fr\/wp-json\/wp\/v2\/pages\/2593","targetHints":{"allow":["GET"]}}],"collection":[{"href":"https:\/\/www.homeapartmentsjerez.com\/fr\/wp-json\/wp\/v2\/pages"}],"about":[{"href":"https:\/\/www.homeapartmentsjerez.com\/fr\/wp-json\/wp\/v2\/types\/page"}],"author":[{"embeddable":true,"href":"https:\/\/www.homeapartmentsjerez.com\/fr\/wp-json\/wp\/v2\/users\/1"}],"replies":[{"embeddable":true,"href":"https:\/\/www.homeapartmentsjerez.com\/fr\/wp-json\/wp\/v2\/comments?post=2593"}],"version-history":[{"count":51,"href":"https:\/\/www.homeapartmentsjerez.com\/fr\/wp-json\/wp\/v2\/pages\/2593\/revisions"}],"predecessor-version":[{"id":5058,"href":"https:\/\/www.homeapartmentsjerez.com\/fr\/wp-json\/wp\/v2\/pages\/2593\/revisions\/5058"}],"up":[{"embeddable":true,"href":"https:\/\/www.homeapartmentsjerez.com\/fr\/wp-json\/wp\/v2\/pages\/3888"}],"wp:attachment":[{"href":"https:\/\/www.homeapartmentsjerez.com\/fr\/wp-json\/wp\/v2\/media?parent=2593"}],"curies":[{"name":"wp","href":"https:\/\/api.w.org\/{rel}","templated":true}]}}