

{"id":2598,"date":"2017-08-08T14:34:51","date_gmt":"2017-08-08T14:34:51","guid":{"rendered":"https:\/\/www.homeapartmentsjerez.com\/recommandations\/sanlucar-de-barrameda\/"},"modified":"2025-03-16T10:28:20","modified_gmt":"2025-03-16T10:28:20","slug":"sanlucar-de-barrameda","status":"publish","type":"page","link":"https:\/\/www.homeapartmentsjerez.com\/fr\/recommandations\/sanlucar-de-barrameda\/","title":{"rendered":"Sanlucar de Barrameda"},"content":{"rendered":"<h5>Etrangement Sanlucar de Barrameda est tr\u00e8s peu connu des \u00e9trangers mais principalement des espagnols pour la qualit\u00e9 de sa nourriture, de son vin (Manzanilla) et de son art de vivre. La raison principale est que son d\u00e9veloppement touristique n&rsquo;a r\u00e9ellement commenc\u00e9 que dans les ann\u00e9es 2000 alors que l&rsquo;ensemble de la province \u00a0avait d\u00e9j\u00e0 tr\u00e8s largement b\u00e9tonn\u00e9 ses c\u00f4tes. Sanlucar est vraiment \u00e0 part, et a conserv\u00e9 la vie d&rsquo;un gros village (pr\u00e8s de 85 000 habitants) avec une tradition gastronomique \u00e0 prix tr\u00e8s raisonnable !<\/h5>\n<p>Voici un article qui vous permettra d&rsquo;am\u00e9liorer le cas \u00e9ch\u00e9ant vos connaissances :<\/p>\n<p><a href=\"https:\/\/fr.wikipedia.org\/wiki\/Sanl\u00facar_de_Barrameda\" target=\"_blank\" rel=\"noopener\">https:\/\/fr.wikipedia.org\/wiki\/Sanl\u00facar_de_Barrameda<\/a><\/p>\n<h5>Les recommendations ci-apr\u00e8s sont les endroits o\u00f9 nous allons nous m\u00eame et que nous avons mis en ligne au moment de mettre \u00e0 jour cute page. Nous la mettons \u00e0 jour quasi tous les\u00a0moister les chefs de cuisine changent et la qualit\u00e9 aussi. Nous \u00a0connaissons bien \u00e9videmment bien plus de restaurants que ceux que nous indiquons ici, n&rsquo;h\u00e9sitez donc pas \u00e0 nous interroger, au pire nous vous donnerons juste des informations factuelles sur ce que vous pouvez en attendre \u00a0!<\/h5>\n<p>&nbsp;<\/p>\n<h3>Le centre ville bas autour de \u00a0\u201cLa plaza del Cabildo\u201d<\/h3>\n<p>La Plaza del Cabildo (o\u00f9 se trouve la grande fontaine) est la place principale de Sanlucar \u00a0et regorge de restaurants, bars qu&rsquo;au moins un d&rsquo;entre eux devrait pouvoir vous ravir.<\/p>\n<h4><strong>Casa Balbino<\/strong><\/h4>\n<p>Nous aimons sans restrictions<\/p>\n<ul>\n<li>la tortilla de camarones est une cr\u00eape de toute petites crevettes s\u00e9ch\u00e9es dans l&rsquo;estuaire du Guadalquivir<\/li>\n<li>cazuela de gambas con ajo (une casolette de crevettes cuitent dans l&rsquo;ail et l&rsquo;huile d&rsquo;olive),<\/li>\n<li>pastel de atun (p\u00e2t\u00e9 de thon)<\/li>\n<\/ul>\n<p>et tellement d&rsquo;autres plats que vous pouvez vois dans la vitrine r\u00e9frig\u00e9r\u00e9e et sur le menu au mur. \u00a0Vous pouvez ici essayer un verre de \u00a0<strong>Manzanilla en rama<\/strong> (vin blanc sec de Sanlucar gard\u00e9 et servi en f\u00fbt, \u00a0on l&rsquo;appel Fino quand on est \u00e0 Jerez).\u00a0Ici on commande au bar, choisissez d&rsquo;abord votre serveur et revenez vois toujours le m\u00eame, il \u00e9crira vos diff\u00e9rentes commandes sur le comptoir directement ou sur un papier quand il y a beaucoup de monde. Vous paierez quand vous aurez fini de manger. Pour la fameuse\u00a0tortilla de camarones, en juillet \/ ao\u00fbt il faut \u00eatre patient et prendre un ticket ! \u00a0Beaucoup de succ\u00e8s mais la qualit\u00e9 et le prix sont identique tout au long de l&rsquo;ann\u00e9e.<\/p>\n<p>&nbsp;<\/p>\n<p>Autres options autour de la Plaza del Cabildo<\/p>\n<h4><strong>Taberna de la Gitana<\/strong><\/h4>\n<h4><strong>La Barbiana <\/strong><\/h4>\n<h4><strong>Trasiego (<\/strong>Plaza de la Victoria, \u00a0sur la droite de la Plaza del cabildo) :<\/h4>\n<p>une cuisine fra\u00eeche traditionnelle et inventive avec un tr\u00e8s bon rapport qualit\u00e9 \/ prix. Cette petite place est plus tranquille que la plaza del cabildo.<\/p>\n<h4><strong>Toni<\/strong> ( \u00e0 la fin de la Plaza del Cabildo)<\/h4>\n<p>l&rsquo;unique glacier artisanal de\u00a0Sanl\u00facar, et \u00e7a vaut vraiment le coup<\/p>\n<h4><strong>Pizzeta &amp; caff\u00e9 (\u00e0 gauche de la plaza del\u00a0<\/strong><b>cabildo) : <\/b><\/h4>\n<p>la\u00a0meilleure pizza de \u00a0Sanl\u00facar pour nous<\/p>\n<p>&nbsp;<\/p>\n<p>5 minutes en dehors de la plaza del cabildo<\/p>\n<p>&nbsp;<\/p>\n<h4><strong>Bar Ramirez (\u00a0jambon\u00a0ib\u00e9rique pata n\u00e9gra, chorizo, saucisson \u00a0sont ses sp\u00e9cialit\u00e9s)<\/strong><\/h4>\n<p>Plaza de la Salle 5, Sanl\u00facar de Barrameda,\u00a0Tel: 956 363 10<\/p>\n<p>C&rsquo;est un bar comme il y en a plein, mais avec de tr\u00e8s bon produits.<\/p>\n<h4><strong>La Lobera (Le choix de nos h\u00f4tes)<\/strong><\/h4>\n<p><span class=\"_Xbe\">Av. del Cerro Fal\u00f3n, 32, 11540 Sanl\u00facar de Barrameda<\/span>,\u00a0Tel: <span class=\"_Xbe _ZWk kno-fv\"><span data-dtype=\"d3ph\">956 38 91 47<\/span><\/span><\/p>\n<p>Ce restaurant est 5 min en dehors du centre, et curieusement ne faisait pas partie de nos recommendations initiales alors que nous le connaissons depuis des ann\u00e9es. Les plats qui sortent de la cuisine sont savoureux et bien pr\u00e9sent\u00e9s . Ils travaillent tr\u00e8s bien le thon et le boeuf Retinto. Le prix d&rsquo;un plat est sup\u00e9rieur aux autres de 1\/2 euros et le cadre \u00a0du restaurant n&rsquo;a rien de particulier. Mais cela reste un \u00a0bon choix, avec des professionnels s\u00e9rieux qui travaillent toute l&rsquo;ann\u00e9e de la m\u00eame mani\u00e8re.<\/p>\n<p><strong>Si vous souhaitez acheter des\u00a0produits frais:<\/strong><\/p>\n<p>Le march\u00e9 de la Calzada est totalement obligatoire en particulier pour le poisson, du mardi au samedi (vous pouvez vous garer juste en dessous de la Calzada). C&rsquo;est \u00e0 une minute \u00e0 pieds de la plaza del Cabildo. Vendredi et Samedi les prix augmentent de 10% avec l&rsquo;arriv\u00e9e des s\u00e9villans qui viennent passer le week end !<\/p>\n<p>&nbsp;<\/p>\n<h4>Hermanos Infante (Viandes, salaison et plats pr\u00e9par\u00e9s)<\/h4>\n<p>Calle de la Banda Playa, 82. Sanl\u00facar de Barrameda,\u00a0Tel: 956 381 150<\/p>\n<p>Ils ont en permanence du porc ib\u00e9rique<strong> (Vous pouvez essayer notamment la Pr\u00e9sa et la Pluma) et du jambon de\u00a0porc ib\u00e9rique<\/strong> (famille des pata n\u00e9gra), sur demande ils ont de vrais \u00a0poulets de ferme<strong>\u00a0 et autres produits ib\u00e9riques : filet mignons, travers..<\/strong>. Leurs plats pr\u00e9par\u00e9s sont acceptables voir bons pour certains, cela n&rsquo;\u00e9galera cependant la cuisine maison. (Vous pouvez essayer le salmorejo, qu&rsquo;ils font le week end, el at\u00f9n encebollado &#8230;)<\/p>\n<p>&nbsp;<\/p>\n<h4><strong>Poissonier<\/strong><\/h4>\n<p>Juste \u00e0 c\u00f4t\u00e9 de Infante se trouve un \u00a0poisonnier ouvert le matin et2\/3 heures en fin d&rsquo;apr\u00e8s midi ( 7\/9 pm). <strong>Il a peu de produits, ce qui est un bon signe !<\/strong>\u00a0une p\u00eache traditionnel lui fourni quelques r\u00e9duits chaque jour, la quantit\u00e9 est donc limit\u00e9e.<\/p>\n<p>&nbsp;<\/p>\n<h4><strong>Fruits et l\u00e9gumes<\/strong><\/h4>\n<p>Sanlucar de barrameda, Chipiona, Bonanza, la colonia&#8230; \u00a0sont connus pour la qualit\u00e9 de leurs fruits et l\u00e9gumes, \u00a0on parle des pommes de terre de la Colonia, \u00a0des cl\u00e9mentine de chipiona dans toute la province<\/p>\n<p>Le centre \u00e9largi de Sanlucar regorge de marchant de fruits et l\u00e9gumes, nous allons personnelement<\/p>\n<ol>\n<li>\u00e0 l&rsquo;angle de calle Barba y Espinar et calle padre Cuevas<\/li>\n<li>\u00e0 Avenida Sevilla 5, en face du supermarch\u00e9 Mercadona<\/li>\n<\/ol>\n<p>&nbsp;<\/p>\n<h4><strong>Vins de Sanlucar<\/strong><\/h4>\n<p>La\u00a0<u>Manzanilla <\/u>fait partie de ces vins non\u00a0transportable, sauf si ils ont subis un traitement thermique ou chimique. Ils vous faudra donc l&rsquo;acheter en bouteille, par opposition \u00e0 En rama : au f\u00fbt qu&rsquo;il vous faudra acheter chez le producteur directement. \u00a0(n&rsquo;h\u00e9sitez pas \u00e0 nous demander, nous vous pr\u00e9senterons \u00e0 quelques uns de nos voisins)<\/p>\n<p>&nbsp;<\/p>\n<h4><strong>Bodegas Arg\u00fceso<\/strong>.<\/h4>\n<p>Calle Mar, 8. San\u00facar de Barrameda,\u00a0Tel. 647 76 59 87<\/p>\n<p>Les meilleures Manzanilla sont \u00a0<strong><em>San Leon<\/em> and <em>La E<\/em><\/strong><\/p>\n<p>&nbsp;<\/p>\n<h4><strong>Bodegas Delgado Zuleta<\/strong><\/h4>\n<p>Av. De Roc\u00edo Jurado s\/n,\u00a0Tel. 956 36 05 43<\/p>\n<p>Ici nous appr\u00e9cions \u00a0<strong><em>La Goya<\/em><\/strong><\/p>\n<p><em>\u00a0<\/em><\/p>\n<p><b>Pour les vins rouges et blancs, ainsi que\u00a0quelques produits d&rsquo;\u00e9picerie fine<\/b><\/p>\n<h4><strong>Vilimar<\/strong><\/h4>\n<p>Calle Mar, s\/n. Local 4,\u00a0Tel. 956 36 43 08<\/p>\n<p>&nbsp;<\/p>\n<h3><u>Barrio Alto<\/u><\/h3>\n<p>Sanl\u00facar de Barrameda est compos\u00e9s de deux centres, le second est appel\u00e9 ville haute et est bien plus petit , compter 8 minutes \u00e0 pieds de la \u00a0Plaza del Cabildo. Cette partie de Sanlucar est peu connue des touristes<\/p>\n<p>Vous y d\u00e9couvrirez de nombreux producteurs de vins (bodega), paris lesquels Barbadillo qui a une visite int\u00e9ressante (contrairement \u00e0 son vin)<\/p>\n<p><a href=\"http:\/\/barbadillo.com\/en\/wine-tourism-and-attractions\/visit-barbadillo-winery\">http:\/\/barbadillo.com\/en\/wine-tourism-and-attractions\/visit-barbadillo-winery<\/a><\/p>\n<h4><strong>El Conejo :\u00a0de bonnes tapas traditionnelles<\/strong><\/h4>\n<p>calle jerez 14, 11540 Sanl\u00facar de Barrameda<\/p>\n<p>&nbsp;<\/p>\n<h4>El Espejo<\/h4>\n<p>Calle Caballeros, 11, 11540 Sanl\u00facar de Barrameda, C\u00e1diz ;\u00a0Tel\u00a0: 651 14 16 50<\/p>\n<p><a href=\"https:\/\/elespejogastrobar.com\/menus\/\">elespejogastrobar.com<\/a><\/p>\n<p>Vous \u00eates dans le quartier haut de Sanlucar parmi les bodegas et en face de la mairie. Nous aimons diner le soir tard en \u00e9t\u00e9 dans le patio de ce restaurant. Il poss\u00e8de un menu gastronomique qui est un peu marketing. Mais plus s\u00e9rieusement, la carte est du classique revisit\u00e9 pour un prix raisonnable et bien ex\u00e9cut\u00e9. La carte des vins est faible \u00e0 notre go\u00fbt malheureusement.<\/p>\n<h4>El Veranillo de Santa Ana<\/h4>\n<p>Calle Manuel Hermosilla, 2, 11540 Sanl\u00facar de Barrameda ;\u00a0Tel\u00a0: <a class=\"fl r-i4NKrpFEgF58\" title=\"Llamar a trav\u00e9s de Hangouts\" href=\"https:\/\/www.google.fr\/search?source=hp&amp;ei=M7WaW-7ZL8HMaOWHqoAN&amp;q=restaurante+el+veranillo+sanlucar+de+barrameda&amp;oq=el+veranillo+sanlucar+de+barrameda&amp;gs_l=psy-ab.1.1.0i203k1j0i22i30k1l2.138.7440.0.10892.31.23.0.0.0.0.620.2573.2-1j2j1j2.6.0....0...1.1.64.psy-ab..25.6.2573...0i19k1j0i22i30i19k1.0.DmNEz2NymTc#\" data-number=\"+34672022580\" data-pstn-out-call-url=\"\" data-rtid=\"i4NKrpFEgF58\" data-ved=\"2ahUKEwiYn8zC1rjdAhVJgxoKHY-DDVUQkAgoADATegQIChBI\">672 02 25 80<\/a><\/p>\n<p>Le restaurant se trouve entre le centre de Sanlucar et \u00a0Bajo de Guia dans une petite rue qui conduit \u00e0 la plage de Sanlucar. Il y a un an, nous recommendations ce restaurant pour ces \u00ab\u00a0riz\u00a0\u00bb qui \u00a0sont r\u00e9ellement bons. Ils ont tr\u00e8s largement pass\u00e9 ce cap et ont maintenant une carte beaucoup plus innovante, vous y trouverez notamment plusieurs mani\u00e8re de d\u00e9guster du thon, des oeufs cuit \u00e0 basse temp\u00e9rature &#8230;. \u00a0 Cela vaut vraiment la peine de le tester !<\/p>\n<p>&nbsp;<\/p>\n<h3><u>Bajo de Gu\u00eda<\/u><\/h3>\n<p>Bajo de Guia \u00a0est la zone du bord de mer (et de rivi\u00e8re) o\u00f9 se trouvent la plus part des restaurants de poissons .\u00a0Vous pouvez vous garer au d\u00e9but de la zone et apr\u00e8s c&rsquo;est enti\u00e8rement pi\u00e9tonnier.Le meilleur moment est au coucher du soleil, car vous vous trouverez en face du parc de Do\u00f1ana, de a rivi\u00e8re Guadalquivir et de l&rsquo;oc\u00e9an avec le soleil qui tombe juste en face de vous. Attention aux moustiques de temps en temps.<\/p>\n<h4><strong>Casa Bigote : c&rsquo;est le meilleur<\/strong><\/h4>\n<p>Nous pr\u00e9f\u00e9rons le bar ext\u00e9rieur personnellement, ou le bar int\u00e9rieur en hiver (r\u00e9servation impossible au bar donc il vaut mieux venir un petit peu plus t\u00f4t si vous ne souhaitez pas attendre), le restaurant est une tr\u00e8s bonne option \u00e9galement \u00a0(surtout trois tables en face de la baie vitr\u00e9e au premier \u00e9tage au moment du coucher de soleil) lorsque l&rsquo;on veut manger uniquement assis. Les plats sont quasi identiques.<\/p>\n<p>on aime<\/p>\n<ul>\n<li>corvina en salsa tartara (Corvina, poisson blanc de la baie en sauce tartare)<\/li>\n<li>hamburguesa de bacalao (hambuger de morue, id\u00e9al pour les enfants)<\/li>\n<li>tataki de atun \u2026 (dos de thon mi-cuit)<\/li>\n<\/ul>\n<p>et les plats traditionnels<\/p>\n<ul>\n<li>Gambas, langostinos (on les pr\u00e8f\u00e8re \u00a0a la plancha)<\/li>\n<li>Almejas a la marinera (entre des praires et coques)<\/li>\n<\/ul>\n<p>Prenez une \u201cmanzanilla en rama\u201d \u00e9galement ! (La naturelle qui vient directement du f\u00fbt).\u00a0Bigote est La REFERENCE : xeux des fr\u00e8res travaillent ensemble depuis trente ans et conserve cette r\u00e9putation avec des prix raisonnables. C&rsquo;est un tout petit peu plus cher que les autres mais justifi\u00e9, ils offrent les plats classiques de la r\u00e9gion mais \u00e9galement des plats un petit peu peu plus recherch\u00e9s et sont moteur pour les autres restaurants qui suivent les modes qui r\u00e9ussissent chez Bigote.<\/p>\n<p>Les autres restaurants de Bajo de Guia que nous aimons \u00e9galement :<\/p>\n<h4>Poma<\/h4>\n<h4>el Paco Secundino<\/h4>\n<h4>Casa Juan<\/h4>\n<p>Le seul restaurant dans cette rue pi\u00e9tonne ou trouver un petit peu de viande est \u00a0<strong>El Mirador de Do\u00f1ana<\/strong>, c&rsquo;est le premier restaurant \u00e0 droite au d\u00e9but de la rue pi\u00e9tonne.<\/p>\n<p>a la fin de la rue pi\u00e9tonne \u00a0(Bajo de guia) (on parle de 2 minutes \u00e0 pieds jusqu&rsquo;au bout) , vous trouverez cinq bars \u00e0 cocktails<\/p>\n<p><strong>Caf\u00e9 Azul <\/strong>est dirig\u00e9 par un couple proche de 60 ans qui ont d\u00e9di\u00e9 un partie de leur vie \u00e0 faire des cocktails. L&rsquo;ambiance y sera donc un petit peu moins jeune, mais les cocktails n&rsquo;ont rien \u00e0 voir.<\/p>\n<p>&nbsp;<\/p>\n<h4><strong>La chucha : Poisson frits pour les locaux m\u00eame en plein mois d&rsquo;ao\u00fbt(3 minutes en voiture \u00e0 partir de \u00a0Bajo de guia)<\/strong><\/h4>\n<p>Callej\u00f3n de Gu\u00eda, 8, 11540 Sanl\u00facar de Barrameda,\u00a0Tel<strong>:<\/strong><strong>\u00a0<\/strong>627 13 02 74<\/p>\n<h4><\/h4>\n<p>Un autre endroit que nous appr\u00e9cions pour profiter du coucher de soleil est dans le centre de Sanlucar au niveau de la Calzada (o\u00f9 est le march\u00e9) Monter au dernier \u00e9tage de l&rsquo;hotel Gualdalquivir et vous allez d\u00e9couvrir deux terrasses et un bar sp\u00e9cialis\u00e9 dans le gin. La vue est tr\u00e8s sympa dans une ambiance totalement ann\u00e9e 70 (comme l&rsquo;hotel)<\/p>\n<p>&nbsp;<\/p>\n<h3><u>Bonanza <\/u>(10 minutes en dehors du centre ville)<\/h3>\n<p><u>Si vous souhaitez \u00eatre en dehors de tous circuits touristique de\u00a0<\/u>\u00a0Sanl\u00facar de Barrameda (qui est tr\u00e8s loin d&rsquo;\u00eatre touristique) allez dans la direction de Bonanza (le port de p\u00eache de Sanlucar)<\/p>\n<h4><strong>Taberna der Guerrita <\/strong><\/h4>\n<p><strong>On est encore dans Sanlucar (dans la direction de Bonanza) proche de la plaza de\u00a0torros\u00a0mais dans une partie d\u00e9sert\u00e9e des visiteurs\u00a0<\/strong><b>occasionnels\u00a0<\/b><\/p>\n<p>Calle Rubi\u00f1os 43, 11540 Sanl\u00facar de Barrameda,\u00a0Tel : 856 131 335<\/p>\n<p>C&rsquo;est un bon restaurant de quartier, mais c&rsquo;est surtout un endroit extraordinaire pour participer aux d\u00e9gustation de vins qu&rsquo;ils organisent. Demander \u00e0 aller dans la Sacristia (en passant par la salle de d\u00e9gustation) afin de voir les vins qu&rsquo;ils vendent. Vous pouvez \u00e9galement acheter une bouteille de Vermouth maison.<\/p>\n<p>&nbsp;<\/p>\n<h4><strong>Avenida : Restaurant de poisson pour les locaux<\/strong><\/h4>\n<p>Av de Huelva 112D, 11540 Bonanza, Tel 956 38 07 51<\/p>\n<p>Les samedis et dimanches vous allez voir des familles enti\u00e8res manger ici, oui c&rsquo;est un bon signe<\/p>\n<p>&nbsp;<\/p>\n<h4><strong>Venta La Marisma\u00a0<\/strong>(en face de la station d&rsquo;essence)<\/h4>\n<p>Calle central 14, la Algaida, 11540 Sanl\u00facar de Barrameda<\/p>\n<p>En plus de tous les plats traditionnels, ils proposent en saison de nombreux plats de gibier<\/p>\n<p>&nbsp;<\/p>\n<h4><strong>Venta la Campana<\/strong><\/h4>\n<p>Calle Puerto de Barrameda 69, 11540 Sanl\u00facar de Barrameda<\/p>\n<p>On aime cet endroit en automne notamment pour son \u00a0pour son canard au riz, avec un canard qui a de temps en temps encore des plombs et un go\u00fbt discret de poisson par son alimentation dans les salines proches.<\/p>\n<p>&nbsp;<\/p>\n","protected":false},"excerpt":{"rendered":"<p>Etrangement Sanlucar de Barrameda est tr\u00e8s peu connu des \u00e9trangers mais principalement des espagnols pour [&#038;hellip<\/p>\n","protected":false},"author":1,"featured_media":0,"parent":2585,"menu_order":0,"comment_status":"closed","ping_status":"closed","template":"","meta":{"footnotes":""},"class_list":["post-2598","page","type-page","status-publish","hentry"],"_links":{"self":[{"href":"https:\/\/www.homeapartmentsjerez.com\/fr\/wp-json\/wp\/v2\/pages\/2598","targetHints":{"allow":["GET"]}}],"collection":[{"href":"https:\/\/www.homeapartmentsjerez.com\/fr\/wp-json\/wp\/v2\/pages"}],"about":[{"href":"https:\/\/www.homeapartmentsjerez.com\/fr\/wp-json\/wp\/v2\/types\/page"}],"author":[{"embeddable":true,"href":"https:\/\/www.homeapartmentsjerez.com\/fr\/wp-json\/wp\/v2\/users\/1"}],"replies":[{"embeddable":true,"href":"https:\/\/www.homeapartmentsjerez.com\/fr\/wp-json\/wp\/v2\/comments?post=2598"}],"version-history":[{"count":25,"href":"https:\/\/www.homeapartmentsjerez.com\/fr\/wp-json\/wp\/v2\/pages\/2598\/revisions"}],"predecessor-version":[{"id":3605,"href":"https:\/\/www.homeapartmentsjerez.com\/fr\/wp-json\/wp\/v2\/pages\/2598\/revisions\/3605"}],"up":[{"embeddable":true,"href":"https:\/\/www.homeapartmentsjerez.com\/fr\/wp-json\/wp\/v2\/pages\/2585"}],"wp:attachment":[{"href":"https:\/\/www.homeapartmentsjerez.com\/fr\/wp-json\/wp\/v2\/media?parent=2598"}],"curies":[{"name":"wp","href":"https:\/\/api.w.org\/{rel}","templated":true}]}}