

{"id":2603,"date":"2017-08-08T14:35:21","date_gmt":"2017-08-08T14:35:21","guid":{"rendered":"https:\/\/www.homeapartmentsjerez.com\/recommandations\/cadiz\/"},"modified":"2023-02-08T08:52:18","modified_gmt":"2023-02-08T08:52:18","slug":"cadiz","status":"publish","type":"page","link":"https:\/\/www.homeapartmentsjerez.com\/fr\/recommandations\/cadiz\/","title":{"rendered":"Cadiz &#038; El Puerto"},"content":{"rendered":"<h4><strong>Deux options s&rsquo;ouvrent \u00e0 vous pour aller \u00e0 Cadiz<\/strong><\/h4>\n<ol>\n<li>Rejoindre Cadiz en voiture en faisant le tour de la baie (45 minutes) et avec plusieurs inconv\u00e9nients : le parking est excessivement cher dans le centre historique de Cadiz, la route \u00e0 peu d&rsquo;int\u00e9r\u00eat et l&rsquo;entr\u00e9e dans Cadiz en passant par le pont ressemble un petit \u00e0l&rsquo;entr\u00e9e d&rsquo;une grande ville avec une avenue de 3 km, des immeubles hauts de part et d&rsquo;autres et des feux tous les 500m<\/li>\n<li>Aller \u00e0 el Puerto de Santa Maria (20 minutes de Jerez de la Frontera), laisser la voiture au terminal du ferry (pour 1 euro de l&rsquo;heure au parking du terminal ) ou gratuit si vous vous garez dans la rue (Il y a souvent des places), ensuite le ferry part environ toutes les heures directement pour le centre historique de Cadiz<\/li>\n<\/ol>\n<p><strong>Oui, nous\u00a0recommandons plut\u00f4t la 2 \u00e8me option, si vous n&rsquo;avez pas besoin de votre voiture apr\u00e8s<\/strong><\/p>\n<p>&nbsp;<\/p>\n<p>Pour avoir l&rsquo;horaire int\u00e9gral des bateaux (ferry), vous pouvez y acc\u00e9der sur le site web suivant:<\/p>\n<p><a href=\"http:\/\/www.catamaranbahiacadiz.es\/horarios.php\">www.catamaranbahiacadiz.es\/horarios.php<\/a><\/p>\n<p><a href=\"http:\/\/www.catamaranbahiacadiz.es\/tarifas.php\">http:\/\/www.catamaranbahiacadiz.es\/tarifas.php<\/a><\/p>\n<p>Vous pouvez vous garer dans la rue, juste au d\u00e9but de la rue o\u00f9 se trouve le ferry, le cout du parking du ferry est maintenant de \u00a01,5 euros \/ heure.<\/p>\n<p>Dans me centre historique de Cadiz, vous allez appr\u00e9cier le march\u00e9 central (Mercado Central de Abastos) mais \u00e9galement tous les rues avoisinantes qui s&rsquo;animent beaucoup \u00e0 l&rsquo;heure du march\u00e9 \u00a0(Plaza de la Libertad) \u00e0 la fois \u00e0 l&rsquo;heure du petit d\u00e9jeuner (10h00) au d\u00e9jeuner (14h30) et \u00e0 l&rsquo;ap\u00e9ritif en fin d&rsquo;apr\u00e8s midi.<\/p>\n<p>Pour de bonnes salaisons et tapas froides, nous appr\u00e9cions<\/p>\n<h4><strong>Taberna Casa Manteca<\/strong><\/h4>\n<p>Calle Corral\u00f3n de los Carros, 66, 11002 C\u00e1diz<\/p>\n<p>C&rsquo;est un bar typique qui sert encore ses charcuteries dans du papier directement sur le comptoir. Les prix sont raisonnables et la client\u00e8le locale (malgr\u00e9 la pr\u00e9sence sur certains sites web)<\/p>\n<p>Si vous souhaitez un vrai restaurant, nous aimons<\/p>\n<h4><strong>Resturante La Curiosidad de Mauro<\/strong><\/h4>\n<p>Calle Veedor, 10, 11003 C\u00e1diz,\u00a0Tel.: 956 99 22 88<\/p>\n<p>Il \u00e9tait pr\u00e9c\u00e9demment \u00e0 Puerto Real et le succ\u00e8s \u00e9tant, ils ont d\u00e9m\u00e9nag\u00e9. Il est indispensable de r\u00e9server pour avoir une table agr\u00e9able et le menu gastronomique est d&rsquo;un tr\u00e8s bon rapport qualit\u00e9 prix et montre r\u00e9ellement leur capacit\u00e9. Ils travaillent notamment tr\u00e8s bien la cuisson \u00e0 basse temp\u00e9rature.<\/p>\n<h3>Quand vous allez ou revenez de Cadiz : El puerto de Santa Maria<\/h3>\n<p>&nbsp;<\/p>\n<h4><strong>El Arriate (notre pr\u00e9f\u00e9r\u00e9)<\/strong><\/h4>\n<p>calle los moros, 4, 11500 El Puerto de santa maria,\u00a0Tel: 956 852 833<\/p>\n<p>Pratiquement la rue en face du terminal ferry, c&rsquo;est un restaurant typique andalous r\u00e9solument moderne avec un tr\u00e8s beau patio int\u00e9rieur. On aime beaucoup car c&rsquo;est une cuisine innovative faites des produits de la r\u00e9gion, achet\u00e9 et travaill\u00e9 chaque jour. Le chef fait partie de la ligue des jeunes chefs andalous et son \u00e9pouse est en salle.<\/p>\n<h4><strong>Cocedero y Freidur\u00eda Romerijo (tr\u00e8s connu et classique)<\/strong><\/h4>\n<p>calle Jose Antonio Romero Zarazaga 1, 11500 el puerto de santa maria,\u00a0Tel: 956 737 454<\/p>\n<p>Du tr\u00e8s classique bien\u00a0ex\u00e9cut\u00e9, poisson frit et produits de la mer<\/p>\n<h4><strong>Aponiente<\/strong><\/h4>\n<p>Calle Francisco Cossi Ochoa, 11500 el Puerto de Santa Maria,\u00a0Tel : 956 851 870<\/p>\n<p>Ils ont obtenu leurs 2 \u00e8me \u00e9toile au guide Michelin et sont donc devenus les stars de tout le sud de l&rsquo;Espagne (le seul restaurant \u00e9toil\u00e9). Leur cuisine est compos\u00e9e exclusivement de produit de la mer : poissons et fruits de mer bien sur, mais algues, salades &#8230; Il y a r\u00e9ellement une inventivit\u00e9 hors du commun et c&rsquo;est vraiment une r\u00e9f\u00e9rence. Cela vaut il les\u00a0200 \/ 300 euros \/ personne ? c&rsquo;est \u00e0 chacun de voir. en tout cas il vous faudra r\u00e9server plusieurs semaines en avance en pleine saison.<\/p>\n","protected":false},"excerpt":{"rendered":"<p>Deux options s&rsquo;ouvrent \u00e0 vous pour aller \u00e0 Cadiz Rejoindre Cadiz en voiture en faisant [&#038;hellip<\/p>\n","protected":false},"author":1,"featured_media":0,"parent":2585,"menu_order":0,"comment_status":"closed","ping_status":"closed","template":"","meta":{"footnotes":""},"class_list":["post-2603","page","type-page","status-publish","hentry"],"_links":{"self":[{"href":"https:\/\/www.homeapartmentsjerez.com\/fr\/wp-json\/wp\/v2\/pages\/2603","targetHints":{"allow":["GET"]}}],"collection":[{"href":"https:\/\/www.homeapartmentsjerez.com\/fr\/wp-json\/wp\/v2\/pages"}],"about":[{"href":"https:\/\/www.homeapartmentsjerez.com\/fr\/wp-json\/wp\/v2\/types\/page"}],"author":[{"embeddable":true,"href":"https:\/\/www.homeapartmentsjerez.com\/fr\/wp-json\/wp\/v2\/users\/1"}],"replies":[{"embeddable":true,"href":"https:\/\/www.homeapartmentsjerez.com\/fr\/wp-json\/wp\/v2\/comments?post=2603"}],"version-history":[{"count":8,"href":"https:\/\/www.homeapartmentsjerez.com\/fr\/wp-json\/wp\/v2\/pages\/2603\/revisions"}],"predecessor-version":[{"id":3601,"href":"https:\/\/www.homeapartmentsjerez.com\/fr\/wp-json\/wp\/v2\/pages\/2603\/revisions\/3601"}],"up":[{"embeddable":true,"href":"https:\/\/www.homeapartmentsjerez.com\/fr\/wp-json\/wp\/v2\/pages\/2585"}],"wp:attachment":[{"href":"https:\/\/www.homeapartmentsjerez.com\/fr\/wp-json\/wp\/v2\/media?parent=2603"}],"curies":[{"name":"wp","href":"https:\/\/api.w.org\/{rel}","templated":true}]}}