

{"id":2729,"date":"2017-08-10T18:11:52","date_gmt":"2017-08-10T18:11:52","guid":{"rendered":"https:\/\/www.homeapartmentsjerez.com\/?page_id=2729\/"},"modified":"2023-02-08T08:54:43","modified_gmt":"2023-02-08T08:54:43","slug":"seville","status":"publish","type":"page","link":"https:\/\/www.homeapartmentsjerez.com\/fr\/recommandations\/seville\/","title":{"rendered":"S\u00e9ville"},"content":{"rendered":"<h3>A partir de Jerez, il n&rsquo;est pas obligatoire de prendre la voiture pour visiter \u00a0S\u00e9ville.<\/h3>\n<p>Une option int\u00e9ressante est de prendre le train (ou le bus) de Jerez pour aller \u00e0 S\u00e9ville, cela se r\u00e9v\u00e8lera plus pratique et moins co\u00fbteux. Il existe de tr\u00e8s nombreux trains et bus chaque jour et ce toute l&rsquo;ann\u00e9e, une fois arriv\u00e9 \u00e0 S\u00e9ville la distance entre la gare et le centre historique peut se faire \u00e0 pieds ou en quelques minutes en taxi.<\/p>\n<p>Si vous allez en voiture, nous pourrons vous indiquer quelques endroits ou se garer gratuitement sans probl\u00e8me. Le parking \u00e0 S\u00e9ville peut rapidement devenir un cauchemar.<\/p>\n<p><strong>Une astuce importante \u00e0 savoir pour S\u00e9ville !<\/strong><\/p>\n<p>Pour simplifier, le centre historique de S\u00e9ville \u00e0 une forme ovale, au nord l&rsquo;\u00e9glise de la Macar\u00e9na et Alameda de Hercules, dans son centre la mairie , la plaza del salvador et au sud la cath\u00e9drale, le parc Maria luisa, quartier Alfalfa.<\/p>\n<ul>\n<li>La moiti\u00e9 sud de l&rsquo;ovale (de la cath\u00e9drale \u00e0 la mairie) est d\u00e9di\u00e9e au tourisme.<\/li>\n<li>La moiti\u00e9 nord de l&rsquo;ovale est la partie de la ville ou les s\u00e9villans vivent r\u00e9ellement.<\/li>\n<\/ul>\n<p>Pardon pour cette caricature, mais visiter tout ce que vous souhaitez au sud mais vivez au nord ! L&rsquo;int\u00e9r\u00eat de S\u00e9ville, en dehors de son int\u00e9r\u00eat architectural \u00e9vident, est dans la qualit\u00e9 de sa vie nocturne, dans sa convivialit\u00e9, dans ses bars, restaurants \u00a0&#8230; Terminer sa journ\u00e9e en mangeant une fausse paella, un verre de sangria avec un menu de photos l\u00e9gend\u00e9 en \u00a0anglais serait dommage.<\/p>\n<p>Nos endroits du moment favoris \u00e0 S\u00e9ville<\/p>\n<h4><strong>Bar Eslava<\/strong><\/h4>\n<p>Calle Eslava 3,\u00a0Tel : 954 90 65 68<\/p>\n<p>Le bar est fr\u00e9quent\u00e9 et attendre une table haute dans la rue p est tout \u00e0 fait normal, mais en signalant sa pr\u00e9sence au serveur, il le note sur un petit carnet et respecte scrupuleusement l&rsquo;ordre d&rsquo;arriv\u00e9e. Plein de tapas tr\u00e8s imaginatives, ils travaillent tr\u00e8s bien les oeufs et champignons. Tous les tapas classiques sont \u00e9galement pr\u00e9sentes et tr\u00e8s bien ex\u00e9cut\u00e9 et en plus ils ont une s\u00e9lection de vin au verre int\u00e9ressante. Le restaurant se trouve la porte \u00e0 c\u00f4t\u00e9 et ne poss\u00e8de que 6\/7 tables donc r\u00e9servation obligatoire, il est malheureusement devenu un petit peu cher.<\/p>\n<h4><strong>Restaurant Contenedor<\/strong><\/h4>\n<p>Calle San Luis 50,\u00a0Tel: 954 91 66 33<\/p>\n<p>R\u00e9servation obligatoire le soir au minimum car ce restaurant \u00e0 ses habitu\u00e9s du quartier. Les produits sont achet\u00e9s ici frais tous les jours, de saison et travaill\u00e9s le jour m\u00eame devant vous. Ils ont une cuisine simple et go\u00fbteuse dans une ambiance d\u00e9contract\u00e9e.Malheureusement ils ont pris la grosse t\u00eate, la r\u00e9servation se fait uniquement sur internet avec \u00a0un num\u00e9ro de carte de cr\u00e9dit, mais la carte et l&rsquo;\u00e9quipe en cuisine n&rsquo;a pas chang\u00e9 juste le management !<\/p>\n<h4><strong>Restaurant La Azotea<br \/>\n<\/strong><\/h4>\n<p>Calle Jesus del Gran Poder, 31,\u00a0Tel: 955 116 748<\/p>\n<p>C&rsquo;est le restaurant le plus connu parmi les 4 qu&rsquo;ils poss\u00e8dent. On aime beaucoup la qualit\u00e9 des produits de la mer qu&rsquo;ils utilisent (merci au chef venant de\u00a0 Sanlucar de Barrameda) mais ils excellent \u00e9galement sur la viande : la c\u00f4te de boeuf est plus qu&rsquo;excellente. Tout y est bon \u00e0 vraiment excellent \u00a0 facile, plus difficile pour vous de choisir maintenant !<\/p>\n<p>Ils ne prennent pas de r\u00e9servation, mais en \u00e9tant sur place au moment ou ouvre le restaurant \u00e0 20h30 vous n&rsquo;aurez aucun soucis. Vous pouvez \u00e9galement manger au bar qui est tr\u00e8s agr\u00e9able..<\/p>\n<h4><strong>Restaurant No Lugar<\/strong><\/h4>\n<p>Calle trajano 16,\u00a0Tel : 954 38 88 10<\/p>\n<p>On a l&rsquo;impression de manger \u00e0 l&rsquo;int\u00e9rieur de la cuisine directement dans une ambiance grande table de bois. La cuisine est r\u00e9alis\u00e9e avec des produits du jour avec un petit moins d&rsquo;imagination que Contenedor mais on aime bien quand m\u00eame, et on y retourne.<\/p>\n<h4><strong>Ca\u00f1abota<\/strong><\/h4>\n<p>Calle Jos\u00e9 Gestoso, 19, 41003 Sevilla,\u00a0Tel.: 954 87 02 98<\/p>\n<p>Manger du tr\u00e8s bon poisson \u00e0 S\u00e9ville avec un prix raisonnable est moins \u00e9vident qu&rsquo;\u00e0 Sanlucar. Ce restaurant est tout petit est avec une \u00a0d\u00e9coration \u00a0qui rappelle la poissonnerie que c&rsquo;\u00e9tait avant. Quelques plats tr\u00e8s r\u00e9ussie pour nous, par exemple le carpaccio de foie de morue &#8230;<\/p>\n<h4><strong>La Quinta Sevilla<\/strong><\/h4>\n<p>Plaza Padre Jer\u00f3nimo de C\u00f3rdoba, 11, 41003 Sevilla,\u00a0Tel.: 954 60 00 16<\/p>\n<p>Vous entrez dans une grande maison ou chaque pi\u00e8ce estune partie des salles \u00e0 manger au rez de chauss\u00e9 comme \u00e0 l&rsquo;\u00e9tage. La cuisine \u00e9tant au dernier \u00e9tage. Les plats sont tr\u00e8s orient\u00e9 brasserie au feu de bois. Nous avons d\u00e9jeuner dans le patio un m\u00e9morable hamburger de porc ib\u00e9rique avec foie gras et c\u00e8pes que nous avons accompagn\u00e9 d&rsquo;une pur\u00e9e de comme de terre maison : un repas complet ! Nous avons \u00e9galement essay\u00e9 un \u00ab\u00a0secreto\u00a0\u00bb (pi\u00e8ce du porc ib\u00e9rique g\u00e9n\u00e9ralement grasse et savoureuse) confit (6 heures \u00e0 basse temp\u00e9rature) et laqu\u00e9 aux \u00e9pices l\u00e9g\u00e8rement aigre douce accompagn\u00e9 de l\u00e9gume au barbecue.\u00a0 Oui\u00a0 un r\u00e9gale!\u00a0 En revanche oubliez directement les desserts, il serait plus simple de dire on se sait pas faire, et concentrer vous sur un bon vin. Bon moment assur\u00e9<\/p>\n<h4><strong>El Traga<br \/>\n<\/strong><\/h4>\n<p>Calle \u00c1guilas, 6, 41004 Sevilla,\u00a0Tel : 691 88 54 27<\/p>\n<p>C&rsquo;est un bar restaurant gastronomique qui s&rsquo;est r\u00e9cemment agrandi (d\u00e9but octobre 2017) en rachetant la boutique d\u2019\u00e0 c\u00f4t\u00e9. Ceci n&rsquo;a rien entam\u00e9 l&rsquo;ambiance, la qualit\u00e9 du service et la carte toujours aussi savoureuse. La plus part des plats peuvent \u00eatre demand\u00e9 en plus petite version (tapa) ce qui vous permettra de d\u00e9couvrir plus de saveurs et combinaisons inint\u00e9ressantes. Tr\u00e8s bonne carte de vins et quelques dessert int\u00e9ressants. Si vous r\u00e9servez \u00e0 20h30 vous serez avec de nombreux touristes, si vous r\u00e9servez \u00e0 23h00 vous serez avec des s\u00e9villans : \u00e0 vous de choisir\u00a0 Mais ici il n&rsquo;y a pas de concept de deuxi\u00e8me service avec ce que cela implique.<\/p>\n<p>&nbsp;<\/p>\n<h3>Cocktail<\/h3>\n<p>Pourquoi ne pas commencer votre soir\u00e9e par un vrai cocktail<\/p>\n<h4><strong>Le bar de l&rsquo;hotel Mercer<\/strong><\/h4>\n<div class=\"mod\" data-md=\"1002\" data-hveid=\"180\" data-ved=\"0ahUKEwjW1Oeg1PfWAhXjCsAKHd48CGEQkCkItAEoAjAW\">\n<div class=\"_eFb\">\n<div class=\"_mr kno-fb-ctx\" data-dtype=\"d3adr\" data-local-attribute=\"d3adr\" data-ved=\"0ahUKEwjW1Oeg1PfWAhXjCsAKHd48CGEQghwItQEoADAW\"><span class=\"_Xbe\">Calle Castelar, 26, 41001 Sevilla,\u00a0<\/span><span class=\"_xdb\">tel:\u00a0<\/span><span class=\"_Xbe _ZWk kno-fv\"><a class=\"fl r-iSbwJRrDWiwQ\" title=\"Llamar a trav\u00e9s de Hangouts\" data-number=\"+34954223004\" data-pstn-out-call-url=\"\" data-rtid=\"iSbwJRrDWiwQ\" data-ved=\"0ahUKEwjW1Oeg1PfWAhXjCsAKHd48CGEQkAgIugEoADAX\">954 22 30 04<\/a><\/span><\/div>\n<\/div>\n<div data-dtype=\"d3adr\" data-local-attribute=\"d3adr\" data-ved=\"0ahUKEwjW1Oeg1PfWAhXjCsAKHd48CGEQghwItQEoADAW\">L&rsquo;hotel Mercer est le seul palace (5 \u00e9toiles Grand Luxe) que compte S\u00e9ville et demeure un \u00e9tablissement vraiment diff\u00e9rent avec ses 12 chambres et ses prix un petit peu prohibitifs. Mais son bar en entrant \u00e0 gauche est un havre de paix et de bon go\u00fbt. La carte de cocktail est classique mais comporte \u00e9galement des cocktail maison (12 euros) chang\u00e9s \u00e0 chaque saison. Ceux que nous avons test\u00e9s \u00e9tait particuli\u00e8rement r\u00e9ussis.<\/div>\n<\/div>\n","protected":false},"excerpt":{"rendered":"<p>A partir de Jerez, il n&rsquo;est pas obligatoire de prendre la voiture pour visiter \u00a0S\u00e9ville. [&#038;hellip<\/p>\n","protected":false},"author":1,"featured_media":0,"parent":2585,"menu_order":0,"comment_status":"closed","ping_status":"closed","template":"","meta":{"footnotes":""},"class_list":["post-2729","page","type-page","status-publish","hentry"],"_links":{"self":[{"href":"https:\/\/www.homeapartmentsjerez.com\/fr\/wp-json\/wp\/v2\/pages\/2729","targetHints":{"allow":["GET"]}}],"collection":[{"href":"https:\/\/www.homeapartmentsjerez.com\/fr\/wp-json\/wp\/v2\/pages"}],"about":[{"href":"https:\/\/www.homeapartmentsjerez.com\/fr\/wp-json\/wp\/v2\/types\/page"}],"author":[{"embeddable":true,"href":"https:\/\/www.homeapartmentsjerez.com\/fr\/wp-json\/wp\/v2\/users\/1"}],"replies":[{"embeddable":true,"href":"https:\/\/www.homeapartmentsjerez.com\/fr\/wp-json\/wp\/v2\/comments?post=2729"}],"version-history":[{"count":13,"href":"https:\/\/www.homeapartmentsjerez.com\/fr\/wp-json\/wp\/v2\/pages\/2729\/revisions"}],"predecessor-version":[{"id":3253,"href":"https:\/\/www.homeapartmentsjerez.com\/fr\/wp-json\/wp\/v2\/pages\/2729\/revisions\/3253"}],"up":[{"embeddable":true,"href":"https:\/\/www.homeapartmentsjerez.com\/fr\/wp-json\/wp\/v2\/pages\/2585"}],"wp:attachment":[{"href":"https:\/\/www.homeapartmentsjerez.com\/fr\/wp-json\/wp\/v2\/media?parent=2729"}],"curies":[{"name":"wp","href":"https:\/\/api.w.org\/{rel}","templated":true}]}}