

{"id":2735,"date":"2017-08-10T18:13:17","date_gmt":"2017-08-10T18:13:17","guid":{"rendered":"https:\/\/www.homeapartmentsjerez.com\/?page_id=2735\/"},"modified":"2023-02-08T08:52:30","modified_gmt":"2023-02-08T08:52:30","slug":"balade-dun-jour","status":"publish","type":"page","link":"https:\/\/www.homeapartmentsjerez.com\/fr\/recommandations\/balade-dun-jour\/","title":{"rendered":"Balade d&rsquo;un jour"},"content":{"rendered":"<h3>Nous avons deux cat\u00e9gories d&rsquo;h\u00f4tes qui viennent \u00e0 Sanlucar de Barrameda et Jerez<\/h3>\n<ol>\n<li>2\/3 \u00a0jours. Ils ne connaissent pas l&rsquo;endroit, et c&rsquo;est un stop dans un voyage de 15 jours<\/li>\n<li>2\/3 semaines. Ils connaissent, aiment et veulent approfondir<\/li>\n<\/ol>\n<h5>Oui, cette partie de l&rsquo;Andalousie m\u00e9rite vraiment plusieurs semaines . Jerez de la Frontera, comme Sanlucar sont centrales dans cette Andalousie traditionnelle et permettent \u00a0de rayonner tr\u00e8s facilement partout. Nous jetons sur le site internet quelques id\u00e9es, mais en avons bien plus \u00e0 vous proposer en fonction de vos go\u00fbts et envies.<\/h5>\n<h3>Une id\u00e9e des temps de trajets :<\/h3>\n<ul>\n<li>De Jerez \u00e0 C\u00e1diz: 35 minutes<\/li>\n<li>De Jerez \u00e0 El Puerto de Santa Mar\u00eda: 25 minutes.<\/li>\n<\/ul>\n<p>depuis El Puerto de Santa Maria, vous pouvez acc\u00e9der directement au centre historique de Cadiz en prenant le bateau (ce qui est plus court et plus agr\u00e9able que de faire le tour de la baie en voiture), les horaires des bateaux sont les suivants\u00a0http:\/\/www.catamaranbahiacadiz.es\/horarios.php<\/p>\n<ul>\n<li>De Jerez \u00e0 Sanl\u00facar de Barrameda: 20 minutes<\/li>\n<li>De Jerez \u00e0 quelques villages blancs comme Arcos de la Frontera, Vejer de la Frontera: 1h00<\/li>\n<li>De Jerez \u00e0 la sierra de C\u00e1diz avec quelques villages blancs int\u00e9ressant comme como Grazalema o Zahara de la Sierra: 1h30<\/li>\n<li>De Jerez \u00e0 Ronda (qui est un chemin agr\u00e9able pour commencer \u00e0 visiter la province de Malaga): 1h45<\/li>\n<li>De Jerez \u00e0 Gibraltar: 1h15<\/li>\n<li>De Jerez \u00e0 Sevilla: 50 minutes<\/li>\n<li>De Jerez \u00e0 C\u00f3rdoba, M\u00e1laga: 2h30<\/li>\n<li>De Jerez \u00e0 Granada: 3h30<\/li>\n<\/ul>\n<p>&nbsp;<\/p>\n<p>Pour acc\u00e9der aux plages les plus proches:<\/p>\n<p>&nbsp;<\/p>\n<ul>\n<li>De Jerez aux plages de Sanl\u00facar de Barrameda: 25 minutes<\/li>\n<li>De Jerez \u00e0 la plage de Regla, en Chipiona: 30 minutes<\/li>\n<li>De Jerez \u00e0 la plage de Tres Piedras ou de Costa Ballena ( entre Chipiona et Rota): 35 minutes<\/li>\n<li>De Jerez \u00e0 la plage de Valdelagrana, en El Puerto de Santa Mar\u00eda: 30 minutes<\/li>\n<\/ul>\n<p>De Jerez \u00e0 les plages de C\u00e1diz (la Caleta, au centre de la ville): 40 minutes<\/p>\n<h3><strong>Pour les amateurs de nature<\/strong><\/h3>\n<h4>Do\u00f1ana : Le parc national de Do\u00f1ana<\/h4>\n<ul>\n<li>Il est possible de visiter le parc avec les rangers : 15 euros (1h30), 28 euros (2h30)<\/li>\n<li>Vous pouvez juste passer traverser le Guadalquivir en bateau et march\u00e9 librement sur la plage. Aucun probl\u00e8me pour vous baigner, y d\u00e9jeuner. Vous risquez seulement de partager votre d\u00e9jeuner avec quelques sangliers.<\/li>\n<\/ul>\n<ul>\n<li>Vous pouvez acc\u00e9der \u00e0 partir de Sanlucar \u00e0 un parc ouvert au public sur la m\u00eame rive que Sanlucar. Le parc est agr\u00e9able pour y faire une balade, il y a m\u00eame un parc artificiel vous permettant d&rsquo;observer la vie des oiseaux sauvages. 5jumelles obligatoires)<\/li>\n<\/ul>\n<p>Pour vous aider sur la vie ornithologique :<\/p>\n<p>http:\/\/www.cadizturismo.com\/publicaciones\/birding-cadiz?set_language=en<\/p>\n<p>nous avons beaucoup d&rsquo;ornithologistes qui viennent en octobre \/ novembre. Ils s&rsquo;appuient sur les associations locales tr\u00e8s actives<\/p>\n<h4>Les grande balades<\/h4>\n<p>Le sud de l&rsquo;Andalousie fourmille de sentiers de randonn\u00e9e, voici un des site \u00e0 consulter \u00a0:<\/p>\n<p>https:\/\/www.wikiloc.com\/trails\/hiking\/spain\/andalusia<\/p>\n<p>C&rsquo;est \u00e9galement une \u00ab\u00a0App\u00a0\u00bb sur le mobile extr\u00eamement utile<\/p>\n<h3><strong style=\"font-size: 16px;\">du c\u00f4t\u00e9 de la c\u00f4te<\/strong><\/h3>\n<h4><strong>Bolonia<\/strong><\/h4>\n<p>Bolonia fait partie des plages que nous aimons var il y en a pour tous les go\u00fbts :<\/p>\n<p>en arrivant en face une grande plage avec chiringuito (bars \/ restaurants de plage) , sur la droite une grande dune de sable toujours en bord de mer qui fait que vous pouvez vous isoler, et sur la droite en marchant 10 minutes une plage nudiste beaucoup plus tranquille m\u00eame au mois d&rsquo;aout.<\/p>\n<p>Directement sur la plage vous avez un site romain qui se visite ainsi que le mus\u00e9 : Baelo Claudia :\u00a0<a href=\"http:\/\/www.juntadeandalucia.es\/cultura\/agendaandaluciatucultura\/evento\/visitas-baelo-claudia\">http:\/\/www.juntadeandalucia.es\/cultura\/agendaandaluciatucultura\/evento\/visitas-baelo-claudia<\/a><\/p>\n<p>Ce site \u00e9tait le premier village (- 50 avant JC) qui se d\u00e9diait au thon, sa chair mais surtout ses visc\u00e8res afin de faire le Garum (Nuocmam de l&rsquo;\u00e9poque)<\/p>\n<h4><\/h4>\n<h4><strong>Conil de la Frontera<\/strong><\/h4>\n<p>Tune tr\u00e8s belle plage \u00e9galement, mais \u00e0 \u00e9viter en pleine saison en \u00e9t\u00e9<\/p>\n<p>En revanche vous trouverez \u00e0 Conil le meilleur club hippique \u00a0de la c\u00f4te:<\/p>\n<p>Monika Ostermann,\u00a0carril ladrillera Reyes 2&amp;, 11149 comible de la Frontera<\/p>\n<p>https:\/\/www.reiterferien-mit-moni.com<\/p>\n<h4><strong>Zahara de los atunes<\/strong><\/h4>\n<p>Encore une tr\u00e8s belle avec diff\u00e9rentes possibilit\u00e9s en fonction de vos go\u00fbts. Sur la partie centrale vous avez la plage classique de Zahara avec ses chiringuitos., Sur le c\u00f4t\u00e9 gauche 5 minutes en voiture vous pouvez acc\u00e9der \u00e0 la \u00a0<strong>La cala de los alemanes<\/strong>, une tr\u00e8s belle plage plus sauvage o\u00f9 l&rsquo;on peut m\u00eame faire un petit peu de plong\u00e9e. En marchant encore un petit peu plus \u00e0 gauche en passant la petite montagne, on rejoint des plages qui deviennent nudistes. Une seule choses importante \u00e0 regarder avant d&rsquo;aller vers les plages de la zone \u00e9largie de Tarifa c&rsquo;est le vent. En effet, plus de 20 km\/h cela devient difficile de rester sur ces plages.<\/p>\n<p>Le meilleur site pour v\u00e9rifier le vent est \u00a0<a href=\"http:\/\/www.windguru.cz\">www.windguru.cz<\/a><\/p>\n<h4><strong>Barbate<\/strong><\/h4>\n<p>\u00e0 l&rsquo;origine un village de p\u00eacheurs avec une tradition mill\u00e9naire pour le thon qui foisone dans ses eaux. On trouvera ici le meilleur thon rouge de toute la zone (appel\u00e9 \u00a0almadraba pour sa mani\u00e8re de l&rsquo;attraper).\u00a0Le meilleur moment pour d\u00e9guster le thon est au printemps (Avril\/mai) car le thon redescent des eaux froides charg\u00e9 de gras pour se rendre dans les eaux plus chaudes. Il remontera \u00e0 nouveaux en septembre d\u00e9charg\u00e9 de sa couche de gras qu&rsquo;il aura perdu.\u00a0Les plages de Barbate sont biens sans \u00eatre exceptionnels, mais l&rsquo;ambiance g\u00e9n\u00e9rale est agr\u00e9able<\/p>\n<h4><strong>Restaurante El Campero<\/strong><\/h4>\n<p>Avd. Constitucion, Local 5 C, 11160 Barbate,Tel.: 956 43 23 00<\/p>\n<p>Depuis de tr\u00e8s nombreuses ann\u00e9es ce restaurant est la r\u00e9f\u00e9rence da,ns la cuisine du thon. Ses prix sont un petit peu excessif mais ils servent r\u00e9ellement des produits exceptionnels et une mani\u00e8re de les pr\u00e9parer tout \u00e0 fait adapt\u00e9 (30\/50 euros par personne) . Le service est assez moyen, c&rsquo;est dommage, cela manque de chaleur et l&rsquo;on vous fait comprendre que vous \u00eates dans le meilleur restaurant. R\u00e9servation obligatoire<\/p>\n<p>&nbsp;<\/p>\n<p>Beaucoup plus local (pour ne pas dire sauvage) et excellent pour les poissons frits du jour :<\/p>\n<h4>Bar Paquete<\/h4>\n<p>C&rsquo;est tr\u00e8s proche du chemin de randonn\u00e9e qui conduit jusqu&rsquo;\u00e0 Ca\u00f1os de Meca \u00a0et se trouve exactement en face du port de p\u00eache professionnel<\/p>\n<p>138, Av. de la Mar, 11160 Barbate<\/p>\n<p>(journ\u00e9e de fermeture Mardi)<\/p>\n<p>&nbsp;<\/p>\n<h3><strong>Les villages blancs<\/strong><\/h3>\n<p>Ce sont des villages peint de blanc perch\u00e9s sur la partie sup\u00e9rieur de petites montagnes, balades tr\u00e8s agr\u00e9ables en perspectives mais avec des bouteilles d&rsquo;eau en \u00e9t\u00e9.<\/p>\n<h4><strong>Arcos de la Frontera, Vejer de la Frontera<\/strong><\/h4>\n<p>Pour Vejer, essayer de vous garer de l&rsquo;autre c\u00f4t\u00e9 du village (en le contournant) : Calle de la Merced, vous y trouverez deux parking plus proches du centre \u00e0 pieds.\u00a0Vejer est un village tr\u00e8s agr\u00e9able qui devient plus touristique en \u00e9t\u00e9 donc tristement la qualit\u00e9 gastronomique diminue un petit peu. Vous trouverez des restaurants plus agr\u00e9ables en sortant un petit peu de Vejer.<\/p>\n<p>par exemple :<\/p>\n<h4>La brasa de Rancho \u00a0Calle Sancho IV, 1 \u00a0Tel 615 591 919<\/h4>\n<p>Mille feuille de froid gras &#8230;.. et une bonne viande BBQ au feu de bois<\/p>\n<h4><strong>Restaurante El Patr\u00eda<\/strong><\/h4>\n<p>Patr\u00eda 48, La Muela, 11150 Vejer de la Frontera, Tel 956 44 84 63<\/p>\n<p>un petit peu \u00e0 l&rsquo;ext\u00e9rieur de Vejer,\u00a0Restaurant dans une jolie campagne qui vous propose des menus \u00e9clectiques de totalement v\u00e9g\u00e9tariens \u00e0 de tr\u00e8s bonnes viandes. Tout ici y est lent avec plaisir. Le GPS est une obligation pour trouver l&rsquo;endroit.<\/p>\n<p>http:\/\/restaurantepatria.com\/en\/<\/p>\n<p>&nbsp;<\/p>\n<h4><strong>Restaurante La Castilleria<\/strong><\/h4>\n<p>Pago de Santa lucia, 11150 Vejer de la frontera,\u00a0Tel: 956 45 14 97<\/p>\n<p><a href=\"http:\/\/www.restaurantecastilleria.com\">www.restaurantecastilleria.com<\/a><\/p>\n<p>Pour les amateurs de viande c&rsquo;est l&rsquo;endroit id\u00e9al. tout en gardant \u00e0 l&rsquo;esprit qu&rsquo;il n&rsquo;y a pas une tr\u00e8s grande tradition de viandes rouges dans le sud de l&rsquo;Espagne ! La cuisson lente au barbecue \u00e0 bois est ici une r\u00e8gle<\/p>\n<p><strong>\u00a0<\/strong><\/p>\n<h3><strong>l&rsquo;int\u00e9rieur des terres<\/strong><\/h3>\n<h4><strong>Sierra de Grazalema<\/strong><\/h4>\n<p>Si vous avez envie de marcher , vous promenez, faire des randonn\u00e9es dans un environnement verdoyants de petite montagnes : c&rsquo;est l&rsquo;endroit id\u00e9al.On aime beaucoup l&rsquo;ambiance locale de Grazalema qui allie traditions, bon restaurants<\/p>\n<h4>La Maroma<\/h4>\n<div class=\"blEntry address clickable colCnt2\" data-mapfilters=\"restaurants,attractions\"><span class=\"street-address\">Calle de Santa Clara<\/span> <span class=\"locality\">11610 Grazalema, tel\u00a0<\/span>956 13 22 79<\/div>\n<p>Tradition et innovations avec de tr\u00e8s bons fromages (en particulier le Payoyo)<\/p>\n<p>&nbsp;<\/p>\n<h4><strong>cela vaut il la peine d&rsquo;aller \u00e0 \u00a0Gibraltar ?<\/strong><\/h4>\n<p>Nous n&rsquo;allons pas rentrer dans des consid\u00e9rations politiques pour vous r\u00e9pondre, mais \u00eatre tr\u00e8s factuel<\/p>\n<p>C&rsquo;est un gros village sans taxes (principalement pour les alcools et cigarettes), fish and ships ainsi qu&rsquo;English breakfast sont pr\u00e9sents partout. Vous devrez tout payer en Livres Sterling et faire la queue \u00e0 la fronti\u00e8re pour rentrer \u00e0 Gibraltar. La principale attraction est le Pe\u00f1on : petit montagne remplie de singes voleurs (de nourriture) \u00a0\u00e0 partie de laquelle par temps d\u00e9gag\u00e9 on peut voir les c\u00f4tes du Maroc.<\/p>\n<p>&nbsp;<\/p>\n<h3>Aller au Maroc<\/h3>\n<p>Il est tr\u00e8s facile d&rsquo;aller \u00e0 Tanger \u00e0 partir Tarifa (si vous \u00eates \u00e0 pieds) ou Algeciras (si vous \u00eates en voiture). Vous arriverez directement dans la vieille ville \u00e0 partir de Tarifa et \u00e0 30 km d&rsquo;Algeciras. vous pouvez consulter le site de FRS<\/p>\n<p><a href=\"https:\/\/www.frs.es\/en\/\">https:\/\/www.frs.es\/en\/<\/a><\/p>\n<div><\/div>\n<p>Faire l&rsquo;aller et retour dans la journ\u00e9e est tout \u00e0 fait possible et se garer gratuitement \u00e0 Tarifa ne pose pas de probl\u00e8me. Compter 1h15 de bateau et pensez \u00e0 prendre votre passeport.<\/p>\n","protected":false},"excerpt":{"rendered":"<p>Nous avons deux cat\u00e9gories d&rsquo;h\u00f4tes qui viennent \u00e0 Sanlucar de Barrameda et Jerez 2\/3 \u00a0jours. [&#038;hellip<\/p>\n","protected":false},"author":1,"featured_media":0,"parent":2585,"menu_order":0,"comment_status":"closed","ping_status":"closed","template":"","meta":{"footnotes":""},"class_list":["post-2735","page","type-page","status-publish","hentry"],"_links":{"self":[{"href":"https:\/\/www.homeapartmentsjerez.com\/fr\/wp-json\/wp\/v2\/pages\/2735","targetHints":{"allow":["GET"]}}],"collection":[{"href":"https:\/\/www.homeapartmentsjerez.com\/fr\/wp-json\/wp\/v2\/pages"}],"about":[{"href":"https:\/\/www.homeapartmentsjerez.com\/fr\/wp-json\/wp\/v2\/types\/page"}],"author":[{"embeddable":true,"href":"https:\/\/www.homeapartmentsjerez.com\/fr\/wp-json\/wp\/v2\/users\/1"}],"replies":[{"embeddable":true,"href":"https:\/\/www.homeapartmentsjerez.com\/fr\/wp-json\/wp\/v2\/comments?post=2735"}],"version-history":[{"count":10,"href":"https:\/\/www.homeapartmentsjerez.com\/fr\/wp-json\/wp\/v2\/pages\/2735\/revisions"}],"predecessor-version":[{"id":3597,"href":"https:\/\/www.homeapartmentsjerez.com\/fr\/wp-json\/wp\/v2\/pages\/2735\/revisions\/3597"}],"up":[{"embeddable":true,"href":"https:\/\/www.homeapartmentsjerez.com\/fr\/wp-json\/wp\/v2\/pages\/2585"}],"wp:attachment":[{"href":"https:\/\/www.homeapartmentsjerez.com\/fr\/wp-json\/wp\/v2\/media?parent=2735"}],"curies":[{"name":"wp","href":"https:\/\/api.w.org\/{rel}","templated":true}]}}