

{"id":3703,"date":"2019-02-08T02:13:03","date_gmt":"2019-02-08T02:13:03","guid":{"rendered":"https:\/\/www.homeapartmentsjerez.com\/flamenco-2019\/"},"modified":"2025-03-16T10:05:23","modified_gmt":"2025-03-16T10:05:23","slug":"flamenco","status":"publish","type":"page","link":"https:\/\/www.homeapartmentsjerez.com\/fr\/recommandations\/jerez-de-la-frontera-2\/flamenco\/","title":{"rendered":"Flamenco"},"content":{"rendered":"\r\n<h3 class=\"wp-block-heading\"><strong>Jerez de la Frontera est la ville de naissance du Flamenco en Espagne<\/strong><\/h3>\r\n\r\n\r\n\r\n<p>Le meilleur moment pour vivre le flamenco est pendant le Festival du Flamenco (derni\u00e8re semaine de f\u00e9vrier et premi\u00e8re de Mars), mais \u00e9galement tout le mois de d\u00e9cembre avec les Zambombas.<\/p>\r\n\r\n\r\n\r\n<p>Mais d&rsquo;une mani\u00e8re g\u00e9n\u00e9rale, toute l&rsquo;ann\u00e9e vous pouvez vivre le flamenco \u00e0 Jerez.<\/p>\r\n\r\n\r\n\r\n<p>Flamenco est un terme g\u00e9n\u00e9rique regroupant des dances, des rythmes tr\u00e8s diff\u00e9rents appel\u00e9s palos :<\/p>\r\n\r\n\r\n\r\n<ul class=\"wp-block-list\">\r\n<li><a href=\"https:\/\/fr.wikipedia.org\/wiki\/Alegr%C3%ADa_(flamenco)\">Alegr\u00eda<\/a><\/li>\r\n<li><a href=\"https:\/\/fr.wikipedia.org\/wiki\/Buler%C3%ADa\">Buler\u00eda<\/a><\/li>\r\n<li><a href=\"https:\/\/fr.wikipedia.org\/wiki\/Ca%C3%B1a\">Ca\u00f1a<\/a><\/li>\r\n<li><a href=\"https:\/\/fr.wikipedia.org\/wiki\/Cante_jondo\">Cante jondo<\/a><\/li>\r\n<li><a href=\"https:\/\/fr.wikipedia.org\/wiki\/Canti%C3%B1as\">Canti\u00f1as<\/a><\/li>\r\n<li><a href=\"https:\/\/fr.wikipedia.org\/wiki\/Carcelera\">Carcelera<\/a><\/li>\r\n<li><a href=\"https:\/\/fr.wikipedia.org\/wiki\/Colombiana_(flamenco)\">Colombiana<\/a><\/li>\r\n<li><a href=\"https:\/\/fr.wikipedia.org\/wiki\/Debla\">Debla<\/a><\/li>\r\n<li><a href=\"https:\/\/fr.wikipedia.org\/wiki\/Fandango\">Fandango<\/a><\/li>\r\n<li><a href=\"https:\/\/fr.wikipedia.org\/wiki\/Farruca\">Farruca<\/a><\/li>\r\n<li><a href=\"https:\/\/fr.wikipedia.org\/wiki\/Flamenco\">Flamenco<\/a><\/li>\r\n<li><a href=\"https:\/\/fr.wikipedia.org\/wiki\/Garrot%C3%ADn\">Garrot\u00edn<\/a><\/li>\r\n<li><a href=\"https:\/\/fr.wikipedia.org\/wiki\/Glossaire_du_flamenco\">Glossaire du flamenco<\/a><\/li>\r\n<li><a href=\"https:\/\/fr.wikipedia.org\/wiki\/Grana%C3%ADna\">Grana\u00edna<\/a><\/li>\r\n<li><a href=\"https:\/\/fr.wikipedia.org\/wiki\/Liviana\">Liviana<\/a><\/li>\r\n<li><a href=\"https:\/\/fr.wikipedia.org\/wiki\/Malague%C3%B1a\">Malague\u00f1a<\/a><\/li>\r\n<li><a href=\"https:\/\/fr.wikipedia.org\/wiki\/Martinete\">Martinete<\/a><\/li>\r\n<li><a href=\"https:\/\/fr.wikipedia.org\/wiki\/Milonga_(flamenco)\">Milonga (flamenco)<\/a><\/li>\r\n<li><a href=\"https:\/\/fr.wikipedia.org\/wiki\/Murciana\">Murciana<\/a><\/li>\r\n<li><a href=\"https:\/\/fr.wikipedia.org\/wiki\/Petenera\">Petenera<\/a><\/li>\r\n<li><a href=\"https:\/\/fr.wikipedia.org\/wiki\/Rumba_catalane\">Rumba catalane<\/a><\/li>\r\n<li><a href=\"https:\/\/fr.wikipedia.org\/wiki\/Rumba_flamenca\">Rumba flamenca<\/a><\/li>\r\n<li><a href=\"https:\/\/fr.wikipedia.org\/wiki\/Saeta\">Saeta<\/a><\/li>\r\n<li><a href=\"https:\/\/fr.wikipedia.org\/wiki\/S%C3%A9gu%C3%A9dille\">S\u00e9gu\u00e9dille<\/a><\/li>\r\n<li><a href=\"https:\/\/fr.wikipedia.org\/wiki\/Seguiriya\">Seguiriya<\/a><\/li>\r\n<li><a href=\"https:\/\/fr.wikipedia.org\/wiki\/Serranas\">Serranas<\/a><\/li>\r\n<li><a href=\"https:\/\/fr.wikipedia.org\/wiki\/Sevillana\">Sevillana<\/a><\/li>\r\n<li><a href=\"https:\/\/fr.wikipedia.org\/wiki\/Sole%C3%A1\">Sole\u00e1<\/a><\/li>\r\n<li><a href=\"https:\/\/fr.wikipedia.org\/wiki\/Tango_(Flamenco)\">Tango<\/a><\/li>\r\n<li><a href=\"https:\/\/fr.wikipedia.org\/wiki\/Tientos\">Tientos<\/a><\/li>\r\n<li><a href=\"https:\/\/fr.wikipedia.org\/wiki\/Ton%C3%A1\">Ton\u00e1<\/a><\/li>\r\n<li><a href=\"https:\/\/fr.wikipedia.org\/wiki\/Verdiales\">Verdiales<\/a><\/li>\r\n<li><a href=\"https:\/\/fr.wikipedia.org\/wiki\/Zambra\">Zambra<\/a><\/li>\r\n<\/ul>\r\n\r\n\r\n\r\n<p>Vous pensez connaitre le Flamenco, pensez le une deuxi\u00e8me fois !<\/p>\r\n\r\n\r\n\r\n<p>Mis \u00e0 part le Festival annuel de Flamenco, nous pouvez aller tout au long de l&rsquo;ann\u00e9e dans des bars sp\u00e9cialis\u00e9s (appel\u00e9s Tablao) . Vous trouverez ci-apr\u00e8s une s\u00e9lection o\u00f9 nous allons r\u00e9guli\u00e8rement<\/p>\r\n\r\n\r\n\r\n<h4 class=\"wp-block-heading\"><strong>Tablao Puro Arte,\u00a0<\/strong>Madre de dios 10 \u00a0(tel +34 647 74 38 32)<\/h4>\r\n\r\n\r\n\r\n<p>Le seul spectacle professionnel qui fonctionne toute l&rsquo;ann\u00e9e. On peut consid\u00e9rer que c&rsquo;est un petit peu touristique mais cela demeure d&rsquo;un tr\u00e8s haut niveau. Les options de repas sont classiques et il existe \u00e9galement une offre combin\u00e9e \u00e0 une visite de bod\u00e9ga.<\/p>\r\n\r\n\r\n\r\n<p>&nbsp;<\/p>\r\n\r\n\r\n\r\n<figure><iframe loading=\"lazy\" src=\"https:\/\/www.youtube.com\/embed\/BexF-i8k9iI?feature=oembed\" width=\"500\" height=\"375\" allowfullscreen=\"allowfullscreen\"><\/iframe><\/figure>\r\n\r\n\r\n\r\n<p>Plus local \/ plus gitan:<\/p>\r\n\r\n\r\n\r\n<h4 class=\"wp-block-heading\"><strong>Tabanco La Cruz Vieja.<\/strong> Plaza Cruz Vieja \/ Calle Barja, 16 , Jerez de la Frontera\u00a0Tel: 606 37 94 19<\/h4>\r\n\r\n\r\n\r\n<p>Ce tabanco fonctionne de la meme mani\u00e8re : si vous r\u00e9servez une table vous avez une facturation minimum pour l&rsquo;ensemble de la table (autour de 6\/8 euros par personne), si nous restez au bar vous payez uniquement ce que vous consommez.\u00a0La qualit\u00e9 de la nourriture est acceptable, personnellement nous allons manger un plat chaud en dehors (Abaceria cruz vieja par exemple) et pr\u00e9f\u00e9rons finir notre repas avec charcuterie, fromage et amontillado dans le tabanco.<\/p>\r\n\r\n\r\n\r\n<h4 class=\"wp-block-heading\"><strong>Tabanco El Pasaje<\/strong>. Calle Sta. Mar\u00eda, 8 (tel 956 33 33 59)<\/h4>\r\n\r\n\r\n\r\n<p><a href=\"http:\/\/www.tabancoelpasaje.com\/category\/espectaculosflamencos\/\">http:\/\/www.tabancoelpasaje.com\/category\/espectaculosflamencos\/<\/a><\/p>\r\n\r\n\r\n\r\n<p>Vous restez au bar et payez uniquement ce que vous consommez. C&rsquo;est de loin la meilleure option pour participer \u00e0 leur spectacle de Flamenco (midi et soir). L&rsquo;autre mani\u00e8re qui consiste \u00e0 r\u00e9server une table vous oblige \u00e0 choisir un menu autour de 30 euros par personne, ce qui nous para\u00eet incompr\u00e9hensible et avec un rapport qualit\u00e9 prix non acceptable.<\/p>\r\n\r\n\r\n\r\n<p><strong>Pe\u00f1a La Buleria\u00a0<\/strong> Calle Empedrada, 20 Jerez de la frontera. Tel: 856 05 37 72<\/p>\r\n\r\n\r\n\r\n<p><a href=\"https:\/\/andaluciarustica.com\/jerez_de_la_frontera_pena_flamenca_la_buleria.htm\" target=\"_blank\" rel=\"noreferrer noopener\" aria-label=\" (opens in a new tab)\">About La Buleria<\/a><\/p>\r\n\r\n\r\n\r\n<p>Regardez leurs programmes sur leurs sites internet \/Facebook !<\/p>\r\n\r\n\r\n\r\n<p>Rendez nous \u00e9galement \u00e0 l&rsquo;office du tourisme (Plaza del Arenal, Tel 956 33 88 74; 9am-3pm, 5pm\u20137pm<\/p>\r\n\r\n\r\n\r\n<h3 class=\"wp-block-heading\">Plus d&rsquo;information sur le Flamenco \u00e0 Jerez :<\/h3>\r\n\r\n\r\n\r\n<p><strong>Les associations de Flamenco \u00e0 Jerez<\/strong> :\u00a0<a href=\"http:\/\/www.turismojerez.com\/index.php\/es\/que-visitar-menu\/flamenco-jerez\/penas-flamencas-jerez\">http:\/\/www.turismojerez.com\/index.php\/es\/que-visitar-menu\/flamenco-jerez\/penas-flamencas-jerez<\/a><\/p>\r\n\r\n\r\n\r\n<p><strong>Apprendre \u00e0 danser le Flamenco<\/strong> :\u00a0<a href=\"http:\/\/www.turismojerez.com\/index.php\/es\/que-visitar-menu\/flamenco-jerez\/clases-de-flamenco-jerez\/itemlist\/category\/348-baile-flamenco\">http:\/\/www.turismojerez.com\/index.php\/es\/que-visitar-menu\/flamenco-jerez\/clases-de-flamenco-jerez\/itemlist\/category\/348-baile-flamenco<\/a> \u00e9galement :\u00a0<a href=\"http:\/\/www.escuelamariaespejo.com\/\">http:\/\/www.escuelamariaespejo.com<\/a><\/p>\r\n\r\n\r\n\r\n<p><strong>Apprendre \u00e0 jouer de la guitare Flamenco<\/strong> :\u00a0<a href=\"http:\/\/www.turismojerez.com\/index.php\/es\/que-visitar-menu\/flamenco-jerez\/clases-de-flamenco-jerez\/itemlist\/category\/349-guitarra-flamenca\">http:\/\/www.turismojerez.com\/index.php\/es\/que-visitar-menu\/flamenco-jerez\/clases-de-flamenco-jerez\/itemlist\/category\/349-guitarra-flamenca<\/a><\/p>\r\n\r\n\r\n\r\n<p><span style=\"font-weight: 600;\"><strong>Ap<\/strong><\/span><strong>prendre \u00e0 chanter<\/strong> :\u00a0<a href=\"http:\/\/www.turismojerez.com\/index.php\/es\/que-visitar-menu\/flamenco-jerez\/clases-de-flamenco-jerez\/itemlist\/category\/430-cante\">http:\/\/www.turismojerez.com\/index.php\/es\/que-visitar-menu\/flamenco-jerez\/clases-de-flamenco-jerez\/itemlist\/category\/430-cante<\/a><\/p>\r\n\r\n\r\n\r\n<p><strong>Centre Andaluz de Flamenco<\/strong> :\u00a0<a href=\"http:\/\/www.centroandaluzdeflamenco.es\/\">http:\/\/www.centroandaluzdeflamenco.es<\/a><\/p>\r\n\r\n\r\n\r\n<p><strong>Boutiques autour du flamenco<\/strong> :\u00a0<a href=\"http:\/\/www.turismojerez.com\/index.php\/es\/que-visitar-menu\/flamenco-jerez\/sastrerias-especializadas-flamenco-jerez\">http:\/\/www.turismojerez.com\/index.php\/es\/que-visitar-menu\/flamenco-jerez\/sastrerias-especializadas-flamenco-jerez<\/a><\/p>\r\n\r\n\r\n\r\n<p>&nbsp;<\/p>\r\n\r\n\r\n\r\n<p>&nbsp;<\/p>\r\n","protected":false},"excerpt":{"rendered":"<p>Jerez de la Frontera est la ville de naissance du Flamenco en Espagne Le meilleur [&#038;hellip<\/p>\n","protected":false},"author":1,"featured_media":0,"parent":3888,"menu_order":0,"comment_status":"closed","ping_status":"closed","template":"","meta":{"footnotes":""},"class_list":["post-3703","page","type-page","status-publish","hentry"],"_links":{"self":[{"href":"https:\/\/www.homeapartmentsjerez.com\/fr\/wp-json\/wp\/v2\/pages\/3703","targetHints":{"allow":["GET"]}}],"collection":[{"href":"https:\/\/www.homeapartmentsjerez.com\/fr\/wp-json\/wp\/v2\/pages"}],"about":[{"href":"https:\/\/www.homeapartmentsjerez.com\/fr\/wp-json\/wp\/v2\/types\/page"}],"author":[{"embeddable":true,"href":"https:\/\/www.homeapartmentsjerez.com\/fr\/wp-json\/wp\/v2\/users\/1"}],"replies":[{"embeddable":true,"href":"https:\/\/www.homeapartmentsjerez.com\/fr\/wp-json\/wp\/v2\/comments?post=3703"}],"version-history":[{"count":24,"href":"https:\/\/www.homeapartmentsjerez.com\/fr\/wp-json\/wp\/v2\/pages\/3703\/revisions"}],"predecessor-version":[{"id":4621,"href":"https:\/\/www.homeapartmentsjerez.com\/fr\/wp-json\/wp\/v2\/pages\/3703\/revisions\/4621"}],"up":[{"embeddable":true,"href":"https:\/\/www.homeapartmentsjerez.com\/fr\/wp-json\/wp\/v2\/pages\/3888"}],"wp:attachment":[{"href":"https:\/\/www.homeapartmentsjerez.com\/fr\/wp-json\/wp\/v2\/media?parent=3703"}],"curies":[{"name":"wp","href":"https:\/\/api.w.org\/{rel}","templated":true}]}}