

{"id":3891,"date":"2019-03-27T10:23:21","date_gmt":"2019-03-27T10:23:21","guid":{"rendered":"https:\/\/www.homeapartmentsjerez.com\/recommandations\/jerez-de-la-frontera-2\/ou-acheter\/"},"modified":"2025-03-16T09:31:25","modified_gmt":"2025-03-16T09:31:25","slug":"ou-acheter","status":"publish","type":"page","link":"https:\/\/www.homeapartmentsjerez.com\/fr\/recommandations\/jerez-de-la-frontera-2\/ou-acheter\/","title":{"rendered":"Ou acheter?"},"content":{"rendered":"\r\n<h3 class=\"wp-block-heading\">Le centre historique de Jerez est tr\u00e8s agr\u00e9able et vous pouvez faire l&rsquo;ensemble de vos achats \u00e0 pieds depuis l&rsquo;appartement. Nous vous proposons ci apr\u00e8s les commer\u00e7ants ou nous avons nos habitudes depuis de tr\u00e8s nombreuses ann\u00e9es.<\/h3>\r\n\r\n\r\n\r\n<h3 class=\"has-medium-font-size\">Vins, fromages &#8230;<\/h3>\r\n\r\n\r\n\r\n<p><strong>La Queseria<\/strong><\/p>\r\n\r\n\r\n\r\n<p>Calle Honda, 12,\u00a011402 Jerez De La Frontera, tel\u00a0686 95 60 94<\/p>\r\n<p>ouvert de lundi \u00e0 samedi (uniquement samedi\u00a0 matin) : 10h00 \u00e0 14h00 et 18h00 \u00e0 21h00<\/p>\r\n\r\n\r\n\r\n<p>Vous pouvez d\u00e9guster sur place et acheter une s\u00e9lection de vins et fromages<\/p>\r\n\r\n\r\n\r\n<h3 class=\"has-medium-font-size\">FRUIT &amp; LEGUMES<\/h3>\r\n\r\n\r\n\r\n<p><strong>Fruteria Sol\u00a0<\/strong><\/p>\r\n\r\n\r\n\r\n<p>Calle Conde Ca\u00f1ete del Pinar, 5, 11403 Jerez de la Frontera,<\/p>\r\n\r\n\r\n\r\n<p><strong>Le march\u00e9<\/strong> (Plaza de Abastos) Du lundi au samedi 8:30am-2pm Mercado Central de Abastos, Calle Do\u00f1a Blanca, s\/n, 11402 Jerez de la Frontera<\/p>\r\n\r\n\r\n\r\n<h3 class=\"has-medium-font-size\">POISSONERIE<\/h3>\r\n\r\n\r\n\r\n<p>Le march\u00e9 (Plaza de Abastos) Mais uniquement du mardi au samedi (8:30am-2pm) Mercado Central de Abastos, Calle Do\u00f1a Blanca, s\/n, 11402 Jerez de la Frontera<\/p>\r\n\r\n\r\n\r\n<h3 class=\"has-medium-font-size\">BOUCHER<\/h3>\r\n\r\n\r\n\r\n<p>&#8211; Carnicer\u00eda Hermanos Jim\u00e9nez Calle Francos, 3, 11403 Jerez de la FronteraTel\u00e9fono para encargos:\u00a0<a href=\"https:\/\/www.google.com\/search?client=firefox-b-d&amp;q=CARNICERIA%20PLAZA%20PLATEROS%20JEREZ&amp;npsic=0&amp;rflfq=1&amp;rlha=0&amp;rllag=36679202,-6133940,1071&amp;tbm=lcl&amp;rldimm=1717596106014051056&amp;ved=2ahUKEwi-5c34uKHhAhXSgeYKHQN8CF8QvS4wAHoECAkQIg&amp;rldoc=1&amp;tbs=lrf:!2m1!1e2!2m1!1e3!3sIAE,lf:1,lf_ui:10#\" target=\"_blank\" rel=\"noreferrer noopener\">+34 956 33 10 27<\/a><\/p>\r\n\r\n\r\n\r\n<h3>Les supermarch\u00e9s\u00a0dans le centre historique<\/h3>\r\n\r\n\r\n\r\n<p>Carrefour Market, Calle Do\u00f1a Blanca, 13, 11402 Jerez de la Frontera &#8211; Mercadona Calle Divina Pastora, 11402 Jerez de la Frontera<\/p>\r\n<h3>Les hypermarch\u00e9s \u00e0 l&rsquo;ext\u00e9rieur de Jerez (5 minutes en voiture)<\/h3>\r\n\r\n\r\n\r\n<p>&#8211; Carrefour Jerez Sur N-4, km. 641, 11408 Jerez de la Frontera &#8211; Mercadona Centro Comercial Luz Shopping Parque Comercial Luz Shopping, Ronda Aurora Boreal, 3-A, 11408 Jerez de la Frontera<\/p>\r\n","protected":false},"excerpt":{"rendered":"<p>Le centre historique de Jerez est tr\u00e8s agr\u00e9able et vous pouvez faire l&rsquo;ensemble de vos [&#038;hellip<\/p>\n","protected":false},"author":1,"featured_media":0,"parent":3888,"menu_order":0,"comment_status":"closed","ping_status":"closed","template":"","meta":{"footnotes":""},"class_list":["post-3891","page","type-page","status-publish","hentry"],"_links":{"self":[{"href":"https:\/\/www.homeapartmentsjerez.com\/fr\/wp-json\/wp\/v2\/pages\/3891","targetHints":{"allow":["GET"]}}],"collection":[{"href":"https:\/\/www.homeapartmentsjerez.com\/fr\/wp-json\/wp\/v2\/pages"}],"about":[{"href":"https:\/\/www.homeapartmentsjerez.com\/fr\/wp-json\/wp\/v2\/types\/page"}],"author":[{"embeddable":true,"href":"https:\/\/www.homeapartmentsjerez.com\/fr\/wp-json\/wp\/v2\/users\/1"}],"replies":[{"embeddable":true,"href":"https:\/\/www.homeapartmentsjerez.com\/fr\/wp-json\/wp\/v2\/comments?post=3891"}],"version-history":[{"count":2,"href":"https:\/\/www.homeapartmentsjerez.com\/fr\/wp-json\/wp\/v2\/pages\/3891\/revisions"}],"predecessor-version":[{"id":3944,"href":"https:\/\/www.homeapartmentsjerez.com\/fr\/wp-json\/wp\/v2\/pages\/3891\/revisions\/3944"}],"up":[{"embeddable":true,"href":"https:\/\/www.homeapartmentsjerez.com\/fr\/wp-json\/wp\/v2\/pages\/3888"}],"wp:attachment":[{"href":"https:\/\/www.homeapartmentsjerez.com\/fr\/wp-json\/wp\/v2\/media?parent=3891"}],"curies":[{"name":"wp","href":"https:\/\/api.w.org\/{rel}","templated":true}]}}