

{"id":4412,"date":"2019-09-27T11:05:05","date_gmt":"2019-09-27T11:05:05","guid":{"rendered":"https:\/\/www.homeapartmentsjerez.com\/las-naranjas-suite\/plans\/"},"modified":"2023-02-08T09:03:01","modified_gmt":"2023-02-08T09:03:01","slug":"plans","status":"publish","type":"page","link":"https:\/\/www.homeapartmentsjerez.com\/fr\/las-naranjas-suite\/plans\/","title":{"rendered":"Plans"},"content":{"rendered":"\r\n<figure class=\"wp-block-image\"><img loading=\"lazy\" decoding=\"async\" width=\"904\" height=\"792\" class=\"wp-image-4404\" src=\"https:\/\/www.homeapartmentsjerez.com\/wp-content\/uploads\/2019\/09\/naranjas-suite-teatro-villamarta.jpg\" alt=\"\" srcset=\"https:\/\/www.homeapartmentsjerez.com\/wp-content\/uploads\/2019\/09\/naranjas-suite-teatro-villamarta.jpg 904w, https:\/\/www.homeapartmentsjerez.com\/wp-content\/uploads\/2019\/09\/naranjas-suite-teatro-villamarta-300x263.jpg 300w, https:\/\/www.homeapartmentsjerez.com\/wp-content\/uploads\/2019\/09\/naranjas-suite-teatro-villamarta-768x673.jpg 768w\" sizes=\"auto, (max-width: 904px) 100vw, 904px\" \/><\/figure>\r\n\r\n\r\n\r\n<h4 class=\"wp-block-heading\">Jusqu&rsquo;au th\u00e9\u00e2tre Villamarta<\/h4>\r\n\r\n\r\n\r\n<figure class=\"wp-block-image\"><img loading=\"lazy\" decoding=\"async\" width=\"1024\" height=\"698\" class=\"wp-image-4405\" src=\"https:\/\/www.homeapartmentsjerez.com\/wp-content\/uploads\/2019\/09\/naranjas-suite-calle-larga-1024x698.jpg\" alt=\"\" srcset=\"https:\/\/www.homeapartmentsjerez.com\/wp-content\/uploads\/2019\/09\/naranjas-suite-calle-larga-1024x698.jpg 1024w, https:\/\/www.homeapartmentsjerez.com\/wp-content\/uploads\/2019\/09\/naranjas-suite-calle-larga-300x205.jpg 300w, https:\/\/www.homeapartmentsjerez.com\/wp-content\/uploads\/2019\/09\/naranjas-suite-calle-larga-768x524.jpg 768w, https:\/\/www.homeapartmentsjerez.com\/wp-content\/uploads\/2019\/09\/naranjas-suite-calle-larga.jpg 1126w\" sizes=\"auto, (max-width: 1024px) 100vw, 1024px\" \/><\/figure>\r\n\r\n\r\n\r\n\r\nEn direction de la principale rue pi\u00e9tonne : Calle Larga\r\n\r\n\r\n\r\n\r\n<figure class=\"wp-block-image\"><img loading=\"lazy\" decoding=\"async\" width=\"1024\" height=\"839\" class=\"wp-image-4406\" src=\"https:\/\/www.homeapartmentsjerez.com\/wp-content\/uploads\/2019\/09\/naranjas-suite-plateros-1024x839.jpg\" alt=\"\" srcset=\"https:\/\/www.homeapartmentsjerez.com\/wp-content\/uploads\/2019\/09\/naranjas-suite-plateros-1024x839.jpg 1024w, https:\/\/www.homeapartmentsjerez.com\/wp-content\/uploads\/2019\/09\/naranjas-suite-plateros-300x246.jpg 300w, https:\/\/www.homeapartmentsjerez.com\/wp-content\/uploads\/2019\/09\/naranjas-suite-plateros-768x629.jpg 768w, https:\/\/www.homeapartmentsjerez.com\/wp-content\/uploads\/2019\/09\/naranjas-suite-plateros.jpg 1198w\" sizes=\"auto, (max-width: 1024px) 100vw, 1024px\" \/><\/figure>\r\n\r\n\r\n\r\n\r\nJusqu&rsquo;\u00e0 la plaza Plateros, o\u00f9 vous trouverez bon nombre de restaurants et bars\r\n\r\n\r\n\r\n\r\n<figure class=\"wp-block-image\"><img loading=\"lazy\" decoding=\"async\" width=\"1024\" height=\"1013\" class=\"wp-image-4407\" src=\"https:\/\/www.homeapartmentsjerez.com\/wp-content\/uploads\/2019\/09\/naranjas-suite-alcazar-1024x1013.jpg\" alt=\"\" srcset=\"https:\/\/www.homeapartmentsjerez.com\/wp-content\/uploads\/2019\/09\/naranjas-suite-alcazar-1024x1013.jpg 1024w, https:\/\/www.homeapartmentsjerez.com\/wp-content\/uploads\/2019\/09\/naranjas-suite-alcazar-300x297.jpg 300w, https:\/\/www.homeapartmentsjerez.com\/wp-content\/uploads\/2019\/09\/naranjas-suite-alcazar-768x760.jpg 768w, https:\/\/www.homeapartmentsjerez.com\/wp-content\/uploads\/2019\/09\/naranjas-suite-alcazar.jpg 1213w\" sizes=\"auto, (max-width: 1024px) 100vw, 1024px\" \/><\/figure>\r\n\r\n\r\n\r\n<h2 class=\"wp-block-heading\"><\/h2>\r\n\r\n\r\n\r\n\r\nVers l&rsquo; Alcazar\r\n\r\n\r\n\r\n\r\n<figure class=\"wp-block-image\"><img loading=\"lazy\" decoding=\"async\" width=\"1024\" height=\"730\" class=\"wp-image-4408\" src=\"https:\/\/www.homeapartmentsjerez.com\/wp-content\/uploads\/2019\/09\/naranjas-suite-bodega-lustau-1024x730.jpg\" alt=\"\" srcset=\"https:\/\/www.homeapartmentsjerez.com\/wp-content\/uploads\/2019\/09\/naranjas-suite-bodega-lustau-1024x730.jpg 1024w, https:\/\/www.homeapartmentsjerez.com\/wp-content\/uploads\/2019\/09\/naranjas-suite-bodega-lustau-300x214.jpg 300w, https:\/\/www.homeapartmentsjerez.com\/wp-content\/uploads\/2019\/09\/naranjas-suite-bodega-lustau-768x547.jpg 768w, https:\/\/www.homeapartmentsjerez.com\/wp-content\/uploads\/2019\/09\/naranjas-suite-bodega-lustau.jpg 1242w\" sizes=\"auto, (max-width: 1024px) 100vw, 1024px\" \/><\/figure>\r\n\r\n\r\n\r\n\r\nVers la Bodega Lustau\r\n\r\n\r\n\r\n\r\n<figure class=\"wp-block-image\"><img loading=\"lazy\" decoding=\"async\" width=\"948\" height=\"1024\" class=\"wp-image-4409\" src=\"https:\/\/www.homeapartmentsjerez.com\/wp-content\/uploads\/2019\/09\/naranjas-suite-horses-948x1024.jpg\" alt=\"\" srcset=\"https:\/\/www.homeapartmentsjerez.com\/wp-content\/uploads\/2019\/09\/naranjas-suite-horses-948x1024.jpg 948w, https:\/\/www.homeapartmentsjerez.com\/wp-content\/uploads\/2019\/09\/naranjas-suite-horses-278x300.jpg 278w, https:\/\/www.homeapartmentsjerez.com\/wp-content\/uploads\/2019\/09\/naranjas-suite-horses-768x830.jpg 768w, https:\/\/www.homeapartmentsjerez.com\/wp-content\/uploads\/2019\/09\/naranjas-suite-horses.jpg 1236w\" sizes=\"auto, (max-width: 948px) 100vw, 948px\" \/><\/figure>\r\n\r\n\r\n\r\n\r\nVers la Real Escuela de arte ecuestre (pour les spectacles equestres)\r\n\r\n\r\n\r\n\r\n<figure class=\"wp-block-image\"><img loading=\"lazy\" decoding=\"async\" width=\"1024\" height=\"711\" class=\"wp-image-4410\" src=\"https:\/\/www.homeapartmentsjerez.com\/wp-content\/uploads\/2019\/09\/naranjas-suite-feria-1024x711.jpg\" alt=\"\" srcset=\"https:\/\/www.homeapartmentsjerez.com\/wp-content\/uploads\/2019\/09\/naranjas-suite-feria-1024x711.jpg 1024w, https:\/\/www.homeapartmentsjerez.com\/wp-content\/uploads\/2019\/09\/naranjas-suite-feria-300x208.jpg 300w, https:\/\/www.homeapartmentsjerez.com\/wp-content\/uploads\/2019\/09\/naranjas-suite-feria-768x533.jpg 768w, https:\/\/www.homeapartmentsjerez.com\/wp-content\/uploads\/2019\/09\/naranjas-suite-feria.jpg 1189w\" sizes=\"auto, (max-width: 1024px) 100vw, 1024px\" \/><\/figure>\r\n\r\n\r\n\r\n\r\nVers la Feria\r\n\r\n","protected":false},"excerpt":{"rendered":"<p>Jusqu&rsquo;au th\u00e9\u00e2tre Villamarta En direction de la principale rue pi\u00e9tonne : Calle Larga Jusqu&rsquo;\u00e0 la [&#038;hellip<\/p>\n","protected":false},"author":1,"featured_media":0,"parent":4268,"menu_order":0,"comment_status":"closed","ping_status":"closed","template":"","meta":{"footnotes":""},"class_list":["post-4412","page","type-page","status-publish","hentry"],"_links":{"self":[{"href":"https:\/\/www.homeapartmentsjerez.com\/fr\/wp-json\/wp\/v2\/pages\/4412","targetHints":{"allow":["GET"]}}],"collection":[{"href":"https:\/\/www.homeapartmentsjerez.com\/fr\/wp-json\/wp\/v2\/pages"}],"about":[{"href":"https:\/\/www.homeapartmentsjerez.com\/fr\/wp-json\/wp\/v2\/types\/page"}],"author":[{"embeddable":true,"href":"https:\/\/www.homeapartmentsjerez.com\/fr\/wp-json\/wp\/v2\/users\/1"}],"replies":[{"embeddable":true,"href":"https:\/\/www.homeapartmentsjerez.com\/fr\/wp-json\/wp\/v2\/comments?post=4412"}],"version-history":[{"count":0,"href":"https:\/\/www.homeapartmentsjerez.com\/fr\/wp-json\/wp\/v2\/pages\/4412\/revisions"}],"up":[{"embeddable":true,"href":"https:\/\/www.homeapartmentsjerez.com\/fr\/wp-json\/wp\/v2\/pages\/4268"}],"wp:attachment":[{"href":"https:\/\/www.homeapartmentsjerez.com\/fr\/wp-json\/wp\/v2\/media?parent=4412"}],"curies":[{"name":"wp","href":"https:\/\/api.w.org\/{rel}","templated":true}]}}