

{"id":4465,"date":"2019-11-12T13:05:38","date_gmt":"2019-11-12T13:05:38","guid":{"rendered":"https:\/\/www.homeapartmentsjerez.com\/paiement\/"},"modified":"2025-03-19T20:41:50","modified_gmt":"2025-03-19T20:41:50","slug":"reservation","status":"publish","type":"page","link":"https:\/\/www.homeapartmentsjerez.com\/fr\/reservation\/","title":{"rendered":"R\u00e9servation"},"content":{"rendered":"\r\n<h4 class=\"has-medium-font-size\"><br \/>Avant de nous envoyer votre demande et vos informations, contactez-nous : Nous souhaitons vous \u00e9couter pour vous proposer la meilleure option parmi nos 5 appartements \u00e0 Jerez de la Frontera. Nous ne sommes pas un h\u00f4tel ou une cha\u00eene d&rsquo;appartements touristiques impersonnels, nous souhaitons que vous vous sentiez comme chez vous et avec tout le confort que vous recherchez, en fonction du type de s\u00e9jour dont vous souhaitez profiter.<\/h4>\r\n<h4>Nos appartements sont tous diff\u00e9rents et r\u00e9pondent \u00e0 des souhaits et attentes diff\u00e9rents en termes d&rsquo;espace et de confort particulier (chambre s\u00e9par\u00e9e, loft, terrasse privative&#8230;), d&rsquo;\u00e9quipements souhait\u00e9s (douche, jacuzzi, spa&#8230;), de mobilit\u00e9 r\u00e9duite, de dur\u00e9e de s\u00e9jour. etc&#8230;<\/h4>\r\n<h4>Nous sommes pr\u00e9sents sur plusieurs sites de r\u00e9servation en ligne, o\u00f9 vous trouverez nos 5 appartements et o\u00f9 les disponibilit\u00e9s annuelles ne sont pas enti\u00e8rement renseign\u00e9es.<\/h4>\r\n<h4>De plus, nos prix pour une r\u00e9servation en direct (sans interm\u00e9diaires) sont \u00e9videmment inf\u00e9rieur et avec de meilleures conditions de paiement et d&rsquo;autres avantages.<\/h4>\r\n\r\n\r\n\r\n<h1 class=\"wp-block-heading\">R\u00e9server en direct est simple, s\u00e9curis\u00e9 et moins ch\u00e8re<\/h1>\r\n\r\n\r\n\r\n<p>&nbsp;<\/p>\r\n\r\n\r\n\r\n<h4 class=\"wp-block-heading\">Pour connaitre la disponibilit\u00e9 et le prix du logement que vous souhaitez, le contact direct est facile et rapide :<\/h4>\r\n\r\n\r\n\r\n<ul class=\"wp-block-list\">\r\n<li><img decoding=\"async\" class=\"wp-image-4865\" style=\"width: 43px;\" src=\"https:\/\/www.homeapartmentsjerez.com\/wp-content\/uploads\/2020\/09\/phone.jpeg\" alt=\"\" height=\"43\" srcset=\"https:\/\/www.homeapartmentsjerez.com\/wp-content\/uploads\/2020\/09\/phone.jpeg 225w, https:\/\/www.homeapartmentsjerez.com\/wp-content\/uploads\/2020\/09\/phone-150x150.jpeg 150w\" sizes=\"(max-width: 225px) 100vw, 225px\" \/> <a href=\"tel:+34699268409\"><span style=\"color: inherit; font-size: 1.25em; font-weight: 600;\">au t\u00e9l\u00e9phone : +34 699268409<\/span> <\/a><\/li>\r\n<li><img decoding=\"async\" class=\"wp-image-4855\" style=\"width: 50px;\" src=\"https:\/\/www.homeapartmentsjerez.com\/wp-content\/uploads\/2020\/09\/whastapp.jpg\" alt=\"\" height=\"50\" srcset=\"https:\/\/www.homeapartmentsjerez.com\/wp-content\/uploads\/2020\/09\/whastapp.jpg 225w, https:\/\/www.homeapartmentsjerez.com\/wp-content\/uploads\/2020\/09\/whastapp-150x150.jpg 150w\" sizes=\"(max-width: 225px) 100vw, 225px\" \/><span style=\"color: inherit; font-size: 1.25em; font-weight: 600;\"><a href=\"https:\/\/wa.me\/34699268409?text=Auriez vous l amabilit\u00e9 de me contacter\" target=\"_blank\" rel=\"noopener\">par whastapp : +34 699268409<\/a><\/span><\/li>\r\n<li><img decoding=\"async\" class=\"wp-image-4853\" style=\"width: 51px;\" src=\"https:\/\/www.homeapartmentsjerez.com\/wp-content\/uploads\/2020\/09\/email.jpeg\" alt=\"\" height=\"51\" srcset=\"https:\/\/www.homeapartmentsjerez.com\/wp-content\/uploads\/2020\/09\/email.jpeg 225w, https:\/\/www.homeapartmentsjerez.com\/wp-content\/uploads\/2020\/09\/email-150x150.jpeg 150w\" sizes=\"(max-width: 225px) 100vw, 225px\" \/> <span style=\"color: inherit; font-size: 1.25em; font-weight: 600;\"><a href=\"mailto:homeapartmentjerez@gmail.com\">par email : homeapartmentsjerez@gmail.com<\/a><\/span><\/li>\r\n<\/ul>\r\n\r\n\r\n\r\n<p>&nbsp;<\/p>\r\n\r\n\r\n\r\n<h4 class=\"wp-block-heading\">Entrez vos donn\u00e9es personnelles pour pouvoir traiter votre r\u00e9servation :<br \/><br \/><\/h4>\r\n\r\n\r\n\r\n<h4>Vous devrez vous munir de votre pi\u00e8ce d&rsquo;identit\u00e9 ou passeport, de votre email et de votre carte bancaire.<\/h4>\r\n<h4>Vous pourrez choisir de payer \u00e0 votre arriv\u00e9e en esp\u00e8ces ou par carte de cr\u00e9dit 7 jours avant votre arriv\u00e9e.<\/h4>\r\n\r\n\r\n\r\n<p>&nbsp;<\/p>\r\n\r\n<p><a href=\"https:\/\/www.homeapartmentsjerez.com\/fr\/form\/\"><button id=\"book\">proc\u00e9der \u00e0 ma r\u00e9servation<\/button><\/a><\/p>\r\n<div class=\"legal-links\"><a href=\"https:\/\/www.homeapartmentsjerez.com\/fr\/avis-juridique\/\">Avis juridique<\/a> \/ <a href=\"https:\/\/www.homeapartmentsjerez.com\/fr\/protection-des-informations-personelles\/\">Protection des informations personnelles<\/a> \/ <a href=\"https:\/\/www.homeapartmentsjerez.com\/fr\/conditions-generales-du-contrat\/\">Conditions g\u00e9n\u00e9rales du contrat<\/a><\/div>\r\n<p><style>\r\n.legal-links {\r\n    margin-top: 2%;\r\n    width: 100%;\r\n    text-align: center;\r\n    background-color: #f0f0f0;\r\n    padding: 20px 0;\r\n    font-family: Arial, sans-serif;\r\n    font-size: 16px;\r\n}\r\n\r\n.legal-links a {\r\n    text-decoration: none;\r\n    color: #0078ff;\r\n    margin: 0 10px;\r\n    transition: color 0.3s ease;\r\n}\r\n\r\n.legal-links a:hover {\r\n    color: #0056b3;\r\n}\r\n\r\n.legal-links span {\r\n    color: #999;\r\n}\r\n<\/style><\/p>","protected":false},"excerpt":{"rendered":"<p>Avant de nous envoyer votre demande et vos informations, contactez-nous : Nous souhaitons vous \u00e9couter [&#038;hellip<\/p>\n","protected":false},"author":1,"featured_media":0,"parent":0,"menu_order":0,"comment_status":"closed","ping_status":"closed","template":"aboutus-template.php","meta":{"footnotes":""},"class_list":["post-4465","page","type-page","status-publish","hentry"],"_links":{"self":[{"href":"https:\/\/www.homeapartmentsjerez.com\/fr\/wp-json\/wp\/v2\/pages\/4465","targetHints":{"allow":["GET"]}}],"collection":[{"href":"https:\/\/www.homeapartmentsjerez.com\/fr\/wp-json\/wp\/v2\/pages"}],"about":[{"href":"https:\/\/www.homeapartmentsjerez.com\/fr\/wp-json\/wp\/v2\/types\/page"}],"author":[{"embeddable":true,"href":"https:\/\/www.homeapartmentsjerez.com\/fr\/wp-json\/wp\/v2\/users\/1"}],"replies":[{"embeddable":true,"href":"https:\/\/www.homeapartmentsjerez.com\/fr\/wp-json\/wp\/v2\/comments?post=4465"}],"version-history":[{"count":50,"href":"https:\/\/www.homeapartmentsjerez.com\/fr\/wp-json\/wp\/v2\/pages\/4465\/revisions"}],"predecessor-version":[{"id":7892,"href":"https:\/\/www.homeapartmentsjerez.com\/fr\/wp-json\/wp\/v2\/pages\/4465\/revisions\/7892"}],"wp:attachment":[{"href":"https:\/\/www.homeapartmentsjerez.com\/fr\/wp-json\/wp\/v2\/media?parent=4465"}],"curies":[{"name":"wp","href":"https:\/\/api.w.org\/{rel}","templated":true}]}}