

{"id":4973,"date":"2021-02-17T10:42:51","date_gmt":"2021-02-17T10:42:51","guid":{"rendered":"https:\/\/www.homeapartmentsjerez.com\/apartements\/servicios\/"},"modified":"2023-02-08T09:00:44","modified_gmt":"2023-02-08T09:00:44","slug":"servicios","status":"publish","type":"page","link":"https:\/\/www.homeapartmentsjerez.com\/fr\/apartements\/servicios\/","title":{"rendered":"Service"},"content":{"rendered":"\n<p>Home Apartments Jerez souhaite vous offrir une gamme compl\u00e8te de services et agr\u00e9ments que vous trouvez g\u00e9n\u00e9ralement dans des \u00e9tablissements de tr\u00e8s grand luxe.<\/p>\n\n\n\n<p><strong>SERVICES*<\/strong><\/p>\n\n\n\n<ul class=\"wp-block-list\"><li>La r\u00e9ception est \u00e0 votre disposition 24h \/ 24h au t\u00e9l\u00e9phone et par Whatasapp au <em>+34 669 40 74 10 \/ 699 268 409<\/em><\/li><\/ul>\n\n\n\n<ul class=\"wp-block-list\"><li>Nettoyage de votre appartement et changement des draps et linge de toilette<\/li><\/ul>\n\n\n\n<ul class=\"wp-block-list\"><li>conciergerie et assistance\u00a0est \u00e0 votre disposition 24h \/ 24h au t\u00e9l\u00e9phone et par Whatasapp au <em>+34 669 40 74 10 \/ 699 268 409<\/em><\/li><\/ul>\n\n\n\n<ul class=\"wp-block-list\"><li>R\u00e9servation de restaurant, spectacle, visite touristique \/ culturelle, taxi, etc.\u00a0<\/li><li>R\u00e9servation d&rsquo;Esth\u00e9ticienne, manucure, p\u00e9dicure, coiffeuse<\/li><li>Service de nettoyage \u00e0 sec<\/li><li>Information touristique et culturelle<\/li><\/ul>\n\n\n\n<ul class=\"wp-block-list\"><li>Check-In y Check-Out sans contact <\/li><\/ul>\n\n\n\n<p><strong>ELEMENTS D&rsquo;AGREMENT<\/strong><\/p>\n\n\n\n<ul class=\"wp-block-list\"><li>N\u00e9cessaire pour le bain et l&rsquo;hygiene<\/li><li>Capsule de caf\u00e9 Nespresso<\/li><li>Caf\u00e9 et the mould<\/li><li>Tout pour commencer \u00e0 cuisiner : huile d&rsquo;olive, vinaigre, sel, poivre, sucre &#8230;<\/li><li>Quelques bonbons de bienvenus<\/li><li>N\u00e9cessaire d&rsquo;\u00e9criture<\/li><li>Trousse de premier soins<\/li><\/ul>\n\n\n\n<p><em>(*) <\/em>Certains services comporte un co\u00fbt additionnel \u00e0 votre s\u00e9jour<\/p>\n","protected":false},"excerpt":{"rendered":"<p>Home Apartments Jerez souhaite vous offrir une gamme compl\u00e8te de services et agr\u00e9ments que vous [&#038;hellip<\/p>\n","protected":false},"author":1,"featured_media":0,"parent":994,"menu_order":0,"comment_status":"closed","ping_status":"closed","template":"","meta":{"footnotes":""},"class_list":["post-4973","page","type-page","status-publish","hentry"],"_links":{"self":[{"href":"https:\/\/www.homeapartmentsjerez.com\/fr\/wp-json\/wp\/v2\/pages\/4973","targetHints":{"allow":["GET"]}}],"collection":[{"href":"https:\/\/www.homeapartmentsjerez.com\/fr\/wp-json\/wp\/v2\/pages"}],"about":[{"href":"https:\/\/www.homeapartmentsjerez.com\/fr\/wp-json\/wp\/v2\/types\/page"}],"author":[{"embeddable":true,"href":"https:\/\/www.homeapartmentsjerez.com\/fr\/wp-json\/wp\/v2\/users\/1"}],"replies":[{"embeddable":true,"href":"https:\/\/www.homeapartmentsjerez.com\/fr\/wp-json\/wp\/v2\/comments?post=4973"}],"version-history":[{"count":2,"href":"https:\/\/www.homeapartmentsjerez.com\/fr\/wp-json\/wp\/v2\/pages\/4973\/revisions"}],"predecessor-version":[{"id":4982,"href":"https:\/\/www.homeapartmentsjerez.com\/fr\/wp-json\/wp\/v2\/pages\/4973\/revisions\/4982"}],"up":[{"embeddable":true,"href":"https:\/\/www.homeapartmentsjerez.com\/fr\/wp-json\/wp\/v2\/pages\/994"}],"wp:attachment":[{"href":"https:\/\/www.homeapartmentsjerez.com\/fr\/wp-json\/wp\/v2\/media?parent=4973"}],"curies":[{"name":"wp","href":"https:\/\/api.w.org\/{rel}","templated":true}]}}