

{"id":7866,"date":"2025-03-15T04:51:37","date_gmt":"2025-03-15T04:51:37","guid":{"rendered":"https:\/\/www.homeapartmentsjerez.com\/?page_id=7866"},"modified":"2025-03-15T14:47:45","modified_gmt":"2025-03-15T14:47:45","slug":"protection-des-informations-personelles","status":"publish","type":"page","link":"https:\/\/www.homeapartmentsjerez.com\/fr\/protection-des-informations-personelles\/","title":{"rendered":"Protection des informations personelles"},"content":{"rendered":"<p>Protection des donn\u00e9es<\/p>\n<p>En naviguant sur le site Web et en remplissant les formulaires pr\u00e9sents sur le site, l&rsquo;utilisateur accepte que les donn\u00e9es personnelles qu&rsquo;il fournit ou qui pourront \u00eatre fournies \u00e0 l&rsquo;avenir via ce service soient trait\u00e9es dans les fichiers de donn\u00e9es personnelles d&rsquo;Amelia Garcia Hualde NIF 72706526F.<\/p>\n<p>Pour toute question ou pour exercer vos droits en mati\u00e8re de protection des donn\u00e9es, veuillez contacter les coordonn\u00e9es indiqu\u00e9es sur la page d&rsquo;accueil.<\/p>\n<p>&nbsp;<\/p>\n<p>Finalit\u00e9 du traitement, base juridique et destinataires des informations<\/p>\n<p>Les donn\u00e9es sont utilis\u00e9es pour :<\/p>\n<p>\u2022 S&rsquo;inscrire et r\u00e9pondre aux demandes formul\u00e9es par les utilisateurs via le formulaire du site Web pour traiter leur r\u00e9servation<br \/>\n\u2022 La prestation et l&rsquo;administration des services d&rsquo;Amelia Garc\u00eda Hualde, le traitement des r\u00e9servations et le paiement des services via le site Web du terminal de paiement, ainsi que la gestion des incidents, des r\u00e9clamations et des proc\u00e9dures judiciaires.<\/p>\n<p>&nbsp;<\/p>\n<p>Utilisation de formulaires Web<\/p>\n<p>\u2022 Finalit\u00e9 : r\u00e9pondre aux demandes formul\u00e9es via les formulaires web.<br \/>\n\u2022 L\u00e9gitimation : consentement exprim\u00e9 lors de l\u2019utilisation et de l\u2019envoi du formulaire.<br \/>\n\u2022 Destinataires : Amelia Garc\u00eda Hualde<\/p>\n<p>Prestation de services<\/p>\n<p>\u2022 Objet : fournir des services incluant la gestion et le paiement des r\u00e9servations d&rsquo;h\u00e9bergement et de location de vacances.<br \/>\n\u2022 Envoyer des informations sur les services d\u2019Amelia Garc\u00eda Hualde par voie \u00e9lectronique.<br \/>\n\u2022 L\u00e9gitimation : ex\u00e9cution du contrat ou fourniture du service.<br \/>\n\u2022 Destinataires : Amelia Garc\u00eda Hualde<\/p>\n<p>&nbsp;<\/p>\n<p>V\u00e9racit\u00e9 des donn\u00e9es<\/p>\n<p>L&rsquo;utilisateur doit remplir les formulaires avec des informations vraies, exactes, compl\u00e8tes et \u00e0 jour. L&rsquo;utilisateur ne saisira pas de donn\u00e9es correspondant \u00e0 une autre personne ; Amelia Garc\u00eda Hualde supposera que les donn\u00e9es ont \u00e9t\u00e9 fournies par la personne concern\u00e9e. L&rsquo;utilisateur sera seul responsable de tout dommage ou pr\u00e9judice direct ou indirect qui pourrait \u00eatre caus\u00e9 \u00e0 toute personne du fait de remplir le formulaire avec des donn\u00e9es relatives \u00e0 une autre personne.<\/p>\n<p>&nbsp;<\/p>\n<p>Droits d&rsquo;acc\u00e8s, de rectification, de suppression, d&rsquo;opposition et autres<\/p>\n<p>Les personnes concern\u00e9es ont \u00e0 tout moment le droit d&rsquo;acc\u00e9der \u00e0 leurs donn\u00e9es, de les rectifier et de les supprimer, ainsi que de s&rsquo;opposer au traitement de leurs donn\u00e9es, conform\u00e9ment \u00e0 la l\u00e9gislation sur la protection des donn\u00e9es. Vous avez \u00e9galement le droit de demander la portabilit\u00e9 des donn\u00e9es, la r\u00e9vocation du consentement et la restriction du traitement.<br \/>\nLe titulaire des donn\u00e9es peut exercer ces droits en \u00e9crivant \u00e0 Amelia Garc\u00eda Hualde (r\u00e9f\u00e9rence\u00a0: PROTECTION DES DONN\u00c9ES), Pago Esparragosa, bo\u00eete postale 28, 11550 Chipiona (Espagne). Cette communication doit inclure une demande indiquant l&rsquo;action demand\u00e9e.<\/p>\n<p>Si les personnes concern\u00e9es estiment que le traitement de leurs donn\u00e9es viole les lois sur la protection des donn\u00e9es, elles peuvent d\u00e9poser une plainte aupr\u00e8s des autorit\u00e9s de contr\u00f4le de la protection des donn\u00e9es.<\/p>\n<p>&nbsp;<\/p>\n<p>Mineurs<\/p>\n<p>L&rsquo;utilisation des services Web d&rsquo;Amelia Garc\u00eda Hualde est interdite aux personnes de moins de 18 ans.<\/p>\n<p>S\u00e9curit\u00e9 des donn\u00e9es<\/p>\n<p>Amelia Garc\u00eda Hualde dispose de l&rsquo;une des technologies les plus s\u00e9curis\u00e9es en mati\u00e8re de protection des donn\u00e9es de votre carte de cr\u00e9dit. Il est \u00e9galement conforme \u00e0 toutes les normes internationales r\u00e9gissant la mati\u00e8re. Toutes les sections d&rsquo;Amelia Garc\u00eda Hualde o\u00f9 nous demandons des informations sensibles utilisent le protocole de communication SSL. Cela signifie que les informations qui circulent sur Internet depuis votre ordinateur vers notre serveur sont crypt\u00e9es, ce qui les rend ind\u00e9chiffrables pour quiconque se trouve en dehors du r\u00e9seau. Cette technologie assure et garantit que vos donn\u00e9es ne peuvent \u00eatre intercept\u00e9es, manipul\u00e9es ou usurp\u00e9es de quelque mani\u00e8re que ce soit. De cette fa\u00e7on, les paiements en ligne sont d\u00e9sormais aussi s\u00e9curis\u00e9s que les achats directs.<\/p>\n<p>&nbsp;<\/p>\n<p>Que signifie SSL ?<\/p>\n<p>SSL (Secure Socket Layer) est une technologie de s\u00e9curit\u00e9 Internet standard. Il applique un syst\u00e8me de cryptage (codage) qui assure une confidentialit\u00e9 maximale des donn\u00e9es qui nous sont transmises. Cela emp\u00eache l\u2019entr\u00e9e ou l\u2019interception non autoris\u00e9e dans un syst\u00e8me pendant que les donn\u00e9es circulent sur Internet. Pour plus de s\u00e9curit\u00e9, ces donn\u00e9es sont stock\u00e9es sur un serveur s\u00e9curis\u00e9 prot\u00e9g\u00e9<\/p>\n","protected":false},"excerpt":{"rendered":"<p>Protection des donn\u00e9es En naviguant sur le site Web et en remplissant les formulaires pr\u00e9sents [&#038;hellip<\/p>\n","protected":false},"author":5,"featured_media":0,"parent":0,"menu_order":0,"comment_status":"closed","ping_status":"closed","template":"","meta":{"footnotes":""},"class_list":["post-7866","page","type-page","status-publish","hentry"],"_links":{"self":[{"href":"https:\/\/www.homeapartmentsjerez.com\/fr\/wp-json\/wp\/v2\/pages\/7866","targetHints":{"allow":["GET"]}}],"collection":[{"href":"https:\/\/www.homeapartmentsjerez.com\/fr\/wp-json\/wp\/v2\/pages"}],"about":[{"href":"https:\/\/www.homeapartmentsjerez.com\/fr\/wp-json\/wp\/v2\/types\/page"}],"author":[{"embeddable":true,"href":"https:\/\/www.homeapartmentsjerez.com\/fr\/wp-json\/wp\/v2\/users\/5"}],"replies":[{"embeddable":true,"href":"https:\/\/www.homeapartmentsjerez.com\/fr\/wp-json\/wp\/v2\/comments?post=7866"}],"version-history":[{"count":2,"href":"https:\/\/www.homeapartmentsjerez.com\/fr\/wp-json\/wp\/v2\/pages\/7866\/revisions"}],"predecessor-version":[{"id":7982,"href":"https:\/\/www.homeapartmentsjerez.com\/fr\/wp-json\/wp\/v2\/pages\/7866\/revisions\/7982"}],"wp:attachment":[{"href":"https:\/\/www.homeapartmentsjerez.com\/fr\/wp-json\/wp\/v2\/media?parent=7866"}],"curies":[{"name":"wp","href":"https:\/\/api.w.org\/{rel}","templated":true}]}}