

{"id":8016,"date":"2025-03-19T21:24:17","date_gmt":"2025-03-19T21:24:17","guid":{"rendered":"https:\/\/www.homeapartmentsjerez.com\/?page_id=8016"},"modified":"2026-01-07T18:25:05","modified_gmt":"2026-01-07T18:25:05","slug":"avis","status":"publish","type":"page","link":"https:\/\/www.homeapartmentsjerez.com\/fr\/avis\/","title":{"rendered":"Avis"},"content":{"rendered":"<h3>Ci-apr\u00e8s les avis laiss\u00e9s sur Booking.com (lien direct et sans aucun filtre)<\/h3>\n<p>Permettez nous de vous rappeler que seul les clients qui ont \u00e9t\u00e9 h\u00e9berg\u00e9s peuvent laisser un avis<\/p>\n<p><div data-src=\"https:\/\/cdn.trustindex.io\/loader.js?1106f7443d2636513776c09c379\"><\/div>\u00ab\u00a0]<\/p>\n<p>&nbsp;<\/p>\n<h3>Et les avis sur Google (lien direct et sans aucun filtre)<\/h3>\n<p><div data-src=\"https:\/\/cdn.trustindex.io\/loader.js?525edb84345f365f0b96c3d9249\"><\/div>\u00ab\u00a0]<\/p>\n","protected":false},"excerpt":{"rendered":"<p>Ci-apr\u00e8s les avis laiss\u00e9s sur Booking.com (lien direct et sans aucun filtre) Permettez nous de [&#038;hellip<\/p>\n","protected":false},"author":5,"featured_media":0,"parent":0,"menu_order":0,"comment_status":"closed","ping_status":"closed","template":"","meta":{"footnotes":""},"class_list":["post-8016","page","type-page","status-publish","hentry"],"_links":{"self":[{"href":"https:\/\/www.homeapartmentsjerez.com\/fr\/wp-json\/wp\/v2\/pages\/8016","targetHints":{"allow":["GET"]}}],"collection":[{"href":"https:\/\/www.homeapartmentsjerez.com\/fr\/wp-json\/wp\/v2\/pages"}],"about":[{"href":"https:\/\/www.homeapartmentsjerez.com\/fr\/wp-json\/wp\/v2\/types\/page"}],"author":[{"embeddable":true,"href":"https:\/\/www.homeapartmentsjerez.com\/fr\/wp-json\/wp\/v2\/users\/5"}],"replies":[{"embeddable":true,"href":"https:\/\/www.homeapartmentsjerez.com\/fr\/wp-json\/wp\/v2\/comments?post=8016"}],"version-history":[{"count":1,"href":"https:\/\/www.homeapartmentsjerez.com\/fr\/wp-json\/wp\/v2\/pages\/8016\/revisions"}],"predecessor-version":[{"id":8094,"href":"https:\/\/www.homeapartmentsjerez.com\/fr\/wp-json\/wp\/v2\/pages\/8016\/revisions\/8094"}],"wp:attachment":[{"href":"https:\/\/www.homeapartmentsjerez.com\/fr\/wp-json\/wp\/v2\/media?parent=8016"}],"curies":[{"name":"wp","href":"https:\/\/api.w.org\/{rel}","templated":true}]}}