

{"id":988,"date":"2017-06-29T15:46:43","date_gmt":"2017-06-29T15:46:43","guid":{"rendered":"https:\/\/www.homeapartmentsjerez.com\/about-jerez\/evenements\/"},"modified":"2025-03-15T13:02:59","modified_gmt":"2025-03-15T13:02:59","slug":"events","status":"publish","type":"page","link":"https:\/\/www.homeapartmentsjerez.com\/fr\/jerez\/events\/","title":{"rendered":"Activit\u00e9s"},"content":{"rendered":"<p>Jerez de la frontera comme les villes proches (Sanlucar de Barrameda, Sevilla) et villages (Vejer, Arcos, Ronda &#8230;) sont encr\u00e9s dans des traditions s\u00e9culaires.<\/p>\n<p>Vous d\u00e9taillez chacun des \u00e9v\u00e9nements serait fastidieux, voici donc un r\u00e9sum\u00e9 des temps forts tout au long de l&rsquo;ann\u00e9e et des liens pour avoir plus d&rsquo;informations.<\/p>\n<p>&nbsp;<\/p>\n<ul>\n<li><strong>Octobre\/Novembre<\/strong>\u00a0 Les vendanges finies depuis plusieurs mois le vin nouveau est c\u00e9l\u00e9br\u00e9. Par example \u00e0 \u00a0Sanlucar de Barrameda, ceci est appel\u00e9 \u00ab\u00a0La ruta del Mosto\u00a0\u00bb : pendant ces deux mois des lieux \u00e9ph\u00e9m\u00e8res (maison de particuliers inclus) et bars plus classiques \u00a0vous feront d\u00e9couvrir le vin nouveau (Mosto) accompagn\u00e9 de tapas maison qui ne se serviront que pendant cette p\u00e9riode.<\/li>\n<\/ul>\n<p>&nbsp;<\/p>\n<ul>\n<li><strong>Novembre\/D\u00e9cembre<\/strong>\u00a0commence dans la rue les chants de no\u00ebl mais avec des accents flamenco extr\u00eamement forts. Vous verrez dans les rue de Jerez de tr\u00e8s nombreux groupes de flamenco se produire gratuitement. Plus d&rsquo;informations, vous pouvez chercher sur internet Zambombas.<\/li>\n<\/ul>\n<p>&nbsp;<\/p>\n<ul>\n<li><a href=\"https:\/\/www.youtube.com\/watch?v=HrPV_c1feVU\" target=\"_blank\" rel=\"noopener\">https:\/\/www.youtube.com\/watch?v=HrPV_c1feVU<\/a><\/li>\n<li><a href=\"http:\/\/www.jerezsinfronteras.es\/zambombas-jerezanas-sin-fronteras\/\" target=\"_blank\" rel=\"noopener\">http:\/\/www.jerezsinfronteras.es\/zambombas-jerezanas-sin-fronteras\/<\/a><\/li>\n<li><a href=\"http:\/\/www.jerez.es\/especiales\/navidad\/zambombas\/\" target=\"_blank\" rel=\"noopener\">http:\/\/www.jerez.es\/especiales\/navidad\/zambombas\/<\/a><\/li>\n<\/ul>\n<p>&nbsp;<\/p>\n<ul>\n<li><strong>F\u00e9vrier\/Mars<\/strong>\u00a0sans aucun doute le festival de Flamenco de Jerez accapare toute l&rsquo;attention. Cela dure officiellement deux semaines mais une partie \u00ab\u00a0off\u00a0\u00bb tr\u00e8s importante a lieux avant, pendant et apr\u00e8s. Deux choses importantes \u00e0 savoir, Flamenco est un terme g\u00e9n\u00e9rique qui englobe des styles extr\u00e9mements diff\u00e9rents : Alegria, Bulleria, Sevillana, Fandango &#8230; Si vous n&rsquo;\u00eates pas un sp\u00e9cialiste, laissez de c\u00f4t\u00e9s toutes id\u00e9es pr\u00e9con\u00e7ues sur le Flamenco et ouvrez vous \u00e0 des mondes radicalement diff\u00e9rents. Pendant le festival, vous rencontrerez la plus part des personnalit\u00e9s qui composent la sc\u00e8ne Flamenco \u00e0 l&rsquo;\u00e9chelle mondiale ainsi qu&rsquo;\u00e0 peu pr\u00e8s toutes les nationalit\u00e9s. Ils passent quelques jours ou quelques semaines, \u00a0participent \u00e0 un spectacle ou donne des cours &#8230;. \u00a0L&rsquo;ambiance dans les bars y est aussi chaude que dans les tabancos&#8230;<\/li>\n<\/ul>\n<p>&nbsp;<\/p>\n<ul>\n<li><strong>Mars\/ Avril : <\/strong>La semaine sainte\u00a0(Semana Santa) est de loin l&rsquo;\u00e9v\u00e8nement catholique le plus c\u00e9l\u00e8bre du sud de l&rsquo;Espagne. Tout se passe dans la rue, aussi privil\u00e9gi\u00e9 de participer et voir la semaine sainte \u00e0 \u00a0Sanlucar de Barrameda ou Jerez de la Frontera ou vous vivrez cet \u00e9v\u00e9nement accompagn\u00e9 de quelques dizaine de milliers de locaux. Assister \u00e0 la semaine sainte \u00e0 \u00a0Seville c&rsquo;est \u00eatre dans la rue avec 700 000 personnes ! \u00a0Dans la pratique vous ne pourrez gu\u00e8re vous approcher des diff\u00e9rents \u00ab\u00a0pasos\u00a0\u00bb.<\/li>\n<\/ul>\n<p>&nbsp;<\/p>\n<ul>\n<li><a href=\"http:\/\/www.jerez.es\/especiales\/La%20Semana%20Santa\/?no_cache=1&amp;tx_ttnews[calendarYear]=2017&amp;tx_ttnews[calendarMonth]=4\" target=\"_blank\" rel=\"noopener\">http:\/\/www.jerez.es\/especiales\/La%20Semana%20Santa\/?no_cache=1&amp;tx_ttnews[calendarYear]=2017&amp;tx_ttnews[calendarMonth]=4<\/a><\/li>\n<li><a href=\"https:\/\/www.youtube.com\/watch?v=MLBK5b9I-YU\" target=\"_blank\" rel=\"noopener\">https:\/\/www.youtube.com\/watch?v=MLBK5b9I-YU<\/a><\/li>\n<\/ul>\n<p>&nbsp;<\/p>\n<p>&nbsp;<\/p>\n<ul>\n<li><strong>Avril\/Mai<\/strong>\u00a0 <strong>La FERIA<\/strong> est la \u00a0notion de \u00ab\u00a0f\u00eate du village\u00a0\u00bb (sauf que r\u00e9ellement tout le village participe), elle est compos\u00e9e d&rsquo;un village \u00e9ph\u00e9m\u00e8re \u00a0de maison de bois (Casetas) repr\u00e9sentant des associations ou entreprises avec des bars, restaurants, dancing \u00e0 l&rsquo;int\u00e9rieur. \u00a0Elle se situe dans le centre ville dans Sanlucar de Barrameda, dans un parc tr\u00e8s l\u00e9g\u00e8rement en dehors du centre historique \u00e0 Jerez.<\/li>\n<li>Que pouvez vous y attendre? : Dancer, chanter, manger, boire, voir toutes les formes de flamenco et cela pendant une semaine du milieu de l&rsquo;apr\u00e8s midi (heure du d\u00e9jeuner) au petit matin avec des groupes de musiques live dans la plus part des casetas.\n<ul>\n<li>Ne pensez pas trouver une organisation avec un agendas d&rsquo;\u00e9v\u00e8nements ! \u00a0Tout se passe partout , tout le temps ! Donc passez d&rsquo;une caseta \u00e0 une autre, d&rsquo;une calle \u00e0 une autre &#8230;. jusqu&rsquo;au petit matin<\/li>\n<\/ul>\n<\/li>\n<li>A Jerez et \u00a0Sanlucar de Barrameda vous aurez l&rsquo;impression de vivre r\u00e9ellement quelquechose d&rsquo;authentique et d&rsquo;inoubliable. A Seville les Casetas sont priv\u00e9es et vous avez besoin de pass sp\u00e9ciaux pour y acc\u00e9der qui ne peut pas s&rsquo;acheter (trop de succ\u00e8s, les touristes n&rsquo;y sont plus les bienvenus), vous pourrez donc voir de l&rsquo;ext\u00e9rieur que tout le monde danser, chanter, manger mais sans pouvoir y participer.<\/li>\n<\/ul>\n<p>&nbsp;<\/p>\n<ul>\n<li><strong>Mai\/ Octobre<\/strong> Tout le monde \u00e0 ma plage ! Jerez se situe a moins d&rsquo;une demi-heure de la plus part des plages (Sanlucar de barrameda, Chipiona, Rota, Cadiz). Quoi de mieux que de se balader sur la plage, nager et profiter le soir d&rsquo;un spectacle de flamenco, th\u00e9\u00e2tre et d&rsquo;un excellent diner.<\/li>\n<\/ul>\n<p>&nbsp;<\/p>\n<h3>et les sites web pour connaitre \u00e9v\u00e9nements :<\/h3>\n<p><a href=\"http:\/\/www.cadizturismo.com\/?set_language=en\">http:\/\/www.cadizturismo.com\/?set_language=en<\/a><\/p>\n<p><a href=\"http:\/\/www.jerez.es\/nc\/ciudad\/informacion_util\/agenda\/\" target=\"_blank\" rel=\"noopener\">http:\/\/www.jerez.es\/nc\/ciudad\/informacion_util\/agenda\/<\/a><\/p>\n<p><a href=\"https:\/\/www.andalucia.org\/en\/destinations\/touristiczones\/jerez-de-la-frontera\/resource\/visit\/\" target=\"_blank\" rel=\"noopener\">https:\/\/www.andalucia.org\/en\/destinations\/touristiczones\/jerez-de-la-frontera\/resource\/visit\/<\/a><\/p>\n","protected":false},"excerpt":{"rendered":"<p>Jerez de la frontera comme les villes proches (Sanlucar de Barrameda, Sevilla) et villages (Vejer, [&#038;hellip<\/p>\n","protected":false},"author":1,"featured_media":0,"parent":982,"menu_order":0,"comment_status":"closed","ping_status":"closed","template":"","meta":{"footnotes":""},"class_list":["post-988","page","type-page","status-publish","hentry"],"_links":{"self":[{"href":"https:\/\/www.homeapartmentsjerez.com\/fr\/wp-json\/wp\/v2\/pages\/988","targetHints":{"allow":["GET"]}}],"collection":[{"href":"https:\/\/www.homeapartmentsjerez.com\/fr\/wp-json\/wp\/v2\/pages"}],"about":[{"href":"https:\/\/www.homeapartmentsjerez.com\/fr\/wp-json\/wp\/v2\/types\/page"}],"author":[{"embeddable":true,"href":"https:\/\/www.homeapartmentsjerez.com\/fr\/wp-json\/wp\/v2\/users\/1"}],"replies":[{"embeddable":true,"href":"https:\/\/www.homeapartmentsjerez.com\/fr\/wp-json\/wp\/v2\/comments?post=988"}],"version-history":[{"count":10,"href":"https:\/\/www.homeapartmentsjerez.com\/fr\/wp-json\/wp\/v2\/pages\/988\/revisions"}],"predecessor-version":[{"id":3432,"href":"https:\/\/www.homeapartmentsjerez.com\/fr\/wp-json\/wp\/v2\/pages\/988\/revisions\/3432"}],"up":[{"embeddable":true,"href":"https:\/\/www.homeapartmentsjerez.com\/fr\/wp-json\/wp\/v2\/pages\/982"}],"wp:attachment":[{"href":"https:\/\/www.homeapartmentsjerez.com\/fr\/wp-json\/wp\/v2\/media?parent=988"}],"curies":[{"name":"wp","href":"https:\/\/api.w.org\/{rel}","templated":true}]}}