

{"id":991,"date":"2017-07-05T05:18:08","date_gmt":"2017-07-05T05:18:08","guid":{"rendered":"https:\/\/www.homeapartmentsjerez.com\/contactez-nous\/"},"modified":"2017-07-25T16:26:32","modified_gmt":"2017-07-25T16:26:32","slug":"contactez-nous","status":"publish","type":"page","link":"https:\/\/www.homeapartmentsjerez.com\/fr\/nous\/contactez-nous\/","title":{"rendered":"Contactez nous"},"content":{"rendered":"<h3>Email :\u00a0los.olivos.jerez@gmail.com<\/h3>\n<p>(Nous sommes presque tout le temps connect\u00e9)<\/p>\n<h2><\/h2>\n<h3>T\u00e9l\u00e9phone \/\u00a0Mobile<\/h3>\n<h3>Amelia +34 699 268 409<\/h3>\n<h3>Juan +34 669 407 410<\/h3>\n<p>(Nous utilisons massivement Whastapp en Espagne)<\/p>\n<p>&nbsp;<\/p>\n<h3>T\u00e9l\u00e9phone fixe \u00a0: + 34 956 923 504<\/h3>\n<p>(Nous ne sommes pas tr\u00e8s souvent \u00e0 la maison \u00e0 c\u00f4t\u00e9 du t\u00e9l\u00e9phone)<\/p>\n<h2><\/h2>\n<h3>KIK : juanamelia<\/h3>\n<p>(avec l&#8217;email suivant \u00a0jhmorel68@gmail.com et le portable +34669407410)<\/p>\n<h3>SKYPE : jhmorel68<\/h3>\n<p>(avec l&#8217;email suivant \u00a0jhmorel68@gmail.com et le portable +34669407410)<\/p>\n<h3>MESSENGER : jhmorel<\/h3>\n<p>(avec l&#8217;email suivant \u00a0jhmorel68@gmail.com et le portable +34669407410)<\/p>\n","protected":false},"excerpt":{"rendered":"<p>Email :\u00a0los.olivos.jerez@gmail.com (Nous sommes presque tout le temps connect\u00e9) T\u00e9l\u00e9phone \/\u00a0Mobile Amelia +34 699 268 [&#038;hellip<\/p>\n","protected":false},"author":1,"featured_media":0,"parent":992,"menu_order":0,"comment_status":"closed","ping_status":"closed","template":"","meta":{"footnotes":""},"class_list":["post-991","page","type-page","status-publish","hentry"],"_links":{"self":[{"href":"https:\/\/www.homeapartmentsjerez.com\/fr\/wp-json\/wp\/v2\/pages\/991","targetHints":{"allow":["GET"]}}],"collection":[{"href":"https:\/\/www.homeapartmentsjerez.com\/fr\/wp-json\/wp\/v2\/pages"}],"about":[{"href":"https:\/\/www.homeapartmentsjerez.com\/fr\/wp-json\/wp\/v2\/types\/page"}],"author":[{"embeddable":true,"href":"https:\/\/www.homeapartmentsjerez.com\/fr\/wp-json\/wp\/v2\/users\/1"}],"replies":[{"embeddable":true,"href":"https:\/\/www.homeapartmentsjerez.com\/fr\/wp-json\/wp\/v2\/comments?post=991"}],"version-history":[{"count":2,"href":"https:\/\/www.homeapartmentsjerez.com\/fr\/wp-json\/wp\/v2\/pages\/991\/revisions"}],"predecessor-version":[{"id":2501,"href":"https:\/\/www.homeapartmentsjerez.com\/fr\/wp-json\/wp\/v2\/pages\/991\/revisions\/2501"}],"up":[{"embeddable":true,"href":"https:\/\/www.homeapartmentsjerez.com\/fr\/wp-json\/wp\/v2\/pages\/992"}],"wp:attachment":[{"href":"https:\/\/www.homeapartmentsjerez.com\/fr\/wp-json\/wp\/v2\/media?parent=991"}],"curies":[{"name":"wp","href":"https:\/\/api.w.org\/{rel}","templated":true}]}}